{"id":1072,"date":"2021-10-04T16:54:19","date_gmt":"2021-10-04T16:54:19","guid":{"rendered":"https:\/\/www.izhiq.org.al\/?page_id=1072"},"modified":"2022-04-23T09:40:36","modified_gmt":"2022-04-23T09:40:36","slug":"te-rinjte","status":"publish","type":"page","link":"https:\/\/www.izhiq.org.al\/en\/te-rinjte\/","title":{"rendered":"Youth and their empowerment"},"content":{"rendered":"<div class=\"vc_row wpb_row vc_row-fluid\"><div class=\"wpb_column vc_column_container vc_col-sm-12\"><div class=\"vc_column-inner\"><div class=\"wpb_wrapper\">\n\t<div class=\"wpb_text_column wpb_content_element\" >\n\t\t<div class=\"wpb_wrapper\">\n\t\t\t<p><strong>Q\u00eb nga viti 2019, mobilizojm\u00eb, integrojm\u00eb dhe fuqizojm\u00eb potencialet e t\u00eb rinjve p\u00ebrmes aktiviteteve nd\u00ebrgjegj\u00ebsuese, informuese, avokuese e lobuese n\u00eb fushat e edukimit, medias, barazis\u00eb gjinore, sh\u00ebndetit dhe pun\u00ebsimit.<\/strong><br \/>\n<strong>IZHIQ has organized and coordinated various initiatives for youth exchanges, youth training, community services, programs at local, national and international level.<\/strong><br \/>\n<strong>K\u00ebto programe jan\u00eb mb\u00ebshtetur nga donator\u00eb t\u00eb huaj dhe shqiptar\u00eb, Acer &amp; Unicef Albania t\u00eb cil\u00ebt kan\u00eb vler\u00ebsuar principet dhe vlerat e organizat\u00ebs.<\/strong><br \/>\n<strong>N\u00eb Programin \u201cT\u00eb rinjt\u00eb dhe fuqizimi i tyre\u201d do t\u00eb gjeni disa nga projektet dhe aktivitetet q\u00eb organizata jon\u00eb ka implementuar nd\u00ebr vite, me fokus t\u00eb rinjt\u00eb, p\u00ebrmes mb\u00ebshtetjes financiare nga donator\u00eb t\u00eb ndrysh\u00ebm ose si nj\u00eb iniciativ\u00eb e IZHIQ.<\/strong><\/p>\n\n\t\t<\/div>\n\t<\/div>\n<\/div><\/div><\/div><\/div><div class=\"vc_row wpb_row vc_row-fluid\"><div class=\"wpb_column vc_column_container vc_col-sm-12\"><div class=\"vc_column-inner\"><div class=\"wpb_wrapper\"><div class=\"vc_custom_heading\" ><h2 style=\"text-align: center;font-family:Abril Fatface;font-weight:400;font-style:normal\" >Projects<\/h2><\/div>\n\t<div class=\"wpb_raw_code wpb_content_element wpb_raw_html vc_custom_1650706510680\" >\n\t\t<div class=\"wpb_wrapper\">\n\t\t\t<style type='text\/css' media='all'>#rt-tpg-container-1124563295 .rt-holder .rt-woo-info .price{color:#1e73be;}body .rt-tpg-container .rt-tpg-isotope-buttons .selected,\n\t\t\t\t\t#rt-tpg-container-1124563295 .layout12 .rt-holder:hover .rt-detail,\n\t\t\t\t\t#rt-tpg-container-1124563295 .isotope8 .rt-holder:hover .rt-detail,\n\t\t\t\t\t#rt-tpg-container-1124563295 .carousel8 .rt-holder:hover .rt-detail,\n\t\t\t\t\t#rt-tpg-container-1124563295 .layout13 .rt-holder .overlay .post-info,\n\t\t\t\t\t#rt-tpg-container-1124563295 .isotope9 .rt-holder .overlay .post-info,\n\t\t\t\t\t#rt-tpg-container-1124563295.rt-tpg-container .layout4 .rt-holder .rt-detail,\n\t\t\t\t\t.rt-modal-1124563295 .md-content,\n\t\t\t\t\t.rt-modal-1124563295 .md-content > .rt-md-content-holder .rt-md-content,\n\t\t\t\t\t.rt-popup-wrap-1124563295.rt-popup-wrap .rt-popup-navigation-wrap,\n\t\t\t\t\t#rt-tpg-container-1124563295 .carousel9 .rt-holder .overlay .post-info{background-color:#1e73be;}#rt-tpg-container-1124563295 .layout5 .rt-holder .overlay, #rt-tpg-container-1124563295 .isotope2 .rt-holder .overlay, #rt-tpg-container-1124563295 .carousel2 .rt-holder .overlay,#rt-tpg-container-1124563295 .layout15 .rt-holder h3, #rt-tpg-container-1124563295 .isotope11 .rt-holder h3, #rt-tpg-container-1124563295 .carousel11 .rt-holder h3, #rt-tpg-container-1124563295 .layout16 .rt-holder h3,\n\t\t\t\t\t#rt-tpg-container-1124563295 .isotope12 .rt-holder h3, #rt-tpg-container-1124563295 .carousel12 .rt-holder h3 {background-color:rgba(30,115,190,0.1);}#rt-tpg-container-1124563295 .read-more a{border-radius:4px;}#rt-tpg-container-1124563295 .rt-img-holder img.rt-img-responsive,#rt-tpg-container-1124563295 .rt-img-holder,\n\t\t\t\t\t#rt-tpg-container-1124563295 .rt-post-overlay .post-img,\n\t\t\t\t\t#rt-tpg-container-1124563295 .post-sm .post-img,\n\t\t\t\t\t#rt-tpg-container-1124563295 .rt-post-grid .post-img,\n\t\t\t\t\t#rt-tpg-container-1124563295 .post-img img {border-radius:px;}<\/style><div class='rt-container-fluid rt-tpg-container tpg-shortcode-main-wrapper' id='rt-tpg-container-1124563295'   data-layout='layout12' data-grid-style='even' data-desktop-col='3'  data-tab-col='2'  data-mobile-col='1' data-sc-id='2006'><div data-title='Loading ...' class='rt-row rt-content-loader   layout12 tpg-even'><div class=\"rt-col-md-4 rt-col-sm-6 rt-col-xs-12 even-grid-item rt-grid-item img_zoom_in\" data-id=\"2442\"><div class=\"rt-holder\"><div class=\"rt-img-holder\"><a data-id='2442' class='' href='https:\/\/www.izhiq.org.al\/en\/2025\/09\/04\/klos-te-rinjte-njihen-me-rendesine-e-kontratave-te-punes\/'><img loading=\"lazy\" decoding=\"async\" width=\"500\" height=\"306\" src=\"https:\/\/www.izhiq.org.al\/wp-content\/uploads\/2025\/09\/544976121_796223049592505_728961606074693728_n-500x306.jpg\" class=\"rt-img-responsive\" alt=\"\" \/><\/a><\/div> <div class='rt-detail'><div class='post-meta-user'><span class='date-meta'><i class='far fa-calendar-alt'><\/i>September 4, 2025<\/span><\/div><h3 class=\"entry-title\"><a data-id=\"2442\" class=\"\" href=\"https:\/\/www.izhiq.org.al\/en\/2025\/09\/04\/klos-te-rinjte-njihen-me-rendesine-e-kontratave-te-punes\/\">Klos: T\u00eb rinjt\u00eb njihen me r\u00ebnd\u00ebsin\u00eb e Kontratave t\u00eb Pun\u00ebs<\/a><\/h3><div class='post-meta left'><span class='read-more'><a data-id='2442' class='' href='https:\/\/www.izhiq.org.al\/en\/2025\/09\/04\/klos-te-rinjte-njihen-me-rendesine-e-kontratave-te-punes\/'>Lexo m\u00eb shum\u00eb<\/a><\/span><\/div><\/div><\/div><\/div><div class=\"rt-col-md-4 rt-col-sm-6 rt-col-xs-12 even-grid-item rt-grid-item img_zoom_in\" data-id=\"2440\"><div class=\"rt-holder\"><div class=\"rt-img-holder\"><a data-id='2440' class='' href='https:\/\/www.izhiq.org.al\/en\/2025\/09\/24\/perfaqesues-te-bashkise-berat-shoqeria-civile-dhe-te-rinjte-behen-pjese-e-fokus-grupit-mbi-punesimin-e-denje-2\/'><img loading=\"lazy\" decoding=\"async\" width=\"500\" height=\"306\" src=\"https:\/\/www.izhiq.org.al\/wp-content\/uploads\/2025\/09\/547249500_798821175999359_7336455880464813874_n-1-500x306.jpg\" class=\"rt-img-responsive\" alt=\"\" \/><\/a><\/div> <div class='rt-detail'><div class='post-meta-user'><span class='date-meta'><i class='far fa-calendar-alt'><\/i>September 24, 2025<\/span><\/div><h3 class=\"entry-title\"><a data-id=\"2440\" class=\"\" href=\"https:\/\/www.izhiq.org.al\/en\/2025\/09\/24\/perfaqesues-te-bashkise-berat-shoqeria-civile-dhe-te-rinjte-behen-pjese-e-fokus-grupit-mbi-punesimin-e-denje-2\/\">P\u00ebrfaqesues t\u00eb Bashkis\u00eb Berat, shoq\u00ebria civile dhe t\u00eb rinjt\u00eb b\u00ebhen pjes\u00eb e fokus-grupit mbi pun\u00ebsimin e denj\u00eb<\/a><\/h3><div class='post-meta left'><span class='read-more'><a data-id='2440' class='' href='https:\/\/www.izhiq.org.al\/en\/2025\/09\/24\/perfaqesues-te-bashkise-berat-shoqeria-civile-dhe-te-rinjte-behen-pjese-e-fokus-grupit-mbi-punesimin-e-denje-2\/'>Lexo m\u00eb shum\u00eb<\/a><\/span><\/div><\/div><\/div><\/div><div class=\"rt-col-md-4 rt-col-sm-6 rt-col-xs-12 even-grid-item rt-grid-item img_zoom_in\" data-id=\"1866\"><div class=\"rt-holder\"><div class=\"rt-img-holder\"><a data-id='1866' class='' href='https:\/\/www.izhiq.org.al\/en\/2022\/03\/09\/drejt-be-se-forcimi-i-shoqerise-civile-dhe-qeverisjes-vendore-per-nje-mbrojtje-me-te-mire-te-konsumatorit\/'><img loading=\"lazy\" decoding=\"async\" width=\"500\" height=\"306\" src=\"https:\/\/www.izhiq.org.al\/wp-content\/uploads\/2022\/03\/WhatsApp-Image-2022-03-08-at-1.39.24-PM-500x306.jpeg\" class=\"rt-img-responsive\" alt=\"\" \/><\/a><\/div> <div class='rt-detail'><div class='post-meta-user'><span class='date-meta'><i class='far fa-calendar-alt'><\/i>March 9, 2022<\/span><\/div><h3 class=\"entry-title\"><a data-id=\"1866\" class=\"\" href=\"https:\/\/www.izhiq.org.al\/en\/2022\/03\/09\/drejt-be-se-forcimi-i-shoqerise-civile-dhe-qeverisjes-vendore-per-nje-mbrojtje-me-te-mire-te-konsumatorit\/\">Drejt BE-s\u00eb: Forcimi i shoq\u00ebris\u00eb civile dhe qeverisjes vendore p\u00ebr nj\u00eb mbrojtje m\u00eb t\u00eb mir\u00eb t\u00eb konsumatorit<\/a><\/h3><div class='post-meta left'><span class='read-more'><a data-id='1866' class='' href='https:\/\/www.izhiq.org.al\/en\/2022\/03\/09\/drejt-be-se-forcimi-i-shoqerise-civile-dhe-qeverisjes-vendore-per-nje-mbrojtje-me-te-mire-te-konsumatorit\/'>Lexo m\u00eb shum\u00eb<\/a><\/span><\/div><\/div><\/div><\/div><\/div><div class='rt-pagination-wrap' data-total-pages='3' data-posts-per-page='3' data-type='pagination_ajax'  ><div class='rt-page-numbers'><\/div><\/div><\/div>\n\t\t<\/div>\n\t<\/div>\n<\/div><\/div><\/div><\/div><div class=\"vc_row wpb_row vc_row-fluid\"><div class=\"wpb_column vc_column_container vc_col-sm-12\"><div class=\"vc_column-inner\"><div class=\"wpb_wrapper\"><div class=\"vc_custom_heading\" ><h2 style=\"text-align: center;font-family:Abril Fatface;font-weight:400;font-style:normal\" >Events<\/h2><\/div>\n\t<div class=\"wpb_raw_code wpb_content_element wpb_raw_html vc_custom_1650706830645\" >\n\t\t<div class=\"wpb_wrapper\">\n\t\t\t<style type='text\/css' media='all'>#rt-tpg-container-3274895420 .rt-holder .rt-woo-info .price{color:#1e73be;}body .rt-tpg-container .rt-tpg-isotope-buttons .selected,\n\t\t\t\t\t#rt-tpg-container-3274895420 .layout12 .rt-holder:hover .rt-detail,\n\t\t\t\t\t#rt-tpg-container-3274895420 .isotope8 .rt-holder:hover .rt-detail,\n\t\t\t\t\t#rt-tpg-container-3274895420 .carousel8 .rt-holder:hover .rt-detail,\n\t\t\t\t\t#rt-tpg-container-3274895420 .layout13 .rt-holder .overlay .post-info,\n\t\t\t\t\t#rt-tpg-container-3274895420 .isotope9 .rt-holder .overlay .post-info,\n\t\t\t\t\t#rt-tpg-container-3274895420.rt-tpg-container .layout4 .rt-holder .rt-detail,\n\t\t\t\t\t.rt-modal-3274895420 .md-content,\n\t\t\t\t\t.rt-modal-3274895420 .md-content > .rt-md-content-holder .rt-md-content,\n\t\t\t\t\t.rt-popup-wrap-3274895420.rt-popup-wrap .rt-popup-navigation-wrap,\n\t\t\t\t\t#rt-tpg-container-3274895420 .carousel9 .rt-holder .overlay .post-info{background-color:#1e73be;}#rt-tpg-container-3274895420 .layout5 .rt-holder .overlay, #rt-tpg-container-3274895420 .isotope2 .rt-holder .overlay, #rt-tpg-container-3274895420 .carousel2 .rt-holder .overlay,#rt-tpg-container-3274895420 .layout15 .rt-holder h3, #rt-tpg-container-3274895420 .isotope11 .rt-holder h3, #rt-tpg-container-3274895420 .carousel11 .rt-holder h3, #rt-tpg-container-3274895420 .layout16 .rt-holder h3,\n\t\t\t\t\t#rt-tpg-container-3274895420 .isotope12 .rt-holder h3, #rt-tpg-container-3274895420 .carousel12 .rt-holder h3 {background-color:rgba(30,115,190,0.1);}#rt-tpg-container-3274895420 .read-more a{border-radius:4px;}#rt-tpg-container-3274895420 .rt-img-holder img.rt-img-responsive,#rt-tpg-container-3274895420 .rt-img-holder,\n\t\t\t\t\t#rt-tpg-container-3274895420 .rt-post-overlay .post-img,\n\t\t\t\t\t#rt-tpg-container-3274895420 .post-sm .post-img,\n\t\t\t\t\t#rt-tpg-container-3274895420 .rt-post-grid .post-img,\n\t\t\t\t\t#rt-tpg-container-3274895420 .post-img img {border-radius:px;}<\/style><div class='rt-container-fluid rt-tpg-container tpg-shortcode-main-wrapper' id='rt-tpg-container-3274895420'   data-layout='layout12' data-grid-style='even' data-desktop-col='3'  data-tab-col='2'  data-mobile-col='1' data-sc-id='2009'><div data-title='Loading ...' class='rt-row rt-content-loader   layout12 tpg-even'><div class=\"rt-col-md-4 rt-col-sm-6 rt-col-xs-12 even-grid-item rt-grid-item img_zoom_in\" data-id=\"2442\"><div class=\"rt-holder\"><div class=\"rt-img-holder\"><a data-id='2442' class='' href='https:\/\/www.izhiq.org.al\/en\/2025\/09\/04\/klos-te-rinjte-njihen-me-rendesine-e-kontratave-te-punes\/'><img loading=\"lazy\" decoding=\"async\" width=\"500\" height=\"306\" src=\"https:\/\/www.izhiq.org.al\/wp-content\/uploads\/2025\/09\/544976121_796223049592505_728961606074693728_n-500x306.jpg\" class=\"rt-img-responsive\" alt=\"\" \/><\/a><\/div> <div class='rt-detail'><div class='post-meta-user'><span class='date-meta'><i class='far fa-calendar-alt'><\/i>September 4, 2025<\/span><\/div><h3 class=\"entry-title\"><a data-id=\"2442\" class=\"\" href=\"https:\/\/www.izhiq.org.al\/en\/2025\/09\/04\/klos-te-rinjte-njihen-me-rendesine-e-kontratave-te-punes\/\">Klos: T\u00eb rinjt\u00eb njihen me r\u00ebnd\u00ebsin\u00eb e Kontratave t\u00eb Pun\u00ebs<\/a><\/h3><div class='post-meta'><span class='read-more'><a data-id='2442' class='' href='https:\/\/www.izhiq.org.al\/en\/2025\/09\/04\/klos-te-rinjte-njihen-me-rendesine-e-kontratave-te-punes\/'>Lexo m\u00eb shum\u00eb<\/a><\/span><\/div><\/div><\/div><\/div><div class=\"rt-col-md-4 rt-col-sm-6 rt-col-xs-12 even-grid-item rt-grid-item img_zoom_in\" data-id=\"2440\"><div class=\"rt-holder\"><div class=\"rt-img-holder\"><a data-id='2440' class='' href='https:\/\/www.izhiq.org.al\/en\/2025\/09\/24\/perfaqesues-te-bashkise-berat-shoqeria-civile-dhe-te-rinjte-behen-pjese-e-fokus-grupit-mbi-punesimin-e-denje-2\/'><img loading=\"lazy\" decoding=\"async\" width=\"500\" height=\"306\" src=\"https:\/\/www.izhiq.org.al\/wp-content\/uploads\/2025\/09\/547249500_798821175999359_7336455880464813874_n-1-500x306.jpg\" class=\"rt-img-responsive\" alt=\"\" \/><\/a><\/div> <div class='rt-detail'><div class='post-meta-user'><span class='date-meta'><i class='far fa-calendar-alt'><\/i>September 24, 2025<\/span><\/div><h3 class=\"entry-title\"><a data-id=\"2440\" class=\"\" href=\"https:\/\/www.izhiq.org.al\/en\/2025\/09\/24\/perfaqesues-te-bashkise-berat-shoqeria-civile-dhe-te-rinjte-behen-pjese-e-fokus-grupit-mbi-punesimin-e-denje-2\/\">P\u00ebrfaqesues t\u00eb Bashkis\u00eb Berat, shoq\u00ebria civile dhe t\u00eb rinjt\u00eb b\u00ebhen pjes\u00eb e fokus-grupit mbi pun\u00ebsimin e denj\u00eb<\/a><\/h3><div class='post-meta'><span class='read-more'><a data-id='2440' class='' href='https:\/\/www.izhiq.org.al\/en\/2025\/09\/24\/perfaqesues-te-bashkise-berat-shoqeria-civile-dhe-te-rinjte-behen-pjese-e-fokus-grupit-mbi-punesimin-e-denje-2\/'>Lexo m\u00eb shum\u00eb<\/a><\/span><\/div><\/div><\/div><\/div><div class=\"rt-col-md-4 rt-col-sm-6 rt-col-xs-12 even-grid-item rt-grid-item img_zoom_in\" data-id=\"2435\"><div class=\"rt-holder\"><div class=\"rt-img-holder\"><a data-id='2435' class='' href='https:\/\/www.izhiq.org.al\/en\/2025\/09\/12\/perfaqesues-te-bashkise-berat-shoqeria-civile-dhe-te-rinjte-behen-pjese-e-fokus-grupit-mbi-punesimin-e-denje\/'><img loading=\"lazy\" decoding=\"async\" width=\"500\" height=\"306\" src=\"https:\/\/www.izhiq.org.al\/wp-content\/uploads\/2025\/09\/547249500_798821175999359_7336455880464813874_n-500x306.jpg\" class=\"rt-img-responsive\" alt=\"\" \/><\/a><\/div> <div class='rt-detail'><div class='post-meta-user'><span class='date-meta'><i class='far fa-calendar-alt'><\/i>September 12, 2025<\/span><\/div><h3 class=\"entry-title\"><a data-id=\"2435\" class=\"\" href=\"https:\/\/www.izhiq.org.al\/en\/2025\/09\/12\/perfaqesues-te-bashkise-berat-shoqeria-civile-dhe-te-rinjte-behen-pjese-e-fokus-grupit-mbi-punesimin-e-denje\/\">P\u00ebrfaqesues t\u00eb Bashkis\u00eb Berat, shoq\u00ebria civile dhe t\u00eb rinjt\u00eb b\u00ebhen pjes\u00eb e fokus-grupit mbi pun\u00ebsimin e denj\u00eb<\/a><\/h3><div class='post-meta'><span class='read-more'><a data-id='2435' class='' href='https:\/\/www.izhiq.org.al\/en\/2025\/09\/12\/perfaqesues-te-bashkise-berat-shoqeria-civile-dhe-te-rinjte-behen-pjese-e-fokus-grupit-mbi-punesimin-e-denje\/'>Lexo m\u00eb shum\u00eb<\/a><\/span><\/div><\/div><\/div><\/div><\/div><div class='rt-pagination-wrap' data-total-pages='7' data-posts-per-page='3' data-type='pagination_ajax'  ><div class='rt-page-numbers'><\/div><\/div><\/div>\n\t\t<\/div>\n\t<\/div>\n<\/div><\/div><\/div><\/div>","protected":false},"excerpt":{"rendered":"N\u00eb k\u00ebt\u00eb takim mor\u00ebn pjes\u00eb 16 pjes\u00ebmarr\u00ebs \u2013 t\u00eb rinj t\u00eb pun\u00ebsuar (16\u201329 vje\u00e7), p\u00ebrfaq\u00ebsues t\u00eb shoq\u00ebris\u00eb civile dhe p\u00ebrfaq\u00ebsues t\u00eb ...","protected":false},"author":1,"featured_media":0,"parent":0,"menu_order":0,"comment_status":"closed","ping_status":"closed","template":"","meta":{"_vp_format_video_url":"","_vp_image_focal_point":[],"footnotes":"","_links_to":"","_links_to_target":""},"class_list":["post-1072","page","type-page","status-publish","hentry"],"yoast_head":"<!-- This site is optimized with the Yoast SEO plugin v27.4 - https:\/\/yoast.com\/product\/yoast-seo-wordpress\/ -->\n<title>T\u00eb rinjt\u00eb dhe fuqizimi i tyre - Instituti per Zhvillim dhe Inisiativa Qytetare<\/title>\n<meta name=\"robots\" content=\"index, follow, max-snippet:-1, max-image-preview:large, max-video-preview:-1\" \/>\n<link rel=\"canonical\" href=\"https:\/\/www.izhiq.org.al\/en\/te-rinjte\/\" \/>\n<meta property=\"og:locale\" content=\"en_US\" \/>\n<meta property=\"og:type\" content=\"article\" \/>\n<meta property=\"og:title\" content=\"T\u00eb rinjt\u00eb dhe fuqizimi i tyre - Instituti per Zhvillim dhe Inisiativa Qytetare\" \/>\n<meta property=\"og:url\" content=\"https:\/\/www.izhiq.org.al\/en\/te-rinjte\/\" \/>\n<meta property=\"og:site_name\" content=\"Instituti per Zhvillim dhe Inisiativa Qytetare\" \/>\n<meta property=\"article:modified_time\" content=\"2022-04-23T09:40:36+00:00\" \/>\n<meta name=\"twitter:card\" content=\"summary_large_image\" \/>\n<meta name=\"twitter:label1\" content=\"Est. reading time\" \/>\n\t<meta name=\"twitter:data1\" content=\"1 minute\" \/>\n<script type=\"application\/ld+json\" class=\"yoast-schema-graph\">{\"@context\":\"https:\\\/\\\/schema.org\",\"@graph\":[{\"@type\":\"WebPage\",\"@id\":\"https:\\\/\\\/www.izhiq.org.al\\\/te-rinjte\\\/\",\"url\":\"https:\\\/\\\/www.izhiq.org.al\\\/te-rinjte\\\/\",\"name\":\"T\u00eb rinjt\u00eb dhe fuqizimi i tyre - Instituti per Zhvillim dhe Inisiativa Qytetare\",\"isPartOf\":{\"@id\":\"https:\\\/\\\/www.izhiq.org.al\\\/#website\"},\"datePublished\":\"2021-10-04T16:54:19+00:00\",\"dateModified\":\"2022-04-23T09:40:36+00:00\",\"breadcrumb\":{\"@id\":\"https:\\\/\\\/www.izhiq.org.al\\\/te-rinjte\\\/#breadcrumb\"},\"inLanguage\":\"en-US\",\"potentialAction\":[{\"@type\":\"ReadAction\",\"target\":[\"https:\\\/\\\/www.izhiq.org.al\\\/te-rinjte\\\/\"]}]},{\"@type\":\"BreadcrumbList\",\"@id\":\"https:\\\/\\\/www.izhiq.org.al\\\/te-rinjte\\\/#breadcrumb\",\"itemListElement\":[{\"@type\":\"ListItem\",\"position\":1,\"name\":\"Home\",\"item\":\"https:\\\/\\\/www.izhiq.org.al\\\/\"},{\"@type\":\"ListItem\",\"position\":2,\"name\":\"T\u00eb rinjt\u00eb dhe fuqizimi i tyre\"}]},{\"@type\":\"WebSite\",\"@id\":\"https:\\\/\\\/www.izhiq.org.al\\\/#website\",\"url\":\"https:\\\/\\\/www.izhiq.org.al\\\/\",\"name\":\"Instituti per Zhvillim dhe Inisiativa Qytetare\",\"description\":\"Instituti per Zhvillim dhe Inisiativa Qytetare\",\"potentialAction\":[{\"@type\":\"SearchAction\",\"target\":{\"@type\":\"EntryPoint\",\"urlTemplate\":\"https:\\\/\\\/www.izhiq.org.al\\\/?s={search_term_string}\"},\"query-input\":{\"@type\":\"PropertyValueSpecification\",\"valueRequired\":true,\"valueName\":\"search_term_string\"}}],\"inLanguage\":\"en-US\"}]}<\/script>\n<!-- \/ Yoast SEO plugin. -->","yoast_head_json":{"title":"T\u00eb rinjt\u00eb dhe fuqizimi i tyre - Instituti per Zhvillim dhe Inisiativa Qytetare","robots":{"index":"index","follow":"follow","max-snippet":"max-snippet:-1","max-image-preview":"max-image-preview:large","max-video-preview":"max-video-preview:-1"},"canonical":"https:\/\/www.izhiq.org.al\/en\/te-rinjte\/","og_locale":"en_US","og_type":"article","og_title":"T\u00eb rinjt\u00eb dhe fuqizimi i tyre - Instituti per Zhvillim dhe Inisiativa Qytetare","og_url":"https:\/\/www.izhiq.org.al\/en\/te-rinjte\/","og_site_name":"Instituti per Zhvillim dhe Inisiativa Qytetare","article_modified_time":"2022-04-23T09:40:36+00:00","twitter_card":"summary_large_image","twitter_misc":{"Est. reading time":"1 minute"},"schema":{"@context":"https:\/\/schema.org","@graph":[{"@type":"WebPage","@id":"https:\/\/www.izhiq.org.al\/te-rinjte\/","url":"https:\/\/www.izhiq.org.al\/te-rinjte\/","name":"T\u00eb rinjt\u00eb dhe fuqizimi i tyre - Instituti per Zhvillim dhe Inisiativa Qytetare","isPartOf":{"@id":"https:\/\/www.izhiq.org.al\/#website"},"datePublished":"2021-10-04T16:54:19+00:00","dateModified":"2022-04-23T09:40:36+00:00","breadcrumb":{"@id":"https:\/\/www.izhiq.org.al\/te-rinjte\/#breadcrumb"},"inLanguage":"en-US","potentialAction":[{"@type":"ReadAction","target":["https:\/\/www.izhiq.org.al\/te-rinjte\/"]}]},{"@type":"BreadcrumbList","@id":"https:\/\/www.izhiq.org.al\/te-rinjte\/#breadcrumb","itemListElement":[{"@type":"ListItem","position":1,"name":"Home","item":"https:\/\/www.izhiq.org.al\/"},{"@type":"ListItem","position":2,"name":"T\u00eb rinjt\u00eb dhe fuqizimi i tyre"}]},{"@type":"WebSite","@id":"https:\/\/www.izhiq.org.al\/#website","url":"https:\/\/www.izhiq.org.al\/","name":"Instituti per Zhvillim dhe Inisiativa Qytetare","description":"Instituti per Zhvillim dhe Inisiativa Qytetare","potentialAction":[{"@type":"SearchAction","target":{"@type":"EntryPoint","urlTemplate":"https:\/\/www.izhiq.org.al\/?s={search_term_string}"},"query-input":{"@type":"PropertyValueSpecification","valueRequired":true,"valueName":"search_term_string"}}],"inLanguage":"en-US"}]}},"rttpg_featured_image_url":null,"rttpg_author":{"display_name":"izhiqytetare_10ociur3","author_link":"https:\/\/www.izhiq.org.al\/en\/author\/izhiqytetare_10ociur3\/"},"rttpg_comment":0,"rttpg_category":"","rttpg_excerpt":null,"_links":{"self":[{"href":"https:\/\/www.izhiq.org.al\/en\/wp-json\/wp\/v2\/pages\/1072","targetHints":{"allow":["GET"]}}],"collection":[{"href":"https:\/\/www.izhiq.org.al\/en\/wp-json\/wp\/v2\/pages"}],"about":[{"href":"https:\/\/www.izhiq.org.al\/en\/wp-json\/wp\/v2\/types\/page"}],"author":[{"embeddable":true,"href":"https:\/\/www.izhiq.org.al\/en\/wp-json\/wp\/v2\/users\/1"}],"replies":[{"embeddable":true,"href":"https:\/\/www.izhiq.org.al\/en\/wp-json\/wp\/v2\/comments?post=1072"}],"version-history":[{"count":12,"href":"https:\/\/www.izhiq.org.al\/en\/wp-json\/wp\/v2\/pages\/1072\/revisions"}],"predecessor-version":[{"id":2010,"href":"https:\/\/www.izhiq.org.al\/en\/wp-json\/wp\/v2\/pages\/1072\/revisions\/2010"}],"wp:attachment":[{"href":"https:\/\/www.izhiq.org.al\/en\/wp-json\/wp\/v2\/media?parent=1072"}],"curies":[{"name":"wp","href":"https:\/\/api.w.org\/{rel}","templated":true}]}}