{"id":1077,"date":"2021-10-04T17:05:33","date_gmt":"2021-10-04T17:05:33","guid":{"rendered":"https:\/\/www.izhiq.org.al\/?page_id=1077"},"modified":"2022-04-29T00:58:49","modified_gmt":"2022-04-29T00:58:49","slug":"fuqizimi-i-gruas","status":"publish","type":"page","link":"https:\/\/www.izhiq.org.al\/en\/fuqizimi-i-gruas\/","title":{"rendered":"Gender issues and women's empowerment"},"content":{"rendered":"<div class=\"vc_row wpb_row vc_row-fluid\"><div class=\"wpb_column vc_column_container vc_col-sm-12\"><div class=\"vc_column-inner\"><div class=\"wpb_wrapper\">\n\t<div class=\"wpb_text_column wpb_content_element\" >\n\t\t<div class=\"wpb_wrapper\">\n\t\t\t<div class=\"et_pb_module et_pb_text et_pb_text_0 et_pb_text_align_left et_pb_bg_layout_light et_had_animation\">\n<div class=\"et_pb_text_inner\">\n<h2><strong>The empowerment of women is the empowerment of the family and society!<\/strong><\/h2>\n<\/div>\n<\/div>\n<div class=\"et_pb_module et_pb_text et_pb_text_1 et_pb_text_align_left et_pb_bg_layout_light et_had_animation\">\n<div class=\"et_pb_text_inner\">\n<p><strong>The Institute for Development and Civic Initiative protects and promotes women's rights in all areas of life and is committed to enforcing legislation by all actors to prevent and eliminate all forms of violence.<\/strong><br \/>\n<strong>Through projects and initiatives undertaken over the years, IZHIQ has aimed to support Albanian women, whose role as mother, wife, sister, daughter, head of household, entrepreneur, is very important for the advancement of the Albanian economy and society.<\/strong><br \/>\n<strong>The focus of the association is the capacity building of women and in particular the economic empowerment of Albanian women through integration in the labor market and providing support for the establishment and expansion of sustainable and competitive enterprises in the market.<\/strong><\/p>\n<\/div>\n<\/div>\n\n\t\t<\/div>\n\t<\/div>\n<\/div><\/div><\/div><\/div><div class=\"vc_row wpb_row vc_row-fluid\"><div class=\"wpb_column vc_column_container vc_col-sm-12\"><div class=\"vc_column-inner\"><div class=\"wpb_wrapper\"><div class=\"vc_custom_heading\" ><h2 style=\"text-align: center;font-family:Abril Fatface;font-weight:400;font-style:normal\" >Projects<\/h2><\/div>\n\t<div class=\"wpb_raw_code wpb_content_element wpb_raw_html vc_custom_1651193788036\" >\n\t\t<div class=\"wpb_wrapper\">\n\t\t\t<style type='text\/css' media='all'>#rt-tpg-container-2431512624 .rt-holder .rt-woo-info .price{color:#1e73be;}body .rt-tpg-container .rt-tpg-isotope-buttons .selected,\n\t\t\t\t\t#rt-tpg-container-2431512624 .layout12 .rt-holder:hover .rt-detail,\n\t\t\t\t\t#rt-tpg-container-2431512624 .isotope8 .rt-holder:hover .rt-detail,\n\t\t\t\t\t#rt-tpg-container-2431512624 .carousel8 .rt-holder:hover .rt-detail,\n\t\t\t\t\t#rt-tpg-container-2431512624 .layout13 .rt-holder .overlay .post-info,\n\t\t\t\t\t#rt-tpg-container-2431512624 .isotope9 .rt-holder .overlay .post-info,\n\t\t\t\t\t#rt-tpg-container-2431512624.rt-tpg-container .layout4 .rt-holder .rt-detail,\n\t\t\t\t\t.rt-modal-2431512624 .md-content,\n\t\t\t\t\t.rt-modal-2431512624 .md-content > .rt-md-content-holder .rt-md-content,\n\t\t\t\t\t.rt-popup-wrap-2431512624.rt-popup-wrap .rt-popup-navigation-wrap,\n\t\t\t\t\t#rt-tpg-container-2431512624 .carousel9 .rt-holder .overlay .post-info{background-color:#1e73be;}#rt-tpg-container-2431512624 .layout5 .rt-holder .overlay, #rt-tpg-container-2431512624 .isotope2 .rt-holder .overlay, #rt-tpg-container-2431512624 .carousel2 .rt-holder .overlay,#rt-tpg-container-2431512624 .layout15 .rt-holder h3, #rt-tpg-container-2431512624 .isotope11 .rt-holder h3, #rt-tpg-container-2431512624 .carousel11 .rt-holder h3, #rt-tpg-container-2431512624 .layout16 .rt-holder h3,\n\t\t\t\t\t#rt-tpg-container-2431512624 .isotope12 .rt-holder h3, #rt-tpg-container-2431512624 .carousel12 .rt-holder h3 {background-color:rgba(30,115,190,0.1);}#rt-tpg-container-2431512624 .read-more a{border-radius:4px;}#rt-tpg-container-2431512624 .rt-img-holder img.rt-img-responsive,#rt-tpg-container-2431512624 .rt-img-holder,\n\t\t\t\t\t#rt-tpg-container-2431512624 .rt-post-overlay .post-img,\n\t\t\t\t\t#rt-tpg-container-2431512624 .post-sm .post-img,\n\t\t\t\t\t#rt-tpg-container-2431512624 .rt-post-grid .post-img,\n\t\t\t\t\t#rt-tpg-container-2431512624 .post-img img {border-radius:px;}<\/style><div class='rt-container-fluid rt-tpg-container tpg-shortcode-main-wrapper' id='rt-tpg-container-2431512624'   data-layout='layout12' data-grid-style='even' data-desktop-col='3'  data-tab-col='2'  data-mobile-col='1' data-sc-id='2100'><div data-title='Loading ...' class='rt-row rt-content-loader   layout12 tpg-even'><div class=\"rt-col-md-4 rt-col-sm-6 rt-col-xs-12 even-grid-item rt-grid-item img_zoom_in\" data-id=\"2360\"><div class=\"rt-holder\"><div class=\"rt-img-holder\"><a data-id='2360' class='' href='https:\/\/www.izhiq.org.al\/en\/2023\/05\/12\/fisnike-fida-historia-e-nje-biznesi-jo-formal-ne-grev-diber-bujtine-djathe-baxho\/'><img loading=\"lazy\" decoding=\"async\" width=\"500\" height=\"306\" src=\"https:\/\/www.izhiq.org.al\/wp-content\/uploads\/2023\/05\/1-500x306.png\" class=\"rt-img-responsive\" alt=\"\" \/><\/a><\/div> <div class='rt-detail'><div class='post-meta-user'><span class='date-meta'><i class='far fa-calendar-alt'><\/i>May 12, 2023<\/span><\/div><h3 class=\"entry-title\"><a data-id=\"2360\" class=\"\" href=\"https:\/\/www.izhiq.org.al\/en\/2023\/05\/12\/fisnike-fida-historia-e-nje-biznesi-jo-formal-ne-grev-diber-bujtine-djathe-baxho\/\">Fisnike Fida, Historia e nj\u00eb biznesi jo-formal n\u00eb Grev, Dib\u00ebr: Bujtin\u00eb, djath\u00eb, baxho<\/a><\/h3><div class='post-meta'><span class='read-more'><a data-id='2360' class='' href='https:\/\/www.izhiq.org.al\/en\/2023\/05\/12\/fisnike-fida-historia-e-nje-biznesi-jo-formal-ne-grev-diber-bujtine-djathe-baxho\/'>Lexo m\u00eb shum\u00eb<\/a><\/span><\/div><\/div><\/div><\/div><div class=\"rt-col-md-4 rt-col-sm-6 rt-col-xs-12 even-grid-item rt-grid-item img_zoom_in\" data-id=\"2354\"><div class=\"rt-holder\"><div class=\"rt-img-holder\"><a data-id='2354' class='' href='https:\/\/www.izhiq.org.al\/en\/2023\/04\/20\/historia-e-nje-biznesi-jo-formal-ne-stravec-diber-komposto-recelera-shurupra-etj\/'><img loading=\"lazy\" decoding=\"async\" width=\"500\" height=\"306\" src=\"https:\/\/www.izhiq.org.al\/wp-content\/uploads\/2023\/04\/1-500x306.png\" class=\"rt-img-responsive\" alt=\"\" \/><\/a><\/div> <div class='rt-detail'><div class='post-meta-user'><span class='date-meta'><i class='far fa-calendar-alt'><\/i>April 20, 2023<\/span><\/div><h3 class=\"entry-title\"><a data-id=\"2354\" class=\"\" href=\"https:\/\/www.izhiq.org.al\/en\/2023\/04\/20\/historia-e-nje-biznesi-jo-formal-ne-stravec-diber-komposto-recelera-shurupra-etj\/\">Historia e nj\u00eb biznesi jo-formal n\u00eb Stravec, Dib\u00ebr: Komposto, re\u00e7el\u00ebra, shurupra etj.<\/a><\/h3><div class='post-meta'><span class='read-more'><a data-id='2354' class='' href='https:\/\/www.izhiq.org.al\/en\/2023\/04\/20\/historia-e-nje-biznesi-jo-formal-ne-stravec-diber-komposto-recelera-shurupra-etj\/'>Lexo m\u00eb shum\u00eb<\/a><\/span><\/div><\/div><\/div><\/div><div class=\"rt-col-md-4 rt-col-sm-6 rt-col-xs-12 even-grid-item rt-grid-item img_zoom_in\" data-id=\"2326\"><div class=\"rt-holder\"><div class=\"rt-img-holder\"><a data-id='2326' class='' href='https:\/\/www.izhiq.org.al\/en\/2023\/03\/13\/2326\/'><img loading=\"lazy\" decoding=\"async\" width=\"500\" height=\"306\" src=\"https:\/\/www.izhiq.org.al\/wp-content\/uploads\/2023\/03\/WhatsApp-Image-2023-03-13-at-9.45.54-AM-1-500x306.jpeg\" class=\"rt-img-responsive\" alt=\"\" \/><\/a><\/div> <div class='rt-detail'><div class='post-meta-user'><span class='date-meta'><i class='far fa-calendar-alt'><\/i>March 13, 2023<\/span><\/div><h3 class=\"entry-title\"><a data-id=\"2326\" class=\"\" href=\"https:\/\/www.izhiq.org.al\/en\/2023\/03\/13\/2326\/\"><\/a><\/h3><div class='post-meta'><span class='read-more'><a data-id='2326' class='' href='https:\/\/www.izhiq.org.al\/en\/2023\/03\/13\/2326\/'>Lexo m\u00eb shum\u00eb<\/a><\/span><\/div><\/div><\/div><\/div><\/div><div class='rt-pagination-wrap' data-total-pages='3' data-posts-per-page='3' data-type='pagination_ajax'  ><div class='rt-page-numbers'><\/div><\/div><\/div>\n\t\t<\/div>\n\t<\/div>\n<\/div><\/div><\/div><\/div><div class=\"vc_row wpb_row vc_row-fluid\"><div class=\"wpb_column vc_column_container vc_col-sm-12\"><div class=\"vc_column-inner\"><div class=\"wpb_wrapper\"><div class=\"vc_custom_heading\" ><h2 style=\"text-align: center;font-family:Abril Fatface;font-weight:400;font-style:normal\" >Events<\/h2><\/div>\n\t<div class=\"wpb_raw_code wpb_content_element wpb_raw_html vc_custom_1651193925480\" >\n\t\t<div class=\"wpb_wrapper\">\n\t\t\t<style type='text\/css' media='all'>#rt-tpg-container-3793210819 .rt-holder .rt-woo-info .price{color:#1e73be;}body .rt-tpg-container .rt-tpg-isotope-buttons .selected,\n\t\t\t\t\t#rt-tpg-container-3793210819 .layout12 .rt-holder:hover .rt-detail,\n\t\t\t\t\t#rt-tpg-container-3793210819 .isotope8 .rt-holder:hover .rt-detail,\n\t\t\t\t\t#rt-tpg-container-3793210819 .carousel8 .rt-holder:hover .rt-detail,\n\t\t\t\t\t#rt-tpg-container-3793210819 .layout13 .rt-holder .overlay .post-info,\n\t\t\t\t\t#rt-tpg-container-3793210819 .isotope9 .rt-holder .overlay .post-info,\n\t\t\t\t\t#rt-tpg-container-3793210819.rt-tpg-container .layout4 .rt-holder .rt-detail,\n\t\t\t\t\t.rt-modal-3793210819 .md-content,\n\t\t\t\t\t.rt-modal-3793210819 .md-content > .rt-md-content-holder .rt-md-content,\n\t\t\t\t\t.rt-popup-wrap-3793210819.rt-popup-wrap .rt-popup-navigation-wrap,\n\t\t\t\t\t#rt-tpg-container-3793210819 .carousel9 .rt-holder .overlay .post-info{background-color:#1e73be;}#rt-tpg-container-3793210819 .layout5 .rt-holder .overlay, #rt-tpg-container-3793210819 .isotope2 .rt-holder .overlay, #rt-tpg-container-3793210819 .carousel2 .rt-holder .overlay,#rt-tpg-container-3793210819 .layout15 .rt-holder h3, #rt-tpg-container-3793210819 .isotope11 .rt-holder h3, #rt-tpg-container-3793210819 .carousel11 .rt-holder h3, #rt-tpg-container-3793210819 .layout16 .rt-holder h3,\n\t\t\t\t\t#rt-tpg-container-3793210819 .isotope12 .rt-holder h3, #rt-tpg-container-3793210819 .carousel12 .rt-holder h3 {background-color:rgba(30,115,190,0.1);}#rt-tpg-container-3793210819 .read-more a{border-radius:4px;}#rt-tpg-container-3793210819 .rt-img-holder img.rt-img-responsive,#rt-tpg-container-3793210819 .rt-img-holder,\n\t\t\t\t\t#rt-tpg-container-3793210819 .rt-post-overlay .post-img,\n\t\t\t\t\t#rt-tpg-container-3793210819 .post-sm .post-img,\n\t\t\t\t\t#rt-tpg-container-3793210819 .rt-post-grid .post-img,\n\t\t\t\t\t#rt-tpg-container-3793210819 .post-img img {border-radius:px;}<\/style><div class='rt-container-fluid rt-tpg-container tpg-shortcode-main-wrapper' id='rt-tpg-container-3793210819'   data-layout='layout12' data-grid-style='even' data-desktop-col='3'  data-tab-col='2'  data-mobile-col='1' data-sc-id='2102'><div data-title='Loading ...' class='rt-row rt-content-loader   layout12 tpg-even'><div class=\"rt-col-md-4 rt-col-sm-6 rt-col-xs-12 even-grid-item rt-grid-item img_zoom_in\" data-id=\"2475\"><div class=\"rt-holder\"><div class=\"rt-img-holder\"><a data-id='2475' class='' href='https:\/\/www.izhiq.org.al\/wp-content\/uploads\/2025\/10\/IZHIQ-AWEN-Diskriminimi-i-grave-per-shkak-te-shtatzanise-2.pdf'><img loading=\"lazy\" decoding=\"async\" width=\"500\" height=\"306\" src=\"https:\/\/www.izhiq.org.al\/wp-content\/uploads\/2025\/10\/vleresim-nevojash-500x306.png\" class=\"rt-img-responsive\" alt=\"\" \/><\/a><\/div> <div class='rt-detail'><div class='post-meta-user'><span class='date-meta'><i class='far fa-calendar-alt'><\/i>October 27, 2025<\/span><\/div><h3 class=\"entry-title\"><a data-id=\"2475\" class=\"\" href=\"https:\/\/www.izhiq.org.al\/wp-content\/uploads\/2025\/10\/IZHIQ-AWEN-Diskriminimi-i-grave-per-shkak-te-shtatzanise-2.pdf\">Raport: Trajtimi i diferencuar i grave pun\u00ebmarr\u00ebse n\u00eb vendin e pun\u00ebs n\u00eb Shqip\u00ebri<\/a><\/h3><div class='post-meta'><span class='read-more'><a data-id='2475' class='' href='https:\/\/www.izhiq.org.al\/wp-content\/uploads\/2025\/10\/IZHIQ-AWEN-Diskriminimi-i-grave-per-shkak-te-shtatzanise-2.pdf'>Lexo m\u00eb shum\u00eb<\/a><\/span><\/div><\/div><\/div><\/div><div class=\"rt-col-md-4 rt-col-sm-6 rt-col-xs-12 even-grid-item rt-grid-item img_zoom_in\" data-id=\"2401\"><div class=\"rt-holder\"><div class=\"rt-img-holder\"><a data-id='2401' class='' href='https:\/\/www.izhiq.org.al\/en\/2023\/07\/27\/valentina-shehu-bime-medicinale-ilnice-diber\/'><img loading=\"lazy\" decoding=\"async\" width=\"500\" height=\"306\" src=\"https:\/\/www.izhiq.org.al\/wp-content\/uploads\/2023\/07\/IMG-4476-scaled-e1690446224233-500x306.jpg\" class=\"rt-img-responsive\" alt=\"\" \/><\/a><\/div> <div class='rt-detail'><div class='post-meta-user'><span class='date-meta'><i class='far fa-calendar-alt'><\/i>July 27, 2023<\/span><\/div><h3 class=\"entry-title\"><a data-id=\"2401\" class=\"\" href=\"https:\/\/www.izhiq.org.al\/en\/2023\/07\/27\/valentina-shehu-bime-medicinale-ilnice-diber\/\">Valentina Shehu: Bim\u00eb Medicinale, Ilnic\u00eb, Dib\u00ebr<\/a><\/h3><div class='post-meta'><span class='read-more'><a data-id='2401' class='' href='https:\/\/www.izhiq.org.al\/en\/2023\/07\/27\/valentina-shehu-bime-medicinale-ilnice-diber\/'>Lexo m\u00eb shum\u00eb<\/a><\/span><\/div><\/div><\/div><\/div><div class=\"rt-col-md-4 rt-col-sm-6 rt-col-xs-12 even-grid-item rt-grid-item img_zoom_in\" data-id=\"2391\"><div class=\"rt-holder\"><div class=\"rt-img-holder\"><a data-id='2391' class='' href='https:\/\/www.izhiq.org.al\/en\/2023\/07\/26\/anila-tosku-histori-biznesi-trepc-diber\/'><img loading=\"lazy\" decoding=\"async\" width=\"500\" height=\"306\" src=\"https:\/\/www.izhiq.org.al\/wp-content\/uploads\/2023\/07\/IMG-4481-500x306.jpg\" class=\"rt-img-responsive\" alt=\"\" \/><\/a><\/div> <div class='rt-detail'><div class='post-meta-user'><span class='date-meta'><i class='far fa-calendar-alt'><\/i>July 26, 2023<\/span><\/div><h3 class=\"entry-title\"><a data-id=\"2391\" class=\"\" href=\"https:\/\/www.izhiq.org.al\/en\/2023\/07\/26\/anila-tosku-histori-biznesi-trepc-diber\/\">Anila Tosku &#8211; Histori biznesi, Arras, Dib\u00ebr<\/a><\/h3><div class='post-meta'><span class='read-more'><a data-id='2391' class='' href='https:\/\/www.izhiq.org.al\/en\/2023\/07\/26\/anila-tosku-histori-biznesi-trepc-diber\/'>Lexo m\u00eb shum\u00eb<\/a><\/span><\/div><\/div><\/div><\/div><\/div><div class='rt-pagination-wrap' data-total-pages='6' data-posts-per-page='3' data-type='pagination_ajax'  ><div class='rt-page-numbers'><\/div><\/div><\/div>\n\t\t<\/div>\n\t<\/div>\n<\/div><\/div><\/div><\/div>","protected":false},"excerpt":{"rendered":"Jeta n\u00eb fshat t\u00eb lidh ngusht\u00eb me natyr\u00ebn, me qet\u00ebsin\u00eb e me ajrin e past\u00ebr. N\u00eb Arras banor\u00ebt jan\u00eb shum\u00eb miq\u00ebsor\u00eb ...","protected":false},"author":1,"featured_media":0,"parent":0,"menu_order":0,"comment_status":"closed","ping_status":"closed","template":"","meta":{"_vp_format_video_url":"","_vp_image_focal_point":[],"footnotes":"","_links_to":"","_links_to_target":""},"class_list":["post-1077","page","type-page","status-publish","hentry"],"yoast_head":"<!-- This site is optimized with the Yoast SEO plugin v27.5 - https:\/\/yoast.com\/product\/yoast-seo-wordpress\/ -->\n<title>\u00c7\u00ebshtjet gjinore dhe fuqizimi i gruas - Instituti per Zhvillim dhe Inisiativa Qytetare<\/title>\n<meta name=\"robots\" content=\"index, follow, max-snippet:-1, max-image-preview:large, max-video-preview:-1\" \/>\n<link rel=\"canonical\" href=\"https:\/\/www.izhiq.org.al\/en\/fuqizimi-i-gruas\/\" \/>\n<meta property=\"og:locale\" content=\"en_US\" \/>\n<meta property=\"og:type\" content=\"article\" \/>\n<meta property=\"og:title\" content=\"\u00c7\u00ebshtjet gjinore dhe fuqizimi i gruas - Instituti per Zhvillim dhe Inisiativa Qytetare\" \/>\n<meta property=\"og:url\" content=\"https:\/\/www.izhiq.org.al\/en\/fuqizimi-i-gruas\/\" \/>\n<meta property=\"og:site_name\" content=\"Instituti per Zhvillim dhe Inisiativa Qytetare\" \/>\n<meta property=\"article:modified_time\" content=\"2022-04-29T00:58:49+00:00\" \/>\n<meta name=\"twitter:card\" content=\"summary_large_image\" \/>\n<meta name=\"twitter:label1\" content=\"Est. reading time\" \/>\n\t<meta name=\"twitter:data1\" content=\"1 minute\" \/>\n<script type=\"application\/ld+json\" class=\"yoast-schema-graph\">{\"@context\":\"https:\\\/\\\/schema.org\",\"@graph\":[{\"@type\":\"WebPage\",\"@id\":\"https:\\\/\\\/www.izhiq.org.al\\\/fuqizimi-i-gruas\\\/\",\"url\":\"https:\\\/\\\/www.izhiq.org.al\\\/fuqizimi-i-gruas\\\/\",\"name\":\"\u00c7\u00ebshtjet gjinore dhe fuqizimi i gruas - Instituti per Zhvillim dhe Inisiativa Qytetare\",\"isPartOf\":{\"@id\":\"https:\\\/\\\/www.izhiq.org.al\\\/#website\"},\"datePublished\":\"2021-10-04T17:05:33+00:00\",\"dateModified\":\"2022-04-29T00:58:49+00:00\",\"breadcrumb\":{\"@id\":\"https:\\\/\\\/www.izhiq.org.al\\\/fuqizimi-i-gruas\\\/#breadcrumb\"},\"inLanguage\":\"en-US\",\"potentialAction\":[{\"@type\":\"ReadAction\",\"target\":[\"https:\\\/\\\/www.izhiq.org.al\\\/fuqizimi-i-gruas\\\/\"]}]},{\"@type\":\"BreadcrumbList\",\"@id\":\"https:\\\/\\\/www.izhiq.org.al\\\/fuqizimi-i-gruas\\\/#breadcrumb\",\"itemListElement\":[{\"@type\":\"ListItem\",\"position\":1,\"name\":\"Home\",\"item\":\"https:\\\/\\\/www.izhiq.org.al\\\/\"},{\"@type\":\"ListItem\",\"position\":2,\"name\":\"\u00c7\u00ebshtjet gjinore dhe fuqizimi i gruas\"}]},{\"@type\":\"WebSite\",\"@id\":\"https:\\\/\\\/www.izhiq.org.al\\\/#website\",\"url\":\"https:\\\/\\\/www.izhiq.org.al\\\/\",\"name\":\"Instituti per Zhvillim dhe Inisiativa Qytetare\",\"description\":\"Instituti per Zhvillim dhe Inisiativa Qytetare\",\"potentialAction\":[{\"@type\":\"SearchAction\",\"target\":{\"@type\":\"EntryPoint\",\"urlTemplate\":\"https:\\\/\\\/www.izhiq.org.al\\\/?s={search_term_string}\"},\"query-input\":{\"@type\":\"PropertyValueSpecification\",\"valueRequired\":true,\"valueName\":\"search_term_string\"}}],\"inLanguage\":\"en-US\"}]}<\/script>\n<!-- \/ Yoast SEO plugin. -->","yoast_head_json":{"title":"\u00c7\u00ebshtjet gjinore dhe fuqizimi i gruas - Instituti per Zhvillim dhe Inisiativa Qytetare","robots":{"index":"index","follow":"follow","max-snippet":"max-snippet:-1","max-image-preview":"max-image-preview:large","max-video-preview":"max-video-preview:-1"},"canonical":"https:\/\/www.izhiq.org.al\/en\/fuqizimi-i-gruas\/","og_locale":"en_US","og_type":"article","og_title":"\u00c7\u00ebshtjet gjinore dhe fuqizimi i gruas - Instituti per Zhvillim dhe Inisiativa Qytetare","og_url":"https:\/\/www.izhiq.org.al\/en\/fuqizimi-i-gruas\/","og_site_name":"Instituti per Zhvillim dhe Inisiativa Qytetare","article_modified_time":"2022-04-29T00:58:49+00:00","twitter_card":"summary_large_image","twitter_misc":{"Est. reading time":"1 minute"},"schema":{"@context":"https:\/\/schema.org","@graph":[{"@type":"WebPage","@id":"https:\/\/www.izhiq.org.al\/fuqizimi-i-gruas\/","url":"https:\/\/www.izhiq.org.al\/fuqizimi-i-gruas\/","name":"\u00c7\u00ebshtjet gjinore dhe fuqizimi i gruas - Instituti per Zhvillim dhe Inisiativa Qytetare","isPartOf":{"@id":"https:\/\/www.izhiq.org.al\/#website"},"datePublished":"2021-10-04T17:05:33+00:00","dateModified":"2022-04-29T00:58:49+00:00","breadcrumb":{"@id":"https:\/\/www.izhiq.org.al\/fuqizimi-i-gruas\/#breadcrumb"},"inLanguage":"en-US","potentialAction":[{"@type":"ReadAction","target":["https:\/\/www.izhiq.org.al\/fuqizimi-i-gruas\/"]}]},{"@type":"BreadcrumbList","@id":"https:\/\/www.izhiq.org.al\/fuqizimi-i-gruas\/#breadcrumb","itemListElement":[{"@type":"ListItem","position":1,"name":"Home","item":"https:\/\/www.izhiq.org.al\/"},{"@type":"ListItem","position":2,"name":"\u00c7\u00ebshtjet gjinore dhe fuqizimi i gruas"}]},{"@type":"WebSite","@id":"https:\/\/www.izhiq.org.al\/#website","url":"https:\/\/www.izhiq.org.al\/","name":"Instituti per Zhvillim dhe Inisiativa Qytetare","description":"Instituti per Zhvillim dhe Inisiativa Qytetare","potentialAction":[{"@type":"SearchAction","target":{"@type":"EntryPoint","urlTemplate":"https:\/\/www.izhiq.org.al\/?s={search_term_string}"},"query-input":{"@type":"PropertyValueSpecification","valueRequired":true,"valueName":"search_term_string"}}],"inLanguage":"en-US"}]}},"rttpg_featured_image_url":null,"rttpg_author":{"display_name":"izhiqytetare_10ociur3","author_link":"https:\/\/www.izhiq.org.al\/en\/author\/izhiqytetare_10ociur3\/"},"rttpg_comment":0,"rttpg_category":"","rttpg_excerpt":null,"_links":{"self":[{"href":"https:\/\/www.izhiq.org.al\/en\/wp-json\/wp\/v2\/pages\/1077","targetHints":{"allow":["GET"]}}],"collection":[{"href":"https:\/\/www.izhiq.org.al\/en\/wp-json\/wp\/v2\/pages"}],"about":[{"href":"https:\/\/www.izhiq.org.al\/en\/wp-json\/wp\/v2\/types\/page"}],"author":[{"embeddable":true,"href":"https:\/\/www.izhiq.org.al\/en\/wp-json\/wp\/v2\/users\/1"}],"replies":[{"embeddable":true,"href":"https:\/\/www.izhiq.org.al\/en\/wp-json\/wp\/v2\/comments?post=1077"}],"version-history":[{"count":16,"href":"https:\/\/www.izhiq.org.al\/en\/wp-json\/wp\/v2\/pages\/1077\/revisions"}],"predecessor-version":[{"id":2103,"href":"https:\/\/www.izhiq.org.al\/en\/wp-json\/wp\/v2\/pages\/1077\/revisions\/2103"}],"wp:attachment":[{"href":"https:\/\/www.izhiq.org.al\/en\/wp-json\/wp\/v2\/media?parent=1077"}],"curies":[{"name":"wp","href":"https:\/\/api.w.org\/{rel}","templated":true}]}}