{"id":1081,"date":"2021-10-04T17:28:24","date_gmt":"2021-10-04T17:28:24","guid":{"rendered":"https:\/\/www.izhiq.org.al\/?page_id=1081"},"modified":"2022-04-29T00:53:56","modified_gmt":"2022-04-29T00:53:56","slug":"mjedisi","status":"publish","type":"page","link":"https:\/\/www.izhiq.org.al\/en\/mjedisi\/","title":{"rendered":"Environment"},"content":{"rendered":"<div class=\"vc_row wpb_row vc_row-fluid\"><div class=\"wpb_column vc_column_container vc_col-sm-12\"><div class=\"vc_column-inner\"><div class=\"wpb_wrapper\">\n\t<div class=\"wpb_text_column wpb_content_element\" >\n\t\t<div class=\"wpb_wrapper\">\n\t\t\t<p><strong>The Institute for Development and Civic Initiative aims to increase the awareness and capacity of public institutions, civil society and communities and to ensure cooperation between them in the implementation of environmental protection legislation.<\/strong><\/p>\n<p class=\"translation-block\"><strong>\u00a0IZHIQ takes concrete steps to:<\/strong><br>\n<strong><img class=\"emoji\" role=\"img\" src=\"https:\/\/s.w.org\/images\/core\/emoji\/13.0.1\/svg\/2705.svg\" alt=\"\u2705\">\u200bRaising the awareness of all actors for environmental protection;<\/strong><br>\n<strong><img class=\"emoji\" role=\"img\" src=\"https:\/\/s.w.org\/images\/core\/emoji\/13.0.1\/svg\/2705.svg\" alt=\"\u2705\">Practicing eco-friendly and sustainable ways to manage resources and protect living things and their habitat;<\/strong><br>\n<strong><img class=\"emoji\" role=\"img\" src=\"https:\/\/s.w.org\/images\/core\/emoji\/13.0.1\/svg\/2705.svg\" alt=\"\u2705\">Supporting families to build housing in comfortable conditions, through the use of eco-energy and various environmentally friendly resources.<\/strong><\/p>\n<p><strong>The main activities that contribute to the fulfillment of these objectives include:<\/strong><br \/>\n<strong><img decoding=\"async\" class=\"emoji\" role=\"img\" draggable=\"false\" src=\"Environmental awareness campaign;\" alt=\"\u2705\" \/>Environmental awareness campaign;<\/strong><br \/>\n<strong><img decoding=\"async\" class=\"emoji\" role=\"img\" draggable=\"false\" src=\"Environmental awareness campaign;\" alt=\"\u2705\" \/>Monitoring of government policies and the level of implementation of domestic and European Community legislation in the field of environmental protection;<\/strong><br \/>\n<strong><img decoding=\"async\" class=\"emoji\" role=\"img\" draggable=\"false\" src=\"Environmental awareness campaign;\" alt=\"\u2705\" \/>Monitoring public investment and reporting on the use of natural resources;<\/strong><br \/>\n<strong><img decoding=\"async\" class=\"emoji\" role=\"img\" draggable=\"false\" src=\"Environmental awareness campaign;\" alt=\"\u2705\" \/>Supporting communities in need of finding solutions that enable the controlled use of natural resources as an opportunity to generate the necessary income;<\/strong><br \/>\n<strong><img decoding=\"async\" class=\"emoji\" role=\"img\" draggable=\"false\" src=\"Environmental awareness campaign;\" alt=\"\u2705\" \/>Supporting women and agricultural families to cooperate for sustainable local economic development through environmental protection and development.<\/strong><\/p>\n\n\t\t<\/div>\n\t<\/div>\n<\/div><\/div><\/div><\/div><div class=\"vc_row wpb_row vc_row-fluid\"><div class=\"wpb_column vc_column_container vc_col-sm-12\"><div class=\"vc_column-inner\"><div class=\"wpb_wrapper\"><div class=\"vc_custom_heading\" ><h2 style=\"text-align: center;font-family:Abril Fatface;font-weight:400;font-style:normal\" >Projects<\/h2><\/div>\n\t<div class=\"wpb_raw_code wpb_content_element wpb_raw_html vc_custom_1651193501484\" >\n\t\t<div class=\"wpb_wrapper\">\n\t\t\t<style type='text\/css' media='all'>#rt-tpg-container-1220768829 .rt-holder .rt-woo-info .price{color:#1e73be;}body .rt-tpg-container .rt-tpg-isotope-buttons .selected,\n\t\t\t\t\t#rt-tpg-container-1220768829 .layout12 .rt-holder:hover .rt-detail,\n\t\t\t\t\t#rt-tpg-container-1220768829 .isotope8 .rt-holder:hover .rt-detail,\n\t\t\t\t\t#rt-tpg-container-1220768829 .carousel8 .rt-holder:hover .rt-detail,\n\t\t\t\t\t#rt-tpg-container-1220768829 .layout13 .rt-holder .overlay .post-info,\n\t\t\t\t\t#rt-tpg-container-1220768829 .isotope9 .rt-holder .overlay .post-info,\n\t\t\t\t\t#rt-tpg-container-1220768829.rt-tpg-container .layout4 .rt-holder .rt-detail,\n\t\t\t\t\t.rt-modal-1220768829 .md-content,\n\t\t\t\t\t.rt-modal-1220768829 .md-content > .rt-md-content-holder .rt-md-content,\n\t\t\t\t\t.rt-popup-wrap-1220768829.rt-popup-wrap .rt-popup-navigation-wrap,\n\t\t\t\t\t#rt-tpg-container-1220768829 .carousel9 .rt-holder .overlay .post-info{background-color:#1e73be;}#rt-tpg-container-1220768829 .layout5 .rt-holder .overlay, #rt-tpg-container-1220768829 .isotope2 .rt-holder .overlay, #rt-tpg-container-1220768829 .carousel2 .rt-holder .overlay,#rt-tpg-container-1220768829 .layout15 .rt-holder h3, #rt-tpg-container-1220768829 .isotope11 .rt-holder h3, #rt-tpg-container-1220768829 .carousel11 .rt-holder h3, #rt-tpg-container-1220768829 .layout16 .rt-holder h3,\n\t\t\t\t\t#rt-tpg-container-1220768829 .isotope12 .rt-holder h3, #rt-tpg-container-1220768829 .carousel12 .rt-holder h3 {background-color:rgba(30,115,190,0.1);}#rt-tpg-container-1220768829 .read-more a{border-radius:4px;}#rt-tpg-container-1220768829 .rt-img-holder img.rt-img-responsive,#rt-tpg-container-1220768829 .rt-img-holder,\n\t\t\t\t\t#rt-tpg-container-1220768829 .rt-post-overlay .post-img,\n\t\t\t\t\t#rt-tpg-container-1220768829 .post-sm .post-img,\n\t\t\t\t\t#rt-tpg-container-1220768829 .rt-post-grid .post-img,\n\t\t\t\t\t#rt-tpg-container-1220768829 .post-img img {border-radius:px;}<\/style><div class='rt-container-fluid rt-tpg-container tpg-shortcode-main-wrapper' id='rt-tpg-container-1220768829'   data-layout='layout12' data-grid-style='even' data-desktop-col='3'  data-tab-col='2'  data-mobile-col='1' data-sc-id='2095'><div data-title='Loading ...' class='rt-row rt-content-loader   layout12 tpg-even'><div class=\"rt-col-md-4 rt-col-sm-6 rt-col-xs-12 even-grid-item rt-grid-item img_zoom_in\" data-id=\"1898\"><div class=\"rt-holder\"><div class=\"rt-img-holder\"><a data-id='1898' class='' href='https:\/\/www.izhiq.org.al\/en\/2022\/03\/05\/promovimi-i-barazise-gjinore\/'><img loading=\"lazy\" decoding=\"async\" width=\"500\" height=\"306\" src=\"https:\/\/www.izhiq.org.al\/wp-content\/uploads\/2022\/03\/barazia_gjinore-500x306.jpg\" class=\"rt-img-responsive\" alt=\"\" \/><\/a><\/div> <div class='rt-detail'><div class='post-meta-user'><span class='date-meta'><i class='far fa-calendar-alt'><\/i>March 5, 2022<\/span><\/div><h3 class=\"entry-title\"><a data-id=\"1898\" class=\"\" href=\"https:\/\/www.izhiq.org.al\/en\/2022\/03\/05\/promovimi-i-barazise-gjinore\/\">Promovimi i barazis\u00eb gjinore<\/a><\/h3><div class='post-meta'><span class='read-more'><a data-id='1898' class='' href='https:\/\/www.izhiq.org.al\/en\/2022\/03\/05\/promovimi-i-barazise-gjinore\/'>Lexo m\u00eb shum\u00eb<\/a><\/span><\/div><\/div><\/div><\/div><div class=\"rt-col-md-4 rt-col-sm-6 rt-col-xs-12 even-grid-item rt-grid-item img_zoom_in\" data-id=\"1869\"><div class=\"rt-holder\"><div class=\"rt-img-holder\"><a data-id='1869' class='' href='https:\/\/www.izhiq.org.al\/en\/2022\/03\/09\/mendo-shendetshem-jeto-shendetshem\/'><img loading=\"lazy\" decoding=\"async\" width=\"500\" height=\"306\" src=\"https:\/\/www.izhiq.org.al\/wp-content\/uploads\/2022\/03\/WhatsApp-Image-2022-03-09-at-10.58.43-AM-500x306.jpeg\" class=\"rt-img-responsive\" alt=\"\" \/><\/a><\/div> <div class='rt-detail'><div class='post-meta-user'><span class='date-meta'><i class='far fa-calendar-alt'><\/i>March 9, 2022<\/span><\/div><h3 class=\"entry-title\"><a data-id=\"1869\" class=\"\" href=\"https:\/\/www.izhiq.org.al\/en\/2022\/03\/09\/mendo-shendetshem-jeto-shendetshem\/\">Mendo sh\u00ebndetsh\u00ebm, jeto sh\u00ebndetsh\u00ebm<\/a><\/h3><div class='post-meta'><span class='read-more'><a data-id='1869' class='' href='https:\/\/www.izhiq.org.al\/en\/2022\/03\/09\/mendo-shendetshem-jeto-shendetshem\/'>Lexo m\u00eb shum\u00eb<\/a><\/span><\/div><\/div><\/div><\/div><div class=\"rt-col-md-4 rt-col-sm-6 rt-col-xs-12 even-grid-item rt-grid-item img_zoom_in\" data-id=\"1866\"><div class=\"rt-holder\"><div class=\"rt-img-holder\"><a data-id='1866' class='' href='https:\/\/www.izhiq.org.al\/en\/2022\/03\/09\/drejt-be-se-forcimi-i-shoqerise-civile-dhe-qeverisjes-vendore-per-nje-mbrojtje-me-te-mire-te-konsumatorit\/'><img loading=\"lazy\" decoding=\"async\" width=\"500\" height=\"306\" src=\"https:\/\/www.izhiq.org.al\/wp-content\/uploads\/2022\/03\/WhatsApp-Image-2022-03-08-at-1.39.24-PM-500x306.jpeg\" class=\"rt-img-responsive\" alt=\"\" \/><\/a><\/div> <div class='rt-detail'><div class='post-meta-user'><span class='date-meta'><i class='far fa-calendar-alt'><\/i>March 9, 2022<\/span><\/div><h3 class=\"entry-title\"><a data-id=\"1866\" class=\"\" href=\"https:\/\/www.izhiq.org.al\/en\/2022\/03\/09\/drejt-be-se-forcimi-i-shoqerise-civile-dhe-qeverisjes-vendore-per-nje-mbrojtje-me-te-mire-te-konsumatorit\/\">Drejt BE-s\u00eb: Forcimi i shoq\u00ebris\u00eb civile dhe qeverisjes vendore p\u00ebr nj\u00eb mbrojtje m\u00eb t\u00eb mir\u00eb t\u00eb konsumatorit<\/a><\/h3><div class='post-meta'><span class='read-more'><a data-id='1866' class='' href='https:\/\/www.izhiq.org.al\/en\/2022\/03\/09\/drejt-be-se-forcimi-i-shoqerise-civile-dhe-qeverisjes-vendore-per-nje-mbrojtje-me-te-mire-te-konsumatorit\/'>Lexo m\u00eb shum\u00eb<\/a><\/span><\/div><\/div><\/div><\/div><\/div><div class='rt-pagination-wrap' data-total-pages='2' data-posts-per-page='3' data-type='pagination_ajax'  ><div class='rt-page-numbers'><\/div><\/div><\/div>\n\t\t<\/div>\n\t<\/div>\n<\/div><\/div><\/div><\/div><div class=\"vc_row wpb_row vc_row-fluid\"><div class=\"wpb_column vc_column_container vc_col-sm-12\"><div class=\"vc_column-inner\"><div class=\"wpb_wrapper\"><div class=\"vc_custom_heading\" ><h2 style=\"text-align: center;font-family:Abril Fatface;font-weight:400;font-style:normal\" >Events<\/h2><\/div>\n\t<div class=\"wpb_raw_code wpb_content_element wpb_raw_html vc_custom_1651193633156\" >\n\t\t<div class=\"wpb_wrapper\">\n\t\t\t<style type='text\/css' media='all'>#rt-tpg-container-3316939880 .rt-holder .rt-woo-info .price{color:#1e73be;}body .rt-tpg-container .rt-tpg-isotope-buttons .selected,\n\t\t\t\t\t#rt-tpg-container-3316939880 .layout12 .rt-holder:hover .rt-detail,\n\t\t\t\t\t#rt-tpg-container-3316939880 .isotope8 .rt-holder:hover .rt-detail,\n\t\t\t\t\t#rt-tpg-container-3316939880 .carousel8 .rt-holder:hover .rt-detail,\n\t\t\t\t\t#rt-tpg-container-3316939880 .layout13 .rt-holder .overlay .post-info,\n\t\t\t\t\t#rt-tpg-container-3316939880 .isotope9 .rt-holder .overlay .post-info,\n\t\t\t\t\t#rt-tpg-container-3316939880.rt-tpg-container .layout4 .rt-holder .rt-detail,\n\t\t\t\t\t.rt-modal-3316939880 .md-content,\n\t\t\t\t\t.rt-modal-3316939880 .md-content > .rt-md-content-holder .rt-md-content,\n\t\t\t\t\t.rt-popup-wrap-3316939880.rt-popup-wrap .rt-popup-navigation-wrap,\n\t\t\t\t\t#rt-tpg-container-3316939880 .carousel9 .rt-holder .overlay .post-info{background-color:#1e73be;}#rt-tpg-container-3316939880 .layout5 .rt-holder .overlay, #rt-tpg-container-3316939880 .isotope2 .rt-holder .overlay, #rt-tpg-container-3316939880 .carousel2 .rt-holder .overlay,#rt-tpg-container-3316939880 .layout15 .rt-holder h3, #rt-tpg-container-3316939880 .isotope11 .rt-holder h3, #rt-tpg-container-3316939880 .carousel11 .rt-holder h3, #rt-tpg-container-3316939880 .layout16 .rt-holder h3,\n\t\t\t\t\t#rt-tpg-container-3316939880 .isotope12 .rt-holder h3, #rt-tpg-container-3316939880 .carousel12 .rt-holder h3 {background-color:rgba(30,115,190,0.1);}#rt-tpg-container-3316939880 .read-more a{border-radius:4px;}#rt-tpg-container-3316939880 .rt-img-holder img.rt-img-responsive,#rt-tpg-container-3316939880 .rt-img-holder,\n\t\t\t\t\t#rt-tpg-container-3316939880 .rt-post-overlay .post-img,\n\t\t\t\t\t#rt-tpg-container-3316939880 .post-sm .post-img,\n\t\t\t\t\t#rt-tpg-container-3316939880 .rt-post-grid .post-img,\n\t\t\t\t\t#rt-tpg-container-3316939880 .post-img img {border-radius:px;}<\/style><div class='rt-container-fluid rt-tpg-container tpg-shortcode-main-wrapper' id='rt-tpg-container-3316939880'   data-layout='layout12' data-grid-style='even' data-desktop-col='3'  data-tab-col='2'  data-mobile-col='1' data-sc-id='2098'><div data-title='Loading ...' class='rt-row rt-content-loader   layout12 tpg-even'><div class=\"rt-col-md-4 rt-col-sm-6 rt-col-xs-12 even-grid-item rt-grid-item img_zoom_in\" data-id=\"1866\"><div class=\"rt-holder\"><div class=\"rt-img-holder\"><a data-id='1866' class='' href='https:\/\/www.izhiq.org.al\/en\/2022\/03\/09\/drejt-be-se-forcimi-i-shoqerise-civile-dhe-qeverisjes-vendore-per-nje-mbrojtje-me-te-mire-te-konsumatorit\/'><img loading=\"lazy\" decoding=\"async\" width=\"500\" height=\"306\" src=\"https:\/\/www.izhiq.org.al\/wp-content\/uploads\/2022\/03\/WhatsApp-Image-2022-03-08-at-1.39.24-PM-500x306.jpeg\" class=\"rt-img-responsive\" alt=\"\" \/><\/a><\/div> <div class='rt-detail'><div class='post-meta-user'><span class='date-meta'><i class='far fa-calendar-alt'><\/i>March 9, 2022<\/span><\/div><h3 class=\"entry-title\"><a data-id=\"1866\" class=\"\" href=\"https:\/\/www.izhiq.org.al\/en\/2022\/03\/09\/drejt-be-se-forcimi-i-shoqerise-civile-dhe-qeverisjes-vendore-per-nje-mbrojtje-me-te-mire-te-konsumatorit\/\">Drejt BE-s\u00eb: Forcimi i shoq\u00ebris\u00eb civile dhe qeverisjes vendore p\u00ebr nj\u00eb mbrojtje m\u00eb t\u00eb mir\u00eb t\u00eb konsumatorit<\/a><\/h3><div class='post-meta'><span class='read-more'><a data-id='1866' class='' href='https:\/\/www.izhiq.org.al\/en\/2022\/03\/09\/drejt-be-se-forcimi-i-shoqerise-civile-dhe-qeverisjes-vendore-per-nje-mbrojtje-me-te-mire-te-konsumatorit\/'>Lexo m\u00eb shum\u00eb<\/a><\/span><\/div><\/div><\/div><\/div><div class=\"rt-col-md-4 rt-col-sm-6 rt-col-xs-12 even-grid-item rt-grid-item img_zoom_in\" data-id=\"1840\"><div class=\"rt-holder\"><div class=\"rt-img-holder\"><a data-id='1840' class='' href='https:\/\/www.izhiq.org.al\/en\/2022\/03\/07\/qeset-plastike-rrezik-i-vazhdueshem-per-konsumatorin-dhe-mjedisin-perse-po-deshton-eleminimi-tyre\/'><img loading=\"lazy\" decoding=\"async\" width=\"500\" height=\"306\" src=\"https:\/\/www.izhiq.org.al\/wp-content\/uploads\/2022\/03\/58c3b9713c1ab09b3877602ba209a61f-500x306.jpg\" class=\"rt-img-responsive\" alt=\"\" \/><\/a><\/div> <div class='rt-detail'><div class='post-meta-user'><span class='date-meta'><i class='far fa-calendar-alt'><\/i>March 7, 2022<\/span><\/div><h3 class=\"entry-title\"><a data-id=\"1840\" class=\"\" href=\"https:\/\/www.izhiq.org.al\/en\/2022\/03\/07\/qeset-plastike-rrezik-i-vazhdueshem-per-konsumatorin-dhe-mjedisin-perse-po-deshton-eleminimi-tyre\/\">Qeset plastike: Rrezik i vazhduesh\u00ebm p\u00ebr konsumatorin dhe mjedisin, p\u00ebrse po d\u00ebshton eleminimi tyre?<\/a><\/h3><div class='post-meta'><span class='read-more'><a data-id='1840' class='' href='https:\/\/www.izhiq.org.al\/en\/2022\/03\/07\/qeset-plastike-rrezik-i-vazhdueshem-per-konsumatorin-dhe-mjedisin-perse-po-deshton-eleminimi-tyre\/'>Lexo m\u00eb shum\u00eb<\/a><\/span><\/div><\/div><\/div><\/div><div class=\"rt-col-md-4 rt-col-sm-6 rt-col-xs-12 even-grid-item rt-grid-item img_zoom_in\" data-id=\"1754\"><div class=\"rt-holder\"><div class=\"rt-img-holder\"><a data-id='1754' class='' href='https:\/\/www.izhiq.org.al\/en\/2022\/02\/04\/inspektimet-ne-te-drejten-e-konsumatorit-izhiq-inicion-per-hapjen-e-zyres-se-konmsumatorit-ne-elbasan\/'><img loading=\"lazy\" decoding=\"async\" width=\"500\" height=\"306\" src=\"https:\/\/www.izhiq.org.al\/wp-content\/uploads\/2022\/02\/251847669_446867360162308_8319991316463009086_n-1-500x306.jpg\" class=\"rt-img-responsive\" alt=\"\" \/><\/a><\/div> <div class='rt-detail'><div class='post-meta-user'><span class='date-meta'><i class='far fa-calendar-alt'><\/i>February 4, 2022<\/span><\/div><h3 class=\"entry-title\"><a data-id=\"1754\" class=\"\" href=\"https:\/\/www.izhiq.org.al\/en\/2022\/02\/04\/inspektimet-ne-te-drejten-e-konsumatorit-izhiq-inicion-per-hapjen-e-zyres-se-konmsumatorit-ne-elbasan\/\">Pas trajnimeve: IZHIQ inicion p\u00ebr hapjen e Zyr\u00ebs s\u00eb Konmsumatorit n\u00eb Elbasan<\/a><\/h3><div class='post-meta'><span class='read-more'><a data-id='1754' class='' href='https:\/\/www.izhiq.org.al\/en\/2022\/02\/04\/inspektimet-ne-te-drejten-e-konsumatorit-izhiq-inicion-per-hapjen-e-zyres-se-konmsumatorit-ne-elbasan\/'>Lexo m\u00eb shum\u00eb<\/a><\/span><\/div><\/div><\/div><\/div><\/div><div class='rt-pagination-wrap' data-total-pages='3' data-posts-per-page='3' data-type='pagination_ajax'  ><div class='rt-page-numbers'><\/div><\/div><\/div>\n\t\t<\/div>\n\t<\/div>\n<\/div><\/div><\/div><\/div>","protected":false},"excerpt":{"rendered":"# DITA 3 Dit\u00ebn e sotme u p\u00ebrmbyll trajnimi 3 ditor n\u00eb qytetin e Elbasanit me p\u00ebrfaq\u00ebsuesit e Bashkis\u00eb, shoq\u00ebris\u00eb civile, ...","protected":false},"author":1,"featured_media":0,"parent":0,"menu_order":0,"comment_status":"closed","ping_status":"closed","template":"","meta":{"_vp_format_video_url":"","_vp_image_focal_point":[],"footnotes":"","_links_to":"","_links_to_target":""},"class_list":["post-1081","page","type-page","status-publish","hentry"],"yoast_head":"<!-- This site is optimized with the Yoast SEO plugin v27.4 - https:\/\/yoast.com\/product\/yoast-seo-wordpress\/ -->\n<title>Mjedisi - Instituti per Zhvillim dhe Inisiativa Qytetare<\/title>\n<meta name=\"robots\" content=\"index, follow, max-snippet:-1, max-image-preview:large, max-video-preview:-1\" \/>\n<link rel=\"canonical\" href=\"https:\/\/www.izhiq.org.al\/en\/mjedisi\/\" \/>\n<meta property=\"og:locale\" content=\"en_US\" \/>\n<meta property=\"og:type\" content=\"article\" \/>\n<meta property=\"og:title\" content=\"Mjedisi - Instituti per Zhvillim dhe Inisiativa Qytetare\" \/>\n<meta property=\"og:url\" content=\"https:\/\/www.izhiq.org.al\/en\/mjedisi\/\" \/>\n<meta property=\"og:site_name\" content=\"Instituti per Zhvillim dhe Inisiativa Qytetare\" \/>\n<meta property=\"article:modified_time\" content=\"2022-04-29T00:53:56+00:00\" \/>\n<meta property=\"og:image\" content=\"https:\/\/s.w.org\/images\/core\/emoji\/13.0.1\/svg\/2705.svg\" \/>\n<meta name=\"twitter:card\" content=\"summary_large_image\" \/>\n<meta name=\"twitter:label1\" content=\"Est. reading time\" \/>\n\t<meta name=\"twitter:data1\" content=\"2 minutes\" \/>\n<script type=\"application\/ld+json\" class=\"yoast-schema-graph\">{\"@context\":\"https:\\\/\\\/schema.org\",\"@graph\":[{\"@type\":\"WebPage\",\"@id\":\"https:\\\/\\\/www.izhiq.org.al\\\/mjedisi\\\/\",\"url\":\"https:\\\/\\\/www.izhiq.org.al\\\/mjedisi\\\/\",\"name\":\"Mjedisi - Instituti per Zhvillim dhe Inisiativa Qytetare\",\"isPartOf\":{\"@id\":\"https:\\\/\\\/www.izhiq.org.al\\\/#website\"},\"primaryImageOfPage\":{\"@id\":\"https:\\\/\\\/www.izhiq.org.al\\\/mjedisi\\\/#primaryimage\"},\"image\":{\"@id\":\"https:\\\/\\\/www.izhiq.org.al\\\/mjedisi\\\/#primaryimage\"},\"thumbnailUrl\":\"https:\\\/\\\/s.w.org\\\/images\\\/core\\\/emoji\\\/13.0.1\\\/svg\\\/2705.svg\",\"datePublished\":\"2021-10-04T17:28:24+00:00\",\"dateModified\":\"2022-04-29T00:53:56+00:00\",\"breadcrumb\":{\"@id\":\"https:\\\/\\\/www.izhiq.org.al\\\/mjedisi\\\/#breadcrumb\"},\"inLanguage\":\"en-US\",\"potentialAction\":[{\"@type\":\"ReadAction\",\"target\":[\"https:\\\/\\\/www.izhiq.org.al\\\/mjedisi\\\/\"]}]},{\"@type\":\"ImageObject\",\"inLanguage\":\"en-US\",\"@id\":\"https:\\\/\\\/www.izhiq.org.al\\\/mjedisi\\\/#primaryimage\",\"url\":\"https:\\\/\\\/s.w.org\\\/images\\\/core\\\/emoji\\\/13.0.1\\\/svg\\\/2705.svg\",\"contentUrl\":\"https:\\\/\\\/s.w.org\\\/images\\\/core\\\/emoji\\\/13.0.1\\\/svg\\\/2705.svg\"},{\"@type\":\"BreadcrumbList\",\"@id\":\"https:\\\/\\\/www.izhiq.org.al\\\/mjedisi\\\/#breadcrumb\",\"itemListElement\":[{\"@type\":\"ListItem\",\"position\":1,\"name\":\"Home\",\"item\":\"https:\\\/\\\/www.izhiq.org.al\\\/\"},{\"@type\":\"ListItem\",\"position\":2,\"name\":\"Mjedisi\"}]},{\"@type\":\"WebSite\",\"@id\":\"https:\\\/\\\/www.izhiq.org.al\\\/#website\",\"url\":\"https:\\\/\\\/www.izhiq.org.al\\\/\",\"name\":\"Instituti per Zhvillim dhe Inisiativa Qytetare\",\"description\":\"Instituti per Zhvillim dhe Inisiativa Qytetare\",\"potentialAction\":[{\"@type\":\"SearchAction\",\"target\":{\"@type\":\"EntryPoint\",\"urlTemplate\":\"https:\\\/\\\/www.izhiq.org.al\\\/?s={search_term_string}\"},\"query-input\":{\"@type\":\"PropertyValueSpecification\",\"valueRequired\":true,\"valueName\":\"search_term_string\"}}],\"inLanguage\":\"en-US\"}]}<\/script>\n<!-- \/ Yoast SEO plugin. -->","yoast_head_json":{"title":"Mjedisi - Instituti per Zhvillim dhe Inisiativa Qytetare","robots":{"index":"index","follow":"follow","max-snippet":"max-snippet:-1","max-image-preview":"max-image-preview:large","max-video-preview":"max-video-preview:-1"},"canonical":"https:\/\/www.izhiq.org.al\/en\/mjedisi\/","og_locale":"en_US","og_type":"article","og_title":"Mjedisi - Instituti per Zhvillim dhe Inisiativa Qytetare","og_url":"https:\/\/www.izhiq.org.al\/en\/mjedisi\/","og_site_name":"Instituti per Zhvillim dhe Inisiativa Qytetare","article_modified_time":"2022-04-29T00:53:56+00:00","og_image":[{"url":"https:\/\/s.w.org\/images\/core\/emoji\/13.0.1\/svg\/2705.svg","type":"","width":"","height":""}],"twitter_card":"summary_large_image","twitter_misc":{"Est. reading time":"2 minutes"},"schema":{"@context":"https:\/\/schema.org","@graph":[{"@type":"WebPage","@id":"https:\/\/www.izhiq.org.al\/mjedisi\/","url":"https:\/\/www.izhiq.org.al\/mjedisi\/","name":"Mjedisi - Instituti per Zhvillim dhe Inisiativa Qytetare","isPartOf":{"@id":"https:\/\/www.izhiq.org.al\/#website"},"primaryImageOfPage":{"@id":"https:\/\/www.izhiq.org.al\/mjedisi\/#primaryimage"},"image":{"@id":"https:\/\/www.izhiq.org.al\/mjedisi\/#primaryimage"},"thumbnailUrl":"https:\/\/s.w.org\/images\/core\/emoji\/13.0.1\/svg\/2705.svg","datePublished":"2021-10-04T17:28:24+00:00","dateModified":"2022-04-29T00:53:56+00:00","breadcrumb":{"@id":"https:\/\/www.izhiq.org.al\/mjedisi\/#breadcrumb"},"inLanguage":"en-US","potentialAction":[{"@type":"ReadAction","target":["https:\/\/www.izhiq.org.al\/mjedisi\/"]}]},{"@type":"ImageObject","inLanguage":"en-US","@id":"https:\/\/www.izhiq.org.al\/mjedisi\/#primaryimage","url":"https:\/\/s.w.org\/images\/core\/emoji\/13.0.1\/svg\/2705.svg","contentUrl":"https:\/\/s.w.org\/images\/core\/emoji\/13.0.1\/svg\/2705.svg"},{"@type":"BreadcrumbList","@id":"https:\/\/www.izhiq.org.al\/mjedisi\/#breadcrumb","itemListElement":[{"@type":"ListItem","position":1,"name":"Home","item":"https:\/\/www.izhiq.org.al\/"},{"@type":"ListItem","position":2,"name":"Mjedisi"}]},{"@type":"WebSite","@id":"https:\/\/www.izhiq.org.al\/#website","url":"https:\/\/www.izhiq.org.al\/","name":"Instituti per Zhvillim dhe Inisiativa Qytetare","description":"Instituti per Zhvillim dhe Inisiativa Qytetare","potentialAction":[{"@type":"SearchAction","target":{"@type":"EntryPoint","urlTemplate":"https:\/\/www.izhiq.org.al\/?s={search_term_string}"},"query-input":{"@type":"PropertyValueSpecification","valueRequired":true,"valueName":"search_term_string"}}],"inLanguage":"en-US"}]}},"rttpg_featured_image_url":null,"rttpg_author":{"display_name":"izhiqytetare_10ociur3","author_link":"https:\/\/www.izhiq.org.al\/en\/author\/izhiqytetare_10ociur3\/"},"rttpg_comment":0,"rttpg_category":"","rttpg_excerpt":null,"_links":{"self":[{"href":"https:\/\/www.izhiq.org.al\/en\/wp-json\/wp\/v2\/pages\/1081","targetHints":{"allow":["GET"]}}],"collection":[{"href":"https:\/\/www.izhiq.org.al\/en\/wp-json\/wp\/v2\/pages"}],"about":[{"href":"https:\/\/www.izhiq.org.al\/en\/wp-json\/wp\/v2\/types\/page"}],"author":[{"embeddable":true,"href":"https:\/\/www.izhiq.org.al\/en\/wp-json\/wp\/v2\/users\/1"}],"replies":[{"embeddable":true,"href":"https:\/\/www.izhiq.org.al\/en\/wp-json\/wp\/v2\/comments?post=1081"}],"version-history":[{"count":8,"href":"https:\/\/www.izhiq.org.al\/en\/wp-json\/wp\/v2\/pages\/1081\/revisions"}],"predecessor-version":[{"id":2099,"href":"https:\/\/www.izhiq.org.al\/en\/wp-json\/wp\/v2\/pages\/1081\/revisions\/2099"}],"wp:attachment":[{"href":"https:\/\/www.izhiq.org.al\/en\/wp-json\/wp\/v2\/media?parent=1081"}],"curies":[{"name":"wp","href":"https:\/\/api.w.org\/{rel}","templated":true}]}}