{"id":1084,"date":"2021-10-04T17:30:28","date_gmt":"2021-10-04T17:30:28","guid":{"rendered":"https:\/\/www.izhiq.org.al\/?page_id=1084"},"modified":"2022-04-29T00:45:47","modified_gmt":"2022-04-29T00:45:47","slug":"te-drejtat-e-konsumatorit","status":"publish","type":"page","link":"https:\/\/www.izhiq.org.al\/en\/te-drejtat-e-konsumatorit\/","title":{"rendered":"Consumer rights"},"content":{"rendered":"<div class=\"vc_row wpb_row vc_row-fluid\"><div class=\"wpb_column vc_column_container vc_col-sm-12\"><div class=\"vc_column-inner\"><div class=\"wpb_wrapper\">\n\t<div class=\"wpb_text_column wpb_content_element\" >\n\t\t<div class=\"wpb_wrapper\">\n\t\t\t<div dir=\"auto\">\n<div dir=\"auto\">\n<div>\n<div dir=\"auto\"><strong>Consumer protection is one of the most important policies of the European Union. Albania, with the signing of the Stabilization and Association Agreement, is committed to giving the Albanian consumer the same rights and protection<\/strong><\/div>\n<div dir=\"auto\"><strong>as a European consumer. Specifically, Article 76 provides: \u201cThe Parties shall co-operate in aligning consumer protection standards in Albania with Community standards. \"Effective consumer protection is necessary to ensure the proper functioning of the market economy, protection which depends on the development of an administrative infrastructure to ensure market surveillance and law enforcement in this area.\"<\/strong><\/div>\n<\/div>\n<div>\n<div dir=\"auto\"><strong>One of the areas that is specifically regulated by this law and by the European legal framework for consumer protection, is consumer credit.<\/strong><\/div>\n<\/div>\n<div>\n<div dir=\"auto\"><strong>Specifically, consumer credit in Albanian law is regulated through Articles 44-45. Also, this field is regulated horizontally by other articles of general character of this law, which complement the protection<\/strong><\/div>\n<div dir=\"auto\"><strong>which is guaranteed to the consumer in relation to the consumer credit.<\/strong><\/div>\n<\/div>\n<\/div>\n<\/div>\n\n\t\t<\/div>\n\t<\/div>\n<\/div><\/div><\/div><\/div><div class=\"vc_row wpb_row vc_row-fluid\"><div class=\"wpb_column vc_column_container vc_col-sm-12\"><div class=\"vc_column-inner\"><div class=\"wpb_wrapper\"><div class=\"vc_custom_heading\" ><h2 style=\"text-align: center;font-family:Abril Fatface;font-weight:400;font-style:normal\" >Projects<\/h2><\/div>\n\t<div class=\"wpb_raw_code wpb_content_element wpb_raw_html vc_custom_1651192900658\" >\n\t\t<div class=\"wpb_wrapper\">\n\t\t\t<style type='text\/css' media='all'>#rt-tpg-container-1114533971 .rt-holder .rt-woo-info .price{color:#1e73be;}body .rt-tpg-container .rt-tpg-isotope-buttons .selected,\n\t\t\t\t\t#rt-tpg-container-1114533971 .layout12 .rt-holder:hover .rt-detail,\n\t\t\t\t\t#rt-tpg-container-1114533971 .isotope8 .rt-holder:hover .rt-detail,\n\t\t\t\t\t#rt-tpg-container-1114533971 .carousel8 .rt-holder:hover .rt-detail,\n\t\t\t\t\t#rt-tpg-container-1114533971 .layout13 .rt-holder .overlay .post-info,\n\t\t\t\t\t#rt-tpg-container-1114533971 .isotope9 .rt-holder .overlay .post-info,\n\t\t\t\t\t#rt-tpg-container-1114533971.rt-tpg-container .layout4 .rt-holder .rt-detail,\n\t\t\t\t\t.rt-modal-1114533971 .md-content,\n\t\t\t\t\t.rt-modal-1114533971 .md-content > .rt-md-content-holder .rt-md-content,\n\t\t\t\t\t.rt-popup-wrap-1114533971.rt-popup-wrap .rt-popup-navigation-wrap,\n\t\t\t\t\t#rt-tpg-container-1114533971 .carousel9 .rt-holder .overlay .post-info{background-color:#1e73be;}#rt-tpg-container-1114533971 .layout5 .rt-holder .overlay, #rt-tpg-container-1114533971 .isotope2 .rt-holder .overlay, #rt-tpg-container-1114533971 .carousel2 .rt-holder .overlay,#rt-tpg-container-1114533971 .layout15 .rt-holder h3, #rt-tpg-container-1114533971 .isotope11 .rt-holder h3, #rt-tpg-container-1114533971 .carousel11 .rt-holder h3, #rt-tpg-container-1114533971 .layout16 .rt-holder h3,\n\t\t\t\t\t#rt-tpg-container-1114533971 .isotope12 .rt-holder h3, #rt-tpg-container-1114533971 .carousel12 .rt-holder h3 {background-color:rgba(30,115,190,0.1);}#rt-tpg-container-1114533971 .read-more a{border-radius:4px;}#rt-tpg-container-1114533971 .rt-img-holder img.rt-img-responsive,#rt-tpg-container-1114533971 .rt-img-holder,\n\t\t\t\t\t#rt-tpg-container-1114533971 .rt-post-overlay .post-img,\n\t\t\t\t\t#rt-tpg-container-1114533971 .post-sm .post-img,\n\t\t\t\t\t#rt-tpg-container-1114533971 .rt-post-grid .post-img,\n\t\t\t\t\t#rt-tpg-container-1114533971 .post-img img {border-radius:px;}<\/style><div class='rt-container-fluid rt-tpg-container tpg-shortcode-main-wrapper' id='rt-tpg-container-1114533971'   data-layout='layout12' data-grid-style='even' data-desktop-col='3'  data-tab-col='2'  data-mobile-col='1' data-sc-id='2090'><div data-title='Loading ...' class='rt-row rt-content-loader   layout12 tpg-even'><div class=\"rt-col-md-4 rt-col-sm-6 rt-col-xs-12 even-grid-item rt-grid-item img_zoom_in\" data-id=\"2002\"><div class=\"rt-holder\"><div class=\"rt-img-holder\"><a data-id='2002' class='' href='https:\/\/www.izhiq.org.al\/en\/2022\/04\/22\/2002\/'><img loading=\"lazy\" decoding=\"async\" width=\"500\" height=\"306\" src=\"https:\/\/www.izhiq.org.al\/wp-content\/uploads\/2022\/04\/278911412_2497623883706585_3041557201218437967_n-500x306.jpg\" class=\"rt-img-responsive\" alt=\"\" \/><\/a><\/div> <div class='rt-detail'><div class='post-meta-user'><span class='date-meta'><i class='far fa-calendar-alt'><\/i>April 22, 2022<\/span><\/div><h3 class=\"entry-title\"><a data-id=\"2002\" class=\"\" href=\"https:\/\/www.izhiq.org.al\/en\/2022\/04\/22\/2002\/\"><\/a><\/h3><div class='post-meta'><span class='read-more'><a data-id='2002' class='' href='https:\/\/www.izhiq.org.al\/en\/2022\/04\/22\/2002\/'>Lexo m\u00eb shum\u00eb<\/a><\/span><\/div><\/div><\/div><\/div><div class=\"rt-col-md-4 rt-col-sm-6 rt-col-xs-12 even-grid-item rt-grid-item img_zoom_in\" data-id=\"1999\"><div class=\"rt-holder\"><div class=\"rt-img-holder\"><a data-id='1999' class='' href='https:\/\/www.izhiq.org.al\/en\/2022\/04\/20\/takimi-teknik-i-pare-ne-qytetin-beratit\/'><img loading=\"lazy\" decoding=\"async\" width=\"500\" height=\"306\" src=\"https:\/\/www.izhiq.org.al\/wp-content\/uploads\/2022\/04\/b2764586-25c7-4289-abd3-2c44011f75ad-500x306.jpg\" class=\"rt-img-responsive\" alt=\"\" \/><\/a><\/div> <div class='rt-detail'><div class='post-meta-user'><span class='date-meta'><i class='far fa-calendar-alt'><\/i>April 20, 2022<\/span><\/div><h3 class=\"entry-title\"><a data-id=\"1999\" class=\"\" href=\"https:\/\/www.izhiq.org.al\/en\/2022\/04\/20\/takimi-teknik-i-pare-ne-qytetin-beratit\/\">Takimi teknik i par\u00eb n\u00eb qytetin\u00a0 Beratit<\/a><\/h3><div class='post-meta'><span class='read-more'><a data-id='1999' class='' href='https:\/\/www.izhiq.org.al\/en\/2022\/04\/20\/takimi-teknik-i-pare-ne-qytetin-beratit\/'>Lexo m\u00eb shum\u00eb<\/a><\/span><\/div><\/div><\/div><\/div><div class=\"rt-col-md-4 rt-col-sm-6 rt-col-xs-12 even-grid-item rt-grid-item img_zoom_in\" data-id=\"1957\"><div class=\"rt-holder\"><div class=\"rt-img-holder\"><a data-id='1957' class='' href='https:\/\/www.izhiq.org.al\/en\/2022\/04\/05\/rrjeti-i-konsumatorit-ne-qytetin-e-kukesit-ngre-problematikat-si-konsumator-ne-qytetin-e-tyre\/'><img loading=\"lazy\" decoding=\"async\" width=\"500\" height=\"306\" src=\"https:\/\/www.izhiq.org.al\/wp-content\/uploads\/2022\/04\/Kukes3-500x306.jpg\" class=\"rt-img-responsive\" alt=\"\" \/><\/a><\/div> <div class='rt-detail'><div class='post-meta-user'><span class='date-meta'><i class='far fa-calendar-alt'><\/i>April 5, 2022<\/span><\/div><h3 class=\"entry-title\"><a data-id=\"1957\" class=\"\" href=\"https:\/\/www.izhiq.org.al\/en\/2022\/04\/05\/rrjeti-i-konsumatorit-ne-qytetin-e-kukesit-ngre-problematikat-si-konsumator-ne-qytetin-e-tyre\/\">Rrjeti i Konsumatorit n\u00eb qytetin e Kuk\u00ebsit ngre problematikat si #konsumator n\u00eb qytetin e tyre<\/a><\/h3><div class='post-meta'><span class='read-more'><a data-id='1957' class='' href='https:\/\/www.izhiq.org.al\/en\/2022\/04\/05\/rrjeti-i-konsumatorit-ne-qytetin-e-kukesit-ngre-problematikat-si-konsumator-ne-qytetin-e-tyre\/'>Lexo m\u00eb shum\u00eb<\/a><\/span><\/div><\/div><\/div><\/div><\/div><div class='rt-pagination-wrap' data-total-pages='4' data-posts-per-page='3' data-type='pagination_ajax'  ><div class='rt-page-numbers'><\/div><\/div><\/div>\n\t\t<\/div>\n\t<\/div>\n<\/div><\/div><\/div><\/div><div class=\"vc_row wpb_row vc_row-fluid\"><div class=\"wpb_column vc_column_container vc_col-sm-12\"><div class=\"vc_column-inner\"><div class=\"wpb_wrapper\"><div class=\"vc_custom_heading\" ><h2 style=\"text-align: center;font-family:Abril Fatface;font-weight:400;font-style:normal\" >Events<\/h2><\/div>\n\t<div class=\"wpb_raw_code wpb_content_element wpb_raw_html vc_custom_1651193144356\" >\n\t\t<div class=\"wpb_wrapper\">\n\t\t\t<style type='text\/css' media='all'>#rt-tpg-container-1507336203 .rt-holder .rt-woo-info .price{color:#1e73be;}body .rt-tpg-container .rt-tpg-isotope-buttons .selected,\n\t\t\t\t\t#rt-tpg-container-1507336203 .layout12 .rt-holder:hover .rt-detail,\n\t\t\t\t\t#rt-tpg-container-1507336203 .isotope8 .rt-holder:hover .rt-detail,\n\t\t\t\t\t#rt-tpg-container-1507336203 .carousel8 .rt-holder:hover .rt-detail,\n\t\t\t\t\t#rt-tpg-container-1507336203 .layout13 .rt-holder .overlay .post-info,\n\t\t\t\t\t#rt-tpg-container-1507336203 .isotope9 .rt-holder .overlay .post-info,\n\t\t\t\t\t#rt-tpg-container-1507336203.rt-tpg-container .layout4 .rt-holder .rt-detail,\n\t\t\t\t\t.rt-modal-1507336203 .md-content,\n\t\t\t\t\t.rt-modal-1507336203 .md-content > .rt-md-content-holder .rt-md-content,\n\t\t\t\t\t.rt-popup-wrap-1507336203.rt-popup-wrap .rt-popup-navigation-wrap,\n\t\t\t\t\t#rt-tpg-container-1507336203 .carousel9 .rt-holder .overlay .post-info{background-color:#1e73be;}#rt-tpg-container-1507336203 .layout5 .rt-holder .overlay, #rt-tpg-container-1507336203 .isotope2 .rt-holder .overlay, #rt-tpg-container-1507336203 .carousel2 .rt-holder .overlay,#rt-tpg-container-1507336203 .layout15 .rt-holder h3, #rt-tpg-container-1507336203 .isotope11 .rt-holder h3, #rt-tpg-container-1507336203 .carousel11 .rt-holder h3, #rt-tpg-container-1507336203 .layout16 .rt-holder h3,\n\t\t\t\t\t#rt-tpg-container-1507336203 .isotope12 .rt-holder h3, #rt-tpg-container-1507336203 .carousel12 .rt-holder h3 {background-color:rgba(30,115,190,0.1);}#rt-tpg-container-1507336203 .read-more a{border-radius:4px;}#rt-tpg-container-1507336203 .rt-img-holder img.rt-img-responsive,#rt-tpg-container-1507336203 .rt-img-holder,\n\t\t\t\t\t#rt-tpg-container-1507336203 .rt-post-overlay .post-img,\n\t\t\t\t\t#rt-tpg-container-1507336203 .post-sm .post-img,\n\t\t\t\t\t#rt-tpg-container-1507336203 .rt-post-grid .post-img,\n\t\t\t\t\t#rt-tpg-container-1507336203 .post-img img {border-radius:px;}<\/style><div class='rt-container-fluid rt-tpg-container tpg-shortcode-main-wrapper' id='rt-tpg-container-1507336203'   data-layout='layout12' data-grid-style='even' data-desktop-col='3'  data-tab-col='2'  data-mobile-col='1' data-sc-id='2092'><div data-title='Loading ...' class='rt-row rt-content-loader   layout12 tpg-even'><div class=\"rt-col-md-4 rt-col-sm-6 rt-col-xs-12 even-grid-item rt-grid-item img_zoom_in\" data-id=\"2258\"><div class=\"rt-holder\"><div class=\"rt-img-holder\"><a data-id='2258' class='' href='https:\/\/www.izhiq.org.al\/en\/2022\/07\/18\/takime-teknike-per-te-drejten-e-konsumatorit\/'><img loading=\"lazy\" decoding=\"async\" width=\"500\" height=\"306\" src=\"https:\/\/www.izhiq.org.al\/wp-content\/uploads\/2022\/10\/1121-500x306.jpg\" class=\"rt-img-responsive\" alt=\"\" \/><\/a><\/div> <div class='rt-detail'><div class='post-meta-user'><span class='date-meta'><i class='far fa-calendar-alt'><\/i>July 18, 2022<\/span><\/div><h3 class=\"entry-title\"><a data-id=\"2258\" class=\"\" href=\"https:\/\/www.izhiq.org.al\/en\/2022\/07\/18\/takime-teknike-per-te-drejten-e-konsumatorit\/\">Takime teknike: &#8220;P\u00ebr t\u00eb drejt\u00ebn e konsumatorit&#8221;<\/a><\/h3><div class='post-meta'><span class='read-more'><a data-id='2258' class='' href='https:\/\/www.izhiq.org.al\/en\/2022\/07\/18\/takime-teknike-per-te-drejten-e-konsumatorit\/'>Lexo m\u00eb shum\u00eb<\/a><\/span><\/div><\/div><\/div><\/div><div class=\"rt-col-md-4 rt-col-sm-6 rt-col-xs-12 even-grid-item rt-grid-item img_zoom_in\" data-id=\"2248\"><div class=\"rt-holder\"><div class=\"rt-img-holder\"><a data-id='2248' class='' href='https:\/\/www.izhiq.org.al\/en\/2022\/07\/28\/mbi-150-qytetare-te-informuar-ne-lidhje-me-te-drejtat-e-tyre-si-konsumator\/'><img loading=\"lazy\" decoding=\"async\" width=\"500\" height=\"306\" src=\"https:\/\/www.izhiq.org.al\/wp-content\/uploads\/2022\/07\/Vlora-500x306.png\" class=\"rt-img-responsive\" alt=\"\" \/><\/a><\/div> <div class='rt-detail'><div class='post-meta-user'><span class='date-meta'><i class='far fa-calendar-alt'><\/i>July 28, 2022<\/span><\/div><h3 class=\"entry-title\"><a data-id=\"2248\" class=\"\" href=\"https:\/\/www.izhiq.org.al\/en\/2022\/07\/28\/mbi-150-qytetare-te-informuar-ne-lidhje-me-te-drejtat-e-tyre-si-konsumator\/\">Mbi 150 qytetar\u00eb t\u00eb informuar n\u00eb lidhje me t\u00eb drejtat e tyre si konsumator<\/a><\/h3><div class='post-meta'><span class='read-more'><a data-id='2248' class='' href='https:\/\/www.izhiq.org.al\/en\/2022\/07\/28\/mbi-150-qytetare-te-informuar-ne-lidhje-me-te-drejtat-e-tyre-si-konsumator\/'>Lexo m\u00eb shum\u00eb<\/a><\/span><\/div><\/div><\/div><\/div><div class=\"rt-col-md-4 rt-col-sm-6 rt-col-xs-12 even-grid-item rt-grid-item img_zoom_in\" data-id=\"2002\"><div class=\"rt-holder\"><div class=\"rt-img-holder\"><a data-id='2002' class='' href='https:\/\/www.izhiq.org.al\/en\/2022\/04\/22\/2002\/'><img loading=\"lazy\" decoding=\"async\" width=\"500\" height=\"306\" src=\"https:\/\/www.izhiq.org.al\/wp-content\/uploads\/2022\/04\/278911412_2497623883706585_3041557201218437967_n-500x306.jpg\" class=\"rt-img-responsive\" alt=\"\" \/><\/a><\/div> <div class='rt-detail'><div class='post-meta-user'><span class='date-meta'><i class='far fa-calendar-alt'><\/i>April 22, 2022<\/span><\/div><h3 class=\"entry-title\"><a data-id=\"2002\" class=\"\" href=\"https:\/\/www.izhiq.org.al\/en\/2022\/04\/22\/2002\/\"><\/a><\/h3><div class='post-meta'><span class='read-more'><a data-id='2002' class='' href='https:\/\/www.izhiq.org.al\/en\/2022\/04\/22\/2002\/'>Lexo m\u00eb shum\u00eb<\/a><\/span><\/div><\/div><\/div><\/div><\/div><div class='rt-pagination-wrap' data-total-pages='7' data-posts-per-page='3' data-type='pagination_ajax'  ><div class='rt-page-numbers'><\/div><\/div><\/div>\n\t\t<\/div>\n\t<\/div>\n<\/div><\/div><\/div><\/div>","protected":false},"excerpt":{"rendered":"Sot u zhvillua takimi i par\u00eb teknik n\u00eb qytetin e Elbasanit N\u00eb kuad\u00ebr t\u00eb projektit \u00a0\u201cDrejt BE-s\u00eb: Forcimi i shoq\u00ebris\u00eb civile ...","protected":false},"author":1,"featured_media":0,"parent":0,"menu_order":0,"comment_status":"closed","ping_status":"closed","template":"","meta":{"_vp_format_video_url":"","_vp_image_focal_point":[],"footnotes":"","_links_to":"","_links_to_target":""},"class_list":["post-1084","page","type-page","status-publish","hentry"],"yoast_head":"<!-- This site is optimized with the Yoast SEO plugin v27.4 - https:\/\/yoast.com\/product\/yoast-seo-wordpress\/ -->\n<title>T\u00eb drejtat e konsumatorit - Instituti per Zhvillim dhe Inisiativa Qytetare<\/title>\n<meta name=\"robots\" content=\"index, follow, max-snippet:-1, max-image-preview:large, max-video-preview:-1\" \/>\n<link rel=\"canonical\" href=\"https:\/\/www.izhiq.org.al\/en\/te-drejtat-e-konsumatorit\/\" \/>\n<meta property=\"og:locale\" content=\"en_US\" \/>\n<meta property=\"og:type\" content=\"article\" \/>\n<meta property=\"og:title\" content=\"T\u00eb drejtat e konsumatorit - Instituti per Zhvillim dhe Inisiativa Qytetare\" \/>\n<meta property=\"og:url\" content=\"https:\/\/www.izhiq.org.al\/en\/te-drejtat-e-konsumatorit\/\" \/>\n<meta property=\"og:site_name\" content=\"Instituti per Zhvillim dhe Inisiativa Qytetare\" \/>\n<meta property=\"article:modified_time\" content=\"2022-04-29T00:45:47+00:00\" \/>\n<meta name=\"twitter:card\" content=\"summary_large_image\" \/>\n<meta name=\"twitter:label1\" content=\"Est. reading time\" \/>\n\t<meta name=\"twitter:data1\" content=\"1 minute\" \/>\n<script type=\"application\/ld+json\" class=\"yoast-schema-graph\">{\"@context\":\"https:\\\/\\\/schema.org\",\"@graph\":[{\"@type\":\"WebPage\",\"@id\":\"https:\\\/\\\/www.izhiq.org.al\\\/te-drejtat-e-konsumatorit\\\/\",\"url\":\"https:\\\/\\\/www.izhiq.org.al\\\/te-drejtat-e-konsumatorit\\\/\",\"name\":\"T\u00eb drejtat e konsumatorit - Instituti per Zhvillim dhe Inisiativa Qytetare\",\"isPartOf\":{\"@id\":\"https:\\\/\\\/www.izhiq.org.al\\\/#website\"},\"datePublished\":\"2021-10-04T17:30:28+00:00\",\"dateModified\":\"2022-04-29T00:45:47+00:00\",\"breadcrumb\":{\"@id\":\"https:\\\/\\\/www.izhiq.org.al\\\/te-drejtat-e-konsumatorit\\\/#breadcrumb\"},\"inLanguage\":\"en-US\",\"potentialAction\":[{\"@type\":\"ReadAction\",\"target\":[\"https:\\\/\\\/www.izhiq.org.al\\\/te-drejtat-e-konsumatorit\\\/\"]}]},{\"@type\":\"BreadcrumbList\",\"@id\":\"https:\\\/\\\/www.izhiq.org.al\\\/te-drejtat-e-konsumatorit\\\/#breadcrumb\",\"itemListElement\":[{\"@type\":\"ListItem\",\"position\":1,\"name\":\"Home\",\"item\":\"https:\\\/\\\/www.izhiq.org.al\\\/\"},{\"@type\":\"ListItem\",\"position\":2,\"name\":\"T\u00eb drejtat e konsumatorit\"}]},{\"@type\":\"WebSite\",\"@id\":\"https:\\\/\\\/www.izhiq.org.al\\\/#website\",\"url\":\"https:\\\/\\\/www.izhiq.org.al\\\/\",\"name\":\"Instituti per Zhvillim dhe Inisiativa Qytetare\",\"description\":\"Instituti per Zhvillim dhe Inisiativa Qytetare\",\"potentialAction\":[{\"@type\":\"SearchAction\",\"target\":{\"@type\":\"EntryPoint\",\"urlTemplate\":\"https:\\\/\\\/www.izhiq.org.al\\\/?s={search_term_string}\"},\"query-input\":{\"@type\":\"PropertyValueSpecification\",\"valueRequired\":true,\"valueName\":\"search_term_string\"}}],\"inLanguage\":\"en-US\"}]}<\/script>\n<!-- \/ Yoast SEO plugin. -->","yoast_head_json":{"title":"T\u00eb drejtat e konsumatorit - Instituti per Zhvillim dhe Inisiativa Qytetare","robots":{"index":"index","follow":"follow","max-snippet":"max-snippet:-1","max-image-preview":"max-image-preview:large","max-video-preview":"max-video-preview:-1"},"canonical":"https:\/\/www.izhiq.org.al\/en\/te-drejtat-e-konsumatorit\/","og_locale":"en_US","og_type":"article","og_title":"T\u00eb drejtat e konsumatorit - Instituti per Zhvillim dhe Inisiativa Qytetare","og_url":"https:\/\/www.izhiq.org.al\/en\/te-drejtat-e-konsumatorit\/","og_site_name":"Instituti per Zhvillim dhe Inisiativa Qytetare","article_modified_time":"2022-04-29T00:45:47+00:00","twitter_card":"summary_large_image","twitter_misc":{"Est. reading time":"1 minute"},"schema":{"@context":"https:\/\/schema.org","@graph":[{"@type":"WebPage","@id":"https:\/\/www.izhiq.org.al\/te-drejtat-e-konsumatorit\/","url":"https:\/\/www.izhiq.org.al\/te-drejtat-e-konsumatorit\/","name":"T\u00eb drejtat e konsumatorit - Instituti per Zhvillim dhe Inisiativa Qytetare","isPartOf":{"@id":"https:\/\/www.izhiq.org.al\/#website"},"datePublished":"2021-10-04T17:30:28+00:00","dateModified":"2022-04-29T00:45:47+00:00","breadcrumb":{"@id":"https:\/\/www.izhiq.org.al\/te-drejtat-e-konsumatorit\/#breadcrumb"},"inLanguage":"en-US","potentialAction":[{"@type":"ReadAction","target":["https:\/\/www.izhiq.org.al\/te-drejtat-e-konsumatorit\/"]}]},{"@type":"BreadcrumbList","@id":"https:\/\/www.izhiq.org.al\/te-drejtat-e-konsumatorit\/#breadcrumb","itemListElement":[{"@type":"ListItem","position":1,"name":"Home","item":"https:\/\/www.izhiq.org.al\/"},{"@type":"ListItem","position":2,"name":"T\u00eb drejtat e konsumatorit"}]},{"@type":"WebSite","@id":"https:\/\/www.izhiq.org.al\/#website","url":"https:\/\/www.izhiq.org.al\/","name":"Instituti per Zhvillim dhe Inisiativa Qytetare","description":"Instituti per Zhvillim dhe Inisiativa Qytetare","potentialAction":[{"@type":"SearchAction","target":{"@type":"EntryPoint","urlTemplate":"https:\/\/www.izhiq.org.al\/?s={search_term_string}"},"query-input":{"@type":"PropertyValueSpecification","valueRequired":true,"valueName":"search_term_string"}}],"inLanguage":"en-US"}]}},"rttpg_featured_image_url":null,"rttpg_author":{"display_name":"izhiqytetare_10ociur3","author_link":"https:\/\/www.izhiq.org.al\/en\/author\/izhiqytetare_10ociur3\/"},"rttpg_comment":0,"rttpg_category":"","rttpg_excerpt":null,"_links":{"self":[{"href":"https:\/\/www.izhiq.org.al\/en\/wp-json\/wp\/v2\/pages\/1084","targetHints":{"allow":["GET"]}}],"collection":[{"href":"https:\/\/www.izhiq.org.al\/en\/wp-json\/wp\/v2\/pages"}],"about":[{"href":"https:\/\/www.izhiq.org.al\/en\/wp-json\/wp\/v2\/types\/page"}],"author":[{"embeddable":true,"href":"https:\/\/www.izhiq.org.al\/en\/wp-json\/wp\/v2\/users\/1"}],"replies":[{"embeddable":true,"href":"https:\/\/www.izhiq.org.al\/en\/wp-json\/wp\/v2\/comments?post=1084"}],"version-history":[{"count":7,"href":"https:\/\/www.izhiq.org.al\/en\/wp-json\/wp\/v2\/pages\/1084\/revisions"}],"predecessor-version":[{"id":2093,"href":"https:\/\/www.izhiq.org.al\/en\/wp-json\/wp\/v2\/pages\/1084\/revisions\/2093"}],"wp:attachment":[{"href":"https:\/\/www.izhiq.org.al\/en\/wp-json\/wp\/v2\/media?parent=1084"}],"curies":[{"name":"wp","href":"https:\/\/api.w.org\/{rel}","templated":true}]}}