{"id":1189,"date":"2021-10-05T13:45:32","date_gmt":"2021-10-05T13:45:32","guid":{"rendered":"https:\/\/www.izhiq.org.al\/?page_id=1189"},"modified":"2022-04-29T01:06:13","modified_gmt":"2022-04-29T01:06:13","slug":"aktivitete","status":"publish","type":"page","link":"https:\/\/www.izhiq.org.al\/en\/aktivitete\/","title":{"rendered":"Events"},"content":{"rendered":"<div class=\"vc_row wpb_row vc_row-fluid\"><div class=\"wpb_column vc_column_container vc_col-sm-12\"><div class=\"vc_column-inner\"><div class=\"wpb_wrapper\">\n\t<div class=\"wpb_raw_code wpb_content_element wpb_raw_html\" >\n\t\t<div class=\"wpb_wrapper\">\n\t\t\t<style type='text\/css' media='all'>#rt-tpg-container-4285359052 .rt-holder .rt-woo-info .price{color:#1e73be;}body .rt-tpg-container .rt-tpg-isotope-buttons .selected,\n\t\t\t\t\t#rt-tpg-container-4285359052 .layout12 .rt-holder:hover .rt-detail,\n\t\t\t\t\t#rt-tpg-container-4285359052 .isotope8 .rt-holder:hover .rt-detail,\n\t\t\t\t\t#rt-tpg-container-4285359052 .carousel8 .rt-holder:hover .rt-detail,\n\t\t\t\t\t#rt-tpg-container-4285359052 .layout13 .rt-holder .overlay .post-info,\n\t\t\t\t\t#rt-tpg-container-4285359052 .isotope9 .rt-holder .overlay .post-info,\n\t\t\t\t\t#rt-tpg-container-4285359052.rt-tpg-container .layout4 .rt-holder .rt-detail,\n\t\t\t\t\t.rt-modal-4285359052 .md-content,\n\t\t\t\t\t.rt-modal-4285359052 .md-content > .rt-md-content-holder .rt-md-content,\n\t\t\t\t\t.rt-popup-wrap-4285359052.rt-popup-wrap .rt-popup-navigation-wrap,\n\t\t\t\t\t#rt-tpg-container-4285359052 .carousel9 .rt-holder .overlay .post-info{background-color:#1e73be;}#rt-tpg-container-4285359052 .layout5 .rt-holder .overlay, #rt-tpg-container-4285359052 .isotope2 .rt-holder .overlay, #rt-tpg-container-4285359052 .carousel2 .rt-holder .overlay,#rt-tpg-container-4285359052 .layout15 .rt-holder h3, #rt-tpg-container-4285359052 .isotope11 .rt-holder h3, #rt-tpg-container-4285359052 .carousel11 .rt-holder h3, #rt-tpg-container-4285359052 .layout16 .rt-holder h3,\n\t\t\t\t\t#rt-tpg-container-4285359052 .isotope12 .rt-holder h3, #rt-tpg-container-4285359052 .carousel12 .rt-holder h3 {background-color:rgba(30,115,190,0.1);}#rt-tpg-container-4285359052 .read-more a{border-radius:4px;}#rt-tpg-container-4285359052 .rt-img-holder img.rt-img-responsive,#rt-tpg-container-4285359052 .rt-img-holder,\n\t\t\t\t\t#rt-tpg-container-4285359052 .rt-post-overlay .post-img,\n\t\t\t\t\t#rt-tpg-container-4285359052 .post-sm .post-img,\n\t\t\t\t\t#rt-tpg-container-4285359052 .rt-post-grid .post-img,\n\t\t\t\t\t#rt-tpg-container-4285359052 .post-img img {border-radius:px;}<\/style><div class='rt-container-fluid rt-tpg-container tpg-shortcode-main-wrapper' id='rt-tpg-container-4285359052'   data-layout='layout12' data-grid-style='even' data-desktop-col='3'  data-tab-col='2'  data-mobile-col='1' data-sc-id='2106'><div data-title='Loading ...' class='rt-row rt-content-loader   layout12 tpg-even'><div class=\"rt-col-md-4 rt-col-sm-6 rt-col-xs-12 even-grid-item rt-grid-item img_zoom_in\" data-id=\"1754\"><div class=\"rt-holder\"><div class=\"rt-img-holder\"><a data-id='1754' class='' href='https:\/\/www.izhiq.org.al\/en\/2022\/02\/04\/inspektimet-ne-te-drejten-e-konsumatorit-izhiq-inicion-per-hapjen-e-zyres-se-konmsumatorit-ne-elbasan\/'><img loading=\"lazy\" decoding=\"async\" width=\"500\" height=\"306\" src=\"https:\/\/www.izhiq.org.al\/wp-content\/uploads\/2022\/02\/251847669_446867360162308_8319991316463009086_n-1-500x306.jpg\" class=\"rt-img-responsive\" alt=\"\" \/><\/a><\/div> <div class='rt-detail'><div class='post-meta-user'><span class='date-meta'><i class='far fa-calendar-alt'><\/i>February 4, 2022<\/span><\/div><h3 class=\"entry-title\"><a data-id=\"1754\" class=\"\" href=\"https:\/\/www.izhiq.org.al\/en\/2022\/02\/04\/inspektimet-ne-te-drejten-e-konsumatorit-izhiq-inicion-per-hapjen-e-zyres-se-konmsumatorit-ne-elbasan\/\">Pas trajnimeve: IZHIQ inicion p\u00ebr hapjen e Zyr\u00ebs s\u00eb Konmsumatorit n\u00eb Elbasan<\/a><\/h3><div class='post-meta'><span class='read-more'><a data-id='1754' class='' href='https:\/\/www.izhiq.org.al\/en\/2022\/02\/04\/inspektimet-ne-te-drejten-e-konsumatorit-izhiq-inicion-per-hapjen-e-zyres-se-konmsumatorit-ne-elbasan\/'>Lexo m\u00eb shum\u00eb<\/a><\/span><\/div><\/div><\/div><\/div><div class=\"rt-col-md-4 rt-col-sm-6 rt-col-xs-12 even-grid-item rt-grid-item img_zoom_in\" data-id=\"1750\"><div class=\"rt-holder\"><div class=\"rt-img-holder\"><a data-id='1750' class='' href='https:\/\/www.izhiq.org.al\/en\/2022\/02\/04\/sekretari-i-pergjithshem-i-unionit-evropian-te-konsumatorit-ecu-trajnim-me-praktikat-me-te-mira-nderkombetare-per-te-drejtat-e-konsumatorit\/'><img loading=\"lazy\" decoding=\"async\" width=\"500\" height=\"306\" src=\"https:\/\/www.izhiq.org.al\/wp-content\/uploads\/2022\/02\/252114486_446203600228684_7826109266437865824_n-500x306.jpg\" class=\"rt-img-responsive\" alt=\"\" \/><\/a><\/div> <div class='rt-detail'><div class='post-meta-user'><span class='date-meta'><i class='far fa-calendar-alt'><\/i>February 4, 2022<\/span><\/div><h3 class=\"entry-title\"><a data-id=\"1750\" class=\"\" href=\"https:\/\/www.izhiq.org.al\/en\/2022\/02\/04\/sekretari-i-pergjithshem-i-unionit-evropian-te-konsumatorit-ecu-trajnim-me-praktikat-me-te-mira-nderkombetare-per-te-drejtat-e-konsumatorit\/\">Sekretari i p\u00ebrgjithsh\u00ebm i ECU: Praktikat m\u00eb t\u00eb mira nd\u00ebrkomb\u00ebtare<\/a><\/h3><div class='post-meta'><span class='read-more'><a data-id='1750' class='' href='https:\/\/www.izhiq.org.al\/en\/2022\/02\/04\/sekretari-i-pergjithshem-i-unionit-evropian-te-konsumatorit-ecu-trajnim-me-praktikat-me-te-mira-nderkombetare-per-te-drejtat-e-konsumatorit\/'>Lexo m\u00eb shum\u00eb<\/a><\/span><\/div><\/div><\/div><\/div><div class=\"rt-col-md-4 rt-col-sm-6 rt-col-xs-12 even-grid-item rt-grid-item img_zoom_in\" data-id=\"1747\"><div class=\"rt-holder\"><div class=\"rt-img-holder\"><a data-id='1747' class='' href='https:\/\/www.izhiq.org.al\/en\/2022\/02\/04\/te-drejtat-e-konsumatorit-parimet-e-mbrojtjes-se-konsumatorit-pergjegjesite-e-tregtarit-izhiq-vazhdon-trajnimet-ne-elbasan\/'><img loading=\"lazy\" decoding=\"async\" width=\"500\" height=\"306\" src=\"https:\/\/www.izhiq.org.al\/wp-content\/uploads\/2022\/02\/251342736_445631010285943_5699632659318968971_n-1-500x306.jpg\" class=\"rt-img-responsive\" alt=\"\" \/><\/a><\/div> <div class='rt-detail'><div class='post-meta-user'><span class='date-meta'><i class='far fa-calendar-alt'><\/i>February 4, 2022<\/span><\/div><h3 class=\"entry-title\"><a data-id=\"1747\" class=\"\" href=\"https:\/\/www.izhiq.org.al\/en\/2022\/02\/04\/te-drejtat-e-konsumatorit-parimet-e-mbrojtjes-se-konsumatorit-pergjegjesite-e-tregtarit-izhiq-vazhdon-trajnimet-ne-elbasan\/\">Parimet e mbrojtjes s\u00eb konsumatorit dhe p\u00ebrgjegj\u00ebsit\u00eb e tregtarit<\/a><\/h3><div class='post-meta'><span class='read-more'><a data-id='1747' class='' href='https:\/\/www.izhiq.org.al\/en\/2022\/02\/04\/te-drejtat-e-konsumatorit-parimet-e-mbrojtjes-se-konsumatorit-pergjegjesite-e-tregtarit-izhiq-vazhdon-trajnimet-ne-elbasan\/'>Lexo m\u00eb shum\u00eb<\/a><\/span><\/div><\/div><\/div><\/div><\/div><div class='rt-pagination-wrap' data-total-pages='2' data-posts-per-page='3' data-type='pagination_ajax'  ><div class='rt-page-numbers'><\/div><\/div><\/div>\n\t\t<\/div>\n\t<\/div>\n<\/div><\/div><\/div><\/div>","protected":false},"excerpt":{"rendered":"Izhiq vazhdon trajnimet sot n\u00eb Elbasan P\u00ebr t\u00eb rritur kapacitetet dhe ndar\u00eb disa parime baz\u00eb t\u00eb s\u00eb drejt\u00ebs s\u00eb #konsumatorit bashk\u00eb ...","protected":false},"author":1,"featured_media":0,"parent":0,"menu_order":0,"comment_status":"closed","ping_status":"closed","template":"","meta":{"_vp_format_video_url":"","_vp_image_focal_point":[],"footnotes":"","_links_to":"","_links_to_target":""},"class_list":["post-1189","page","type-page","status-publish","hentry"],"yoast_head":"<!-- This site is optimized with the Yoast SEO plugin v27.4 - https:\/\/yoast.com\/product\/yoast-seo-wordpress\/ -->\n<title>Aktivitete - Instituti per Zhvillim dhe Inisiativa Qytetare<\/title>\n<meta name=\"robots\" content=\"index, follow, max-snippet:-1, max-image-preview:large, max-video-preview:-1\" \/>\n<link rel=\"canonical\" href=\"https:\/\/www.izhiq.org.al\/en\/aktivitete\/\" \/>\n<meta property=\"og:locale\" content=\"en_US\" \/>\n<meta property=\"og:type\" content=\"article\" \/>\n<meta property=\"og:title\" content=\"Aktivitete - Instituti per Zhvillim dhe Inisiativa Qytetare\" \/>\n<meta property=\"og:url\" content=\"https:\/\/www.izhiq.org.al\/en\/aktivitete\/\" \/>\n<meta property=\"og:site_name\" content=\"Instituti per Zhvillim dhe Inisiativa Qytetare\" \/>\n<meta property=\"article:modified_time\" content=\"2022-04-29T01:06:13+00:00\" \/>\n<meta name=\"twitter:card\" content=\"summary_large_image\" \/>\n<script type=\"application\/ld+json\" class=\"yoast-schema-graph\">{\"@context\":\"https:\\\/\\\/schema.org\",\"@graph\":[{\"@type\":\"WebPage\",\"@id\":\"https:\\\/\\\/www.izhiq.org.al\\\/aktivitete\\\/\",\"url\":\"https:\\\/\\\/www.izhiq.org.al\\\/aktivitete\\\/\",\"name\":\"Aktivitete - Instituti per Zhvillim dhe Inisiativa Qytetare\",\"isPartOf\":{\"@id\":\"https:\\\/\\\/www.izhiq.org.al\\\/#website\"},\"datePublished\":\"2021-10-05T13:45:32+00:00\",\"dateModified\":\"2022-04-29T01:06:13+00:00\",\"breadcrumb\":{\"@id\":\"https:\\\/\\\/www.izhiq.org.al\\\/aktivitete\\\/#breadcrumb\"},\"inLanguage\":\"en-US\",\"potentialAction\":[{\"@type\":\"ReadAction\",\"target\":[\"https:\\\/\\\/www.izhiq.org.al\\\/aktivitete\\\/\"]}]},{\"@type\":\"BreadcrumbList\",\"@id\":\"https:\\\/\\\/www.izhiq.org.al\\\/aktivitete\\\/#breadcrumb\",\"itemListElement\":[{\"@type\":\"ListItem\",\"position\":1,\"name\":\"Home\",\"item\":\"https:\\\/\\\/www.izhiq.org.al\\\/\"},{\"@type\":\"ListItem\",\"position\":2,\"name\":\"Aktivitete\"}]},{\"@type\":\"WebSite\",\"@id\":\"https:\\\/\\\/www.izhiq.org.al\\\/#website\",\"url\":\"https:\\\/\\\/www.izhiq.org.al\\\/\",\"name\":\"Instituti per Zhvillim dhe Inisiativa Qytetare\",\"description\":\"Instituti per Zhvillim dhe Inisiativa Qytetare\",\"potentialAction\":[{\"@type\":\"SearchAction\",\"target\":{\"@type\":\"EntryPoint\",\"urlTemplate\":\"https:\\\/\\\/www.izhiq.org.al\\\/?s={search_term_string}\"},\"query-input\":{\"@type\":\"PropertyValueSpecification\",\"valueRequired\":true,\"valueName\":\"search_term_string\"}}],\"inLanguage\":\"en-US\"}]}<\/script>\n<!-- \/ Yoast SEO plugin. -->","yoast_head_json":{"title":"Aktivitete - Instituti per Zhvillim dhe Inisiativa Qytetare","robots":{"index":"index","follow":"follow","max-snippet":"max-snippet:-1","max-image-preview":"max-image-preview:large","max-video-preview":"max-video-preview:-1"},"canonical":"https:\/\/www.izhiq.org.al\/en\/aktivitete\/","og_locale":"en_US","og_type":"article","og_title":"Aktivitete - Instituti per Zhvillim dhe Inisiativa Qytetare","og_url":"https:\/\/www.izhiq.org.al\/en\/aktivitete\/","og_site_name":"Instituti per Zhvillim dhe Inisiativa Qytetare","article_modified_time":"2022-04-29T01:06:13+00:00","twitter_card":"summary_large_image","schema":{"@context":"https:\/\/schema.org","@graph":[{"@type":"WebPage","@id":"https:\/\/www.izhiq.org.al\/aktivitete\/","url":"https:\/\/www.izhiq.org.al\/aktivitete\/","name":"Aktivitete - Instituti per Zhvillim dhe Inisiativa Qytetare","isPartOf":{"@id":"https:\/\/www.izhiq.org.al\/#website"},"datePublished":"2021-10-05T13:45:32+00:00","dateModified":"2022-04-29T01:06:13+00:00","breadcrumb":{"@id":"https:\/\/www.izhiq.org.al\/aktivitete\/#breadcrumb"},"inLanguage":"en-US","potentialAction":[{"@type":"ReadAction","target":["https:\/\/www.izhiq.org.al\/aktivitete\/"]}]},{"@type":"BreadcrumbList","@id":"https:\/\/www.izhiq.org.al\/aktivitete\/#breadcrumb","itemListElement":[{"@type":"ListItem","position":1,"name":"Home","item":"https:\/\/www.izhiq.org.al\/"},{"@type":"ListItem","position":2,"name":"Aktivitete"}]},{"@type":"WebSite","@id":"https:\/\/www.izhiq.org.al\/#website","url":"https:\/\/www.izhiq.org.al\/","name":"Instituti per Zhvillim dhe Inisiativa Qytetare","description":"Instituti per Zhvillim dhe Inisiativa Qytetare","potentialAction":[{"@type":"SearchAction","target":{"@type":"EntryPoint","urlTemplate":"https:\/\/www.izhiq.org.al\/?s={search_term_string}"},"query-input":{"@type":"PropertyValueSpecification","valueRequired":true,"valueName":"search_term_string"}}],"inLanguage":"en-US"}]}},"rttpg_featured_image_url":null,"rttpg_author":{"display_name":"izhiqytetare_10ociur3","author_link":"https:\/\/www.izhiq.org.al\/en\/author\/izhiqytetare_10ociur3\/"},"rttpg_comment":0,"rttpg_category":"","rttpg_excerpt":null,"_links":{"self":[{"href":"https:\/\/www.izhiq.org.al\/en\/wp-json\/wp\/v2\/pages\/1189","targetHints":{"allow":["GET"]}}],"collection":[{"href":"https:\/\/www.izhiq.org.al\/en\/wp-json\/wp\/v2\/pages"}],"about":[{"href":"https:\/\/www.izhiq.org.al\/en\/wp-json\/wp\/v2\/types\/page"}],"author":[{"embeddable":true,"href":"https:\/\/www.izhiq.org.al\/en\/wp-json\/wp\/v2\/users\/1"}],"replies":[{"embeddable":true,"href":"https:\/\/www.izhiq.org.al\/en\/wp-json\/wp\/v2\/comments?post=1189"}],"version-history":[{"count":6,"href":"https:\/\/www.izhiq.org.al\/en\/wp-json\/wp\/v2\/pages\/1189\/revisions"}],"predecessor-version":[{"id":2109,"href":"https:\/\/www.izhiq.org.al\/en\/wp-json\/wp\/v2\/pages\/1189\/revisions\/2109"}],"wp:attachment":[{"href":"https:\/\/www.izhiq.org.al\/en\/wp-json\/wp\/v2\/media?parent=1189"}],"curies":[{"name":"wp","href":"https:\/\/api.w.org\/{rel}","templated":true}]}}