{"id":1283,"date":"2021-10-07T22:04:28","date_gmt":"2021-10-07T22:04:28","guid":{"rendered":"https:\/\/www.izhiq.org.al\/?page_id=1283"},"modified":"2022-05-16T17:11:40","modified_gmt":"2022-05-16T17:11:40","slug":"foto","status":"publish","type":"page","link":"https:\/\/www.izhiq.org.al\/en\/foto\/","title":{"rendered":"Photo"},"content":{"rendered":"<div class=\"vc_row wpb_row vc_row-fluid\"><div class=\"wpb_column vc_column_container vc_col-sm-12\"><div class=\"vc_column-inner\"><div class=\"wpb_wrapper\">\n\t<div class=\"wpb_raw_code wpb_content_element wpb_raw_html\" >\n\t\t<div class=\"wpb_wrapper\">\n\t\t\t<style type='text\/css' media='all'>#rt-tpg-container-3047188666 .rt-holder .rt-woo-info .price{color:#0367bf;}body .rt-tpg-container .rt-tpg-isotope-buttons .selected,\n\t\t\t\t\t#rt-tpg-container-3047188666 .layout12 .rt-holder:hover .rt-detail,\n\t\t\t\t\t#rt-tpg-container-3047188666 .isotope8 .rt-holder:hover .rt-detail,\n\t\t\t\t\t#rt-tpg-container-3047188666 .carousel8 .rt-holder:hover .rt-detail,\n\t\t\t\t\t#rt-tpg-container-3047188666 .layout13 .rt-holder .overlay .post-info,\n\t\t\t\t\t#rt-tpg-container-3047188666 .isotope9 .rt-holder .overlay .post-info,\n\t\t\t\t\t#rt-tpg-container-3047188666.rt-tpg-container .layout4 .rt-holder .rt-detail,\n\t\t\t\t\t.rt-modal-3047188666 .md-content,\n\t\t\t\t\t.rt-modal-3047188666 .md-content > .rt-md-content-holder .rt-md-content,\n\t\t\t\t\t.rt-popup-wrap-3047188666.rt-popup-wrap .rt-popup-navigation-wrap,\n\t\t\t\t\t#rt-tpg-container-3047188666 .carousel9 .rt-holder .overlay .post-info{background-color:#0367bf;}#rt-tpg-container-3047188666 .layout5 .rt-holder .overlay, #rt-tpg-container-3047188666 .isotope2 .rt-holder .overlay, #rt-tpg-container-3047188666 .carousel2 .rt-holder .overlay,#rt-tpg-container-3047188666 .layout15 .rt-holder h3, #rt-tpg-container-3047188666 .isotope11 .rt-holder h3, #rt-tpg-container-3047188666 .carousel11 .rt-holder h3, #rt-tpg-container-3047188666 .layout16 .rt-holder h3,\n\t\t\t\t\t#rt-tpg-container-3047188666 .isotope12 .rt-holder h3, #rt-tpg-container-3047188666 .carousel12 .rt-holder h3 {background-color:rgba(3,103,191,0.1);}#rt-tpg-container-3047188666 .read-more a{border-radius:px;}#rt-tpg-container-3047188666 .rt-img-holder img.rt-img-responsive,#rt-tpg-container-3047188666 .rt-img-holder,\n\t\t\t\t\t#rt-tpg-container-3047188666 .rt-post-overlay .post-img,\n\t\t\t\t\t#rt-tpg-container-3047188666 .post-sm .post-img,\n\t\t\t\t\t#rt-tpg-container-3047188666 .rt-post-grid .post-img,\n\t\t\t\t\t#rt-tpg-container-3047188666 .post-img img {border-radius:px;}<\/style><div class='rt-container-fluid rt-tpg-container tpg-shortcode-main-wrapper' id='rt-tpg-container-3047188666'   data-layout='layout17' data-grid-style='even' data-desktop-col='3'  data-tab-col='2'  data-mobile-col='1' data-sc-id='2209'><div data-title='Loading ...' class='rt-row rt-content-loader grid-layout7 layout17 tpg-even'><div class=\"rt-col-md-4 rt-col-sm-6 rt-col-xs-12 even-grid-item rt-grid-item\" data-id=\"2435\"><div class=\"rt-holder\"><div class=\"overlay\"><a class='tpg-zoom' title='P\u00ebrfaqesues t\u00eb Bashkis\u00eb Berat, shoq\u00ebria civile dhe t\u00eb rinjt\u00eb b\u00ebhen pjes\u00eb e fokus-grupit mbi pun\u00ebsimin e denj\u00eb' href='https:\/\/www.izhiq.org.al\/wp-content\/uploads\/2025\/09\/547249500_798821175999359_7336455880464813874_n.jpg'><i class='fa fa-plus' aria-hidden='true'><\/i><\/a><\/div><img loading=\"lazy\" decoding=\"async\" width=\"1280\" height=\"960\" src=\"https:\/\/www.izhiq.org.al\/wp-content\/uploads\/2025\/09\/547249500_798821175999359_7336455880464813874_n.jpg\" class=\"rt-img-responsive\" alt=\"\" \/><\/div><\/div><div class=\"rt-col-md-4 rt-col-sm-6 rt-col-xs-12 even-grid-item rt-grid-item\" data-id=\"2442\"><div class=\"rt-holder\"><div class=\"overlay\"><a class='tpg-zoom' title='Klos: T\u00eb rinjt\u00eb njihen me r\u00ebnd\u00ebsin\u00eb e Kontratave t\u00eb Pun\u00ebs' href='https:\/\/www.izhiq.org.al\/wp-content\/uploads\/2025\/09\/544976121_796223049592505_728961606074693728_n.jpg'><i class='fa fa-plus' aria-hidden='true'><\/i><\/a><\/div><img loading=\"lazy\" decoding=\"async\" width=\"1600\" height=\"888\" src=\"https:\/\/www.izhiq.org.al\/wp-content\/uploads\/2025\/09\/544976121_796223049592505_728961606074693728_n.jpg\" class=\"rt-img-responsive\" alt=\"\" \/><\/div><\/div><div class=\"rt-col-md-4 rt-col-sm-6 rt-col-xs-12 even-grid-item rt-grid-item\" data-id=\"2166\"><div class=\"rt-holder\"><div class=\"overlay\"><a class='tpg-zoom' title='Photo' href='https:\/\/www.izhiq.org.al\/wp-content\/uploads\/2022\/04\/282d3068-f484-4cdd-99aa-99d4b88d5424-e1650611856377.jpg'><i class='fa fa-plus' aria-hidden='true'><\/i><\/a><\/div><img loading=\"lazy\" decoding=\"async\" width=\"800\" height=\"600\" src=\"https:\/\/www.izhiq.org.al\/wp-content\/uploads\/2022\/04\/282d3068-f484-4cdd-99aa-99d4b88d5424-e1650611856377.jpg\" class=\"rt-img-responsive\" alt=\"\" \/><\/div><\/div><div class=\"rt-col-md-4 rt-col-sm-6 rt-col-xs-12 even-grid-item rt-grid-item\" data-id=\"2136\"><div class=\"rt-holder\"><div class=\"overlay\"><a class='tpg-zoom' title='E drejta e konsumatorit' href='https:\/\/www.izhiq.org.al\/wp-content\/uploads\/2022\/04\/276071478_361744296006019_9114635426480037441_n-e1649751056430.jpg'><i class='fa fa-plus' aria-hidden='true'><\/i><\/a><\/div><img loading=\"lazy\" decoding=\"async\" width=\"800\" height=\"736\" src=\"https:\/\/www.izhiq.org.al\/wp-content\/uploads\/2022\/04\/276071478_361744296006019_9114635426480037441_n-e1649751056430.jpg\" class=\"rt-img-responsive\" alt=\"\" \/><\/div><\/div><\/div><\/div>\n\t\t<\/div>\n\t<\/div>\n<\/div><\/div><\/div><\/div>","protected":false},"excerpt":{"rendered":"","protected":false},"author":1,"featured_media":0,"parent":0,"menu_order":0,"comment_status":"closed","ping_status":"closed","template":"","meta":{"_vp_format_video_url":"","_vp_image_focal_point":[],"footnotes":"","_links_to":"","_links_to_target":""},"class_list":["post-1283","page","type-page","status-publish","hentry"],"yoast_head":"<!-- This site is optimized with the Yoast SEO plugin v27.4 - https:\/\/yoast.com\/product\/yoast-seo-wordpress\/ -->\n<title>Foto - Instituti per Zhvillim dhe Inisiativa Qytetare<\/title>\n<meta name=\"robots\" content=\"index, follow, max-snippet:-1, max-image-preview:large, max-video-preview:-1\" \/>\n<link rel=\"canonical\" href=\"https:\/\/www.izhiq.org.al\/en\/foto\/\" \/>\n<meta property=\"og:locale\" content=\"en_US\" \/>\n<meta property=\"og:type\" content=\"article\" \/>\n<meta property=\"og:title\" content=\"Foto - Instituti per Zhvillim dhe Inisiativa Qytetare\" \/>\n<meta property=\"og:url\" content=\"https:\/\/www.izhiq.org.al\/en\/foto\/\" \/>\n<meta property=\"og:site_name\" content=\"Instituti per Zhvillim dhe Inisiativa Qytetare\" \/>\n<meta property=\"article:modified_time\" content=\"2022-05-16T17:11:40+00:00\" \/>\n<meta name=\"twitter:card\" content=\"summary_large_image\" \/>\n<meta name=\"twitter:label1\" content=\"Est. reading time\" \/>\n\t<meta name=\"twitter:data1\" content=\"1 minute\" \/>\n<script type=\"application\/ld+json\" class=\"yoast-schema-graph\">{\"@context\":\"https:\\\/\\\/schema.org\",\"@graph\":[{\"@type\":\"WebPage\",\"@id\":\"https:\\\/\\\/www.izhiq.org.al\\\/foto\\\/\",\"url\":\"https:\\\/\\\/www.izhiq.org.al\\\/foto\\\/\",\"name\":\"Foto - Instituti per Zhvillim dhe Inisiativa Qytetare\",\"isPartOf\":{\"@id\":\"https:\\\/\\\/www.izhiq.org.al\\\/#website\"},\"datePublished\":\"2021-10-07T22:04:28+00:00\",\"dateModified\":\"2022-05-16T17:11:40+00:00\",\"breadcrumb\":{\"@id\":\"https:\\\/\\\/www.izhiq.org.al\\\/foto\\\/#breadcrumb\"},\"inLanguage\":\"en-US\",\"potentialAction\":[{\"@type\":\"ReadAction\",\"target\":[\"https:\\\/\\\/www.izhiq.org.al\\\/foto\\\/\"]}]},{\"@type\":\"BreadcrumbList\",\"@id\":\"https:\\\/\\\/www.izhiq.org.al\\\/foto\\\/#breadcrumb\",\"itemListElement\":[{\"@type\":\"ListItem\",\"position\":1,\"name\":\"Home\",\"item\":\"https:\\\/\\\/www.izhiq.org.al\\\/\"},{\"@type\":\"ListItem\",\"position\":2,\"name\":\"Foto\"}]},{\"@type\":\"WebSite\",\"@id\":\"https:\\\/\\\/www.izhiq.org.al\\\/#website\",\"url\":\"https:\\\/\\\/www.izhiq.org.al\\\/\",\"name\":\"Instituti per Zhvillim dhe Inisiativa Qytetare\",\"description\":\"Instituti per Zhvillim dhe Inisiativa Qytetare\",\"potentialAction\":[{\"@type\":\"SearchAction\",\"target\":{\"@type\":\"EntryPoint\",\"urlTemplate\":\"https:\\\/\\\/www.izhiq.org.al\\\/?s={search_term_string}\"},\"query-input\":{\"@type\":\"PropertyValueSpecification\",\"valueRequired\":true,\"valueName\":\"search_term_string\"}}],\"inLanguage\":\"en-US\"}]}<\/script>\n<!-- \/ Yoast SEO plugin. -->","yoast_head_json":{"title":"Foto - Instituti per Zhvillim dhe Inisiativa Qytetare","robots":{"index":"index","follow":"follow","max-snippet":"max-snippet:-1","max-image-preview":"max-image-preview:large","max-video-preview":"max-video-preview:-1"},"canonical":"https:\/\/www.izhiq.org.al\/en\/foto\/","og_locale":"en_US","og_type":"article","og_title":"Foto - Instituti per Zhvillim dhe Inisiativa Qytetare","og_url":"https:\/\/www.izhiq.org.al\/en\/foto\/","og_site_name":"Instituti per Zhvillim dhe Inisiativa Qytetare","article_modified_time":"2022-05-16T17:11:40+00:00","twitter_card":"summary_large_image","twitter_misc":{"Est. reading time":"1 minute"},"schema":{"@context":"https:\/\/schema.org","@graph":[{"@type":"WebPage","@id":"https:\/\/www.izhiq.org.al\/foto\/","url":"https:\/\/www.izhiq.org.al\/foto\/","name":"Foto - Instituti per Zhvillim dhe Inisiativa Qytetare","isPartOf":{"@id":"https:\/\/www.izhiq.org.al\/#website"},"datePublished":"2021-10-07T22:04:28+00:00","dateModified":"2022-05-16T17:11:40+00:00","breadcrumb":{"@id":"https:\/\/www.izhiq.org.al\/foto\/#breadcrumb"},"inLanguage":"en-US","potentialAction":[{"@type":"ReadAction","target":["https:\/\/www.izhiq.org.al\/foto\/"]}]},{"@type":"BreadcrumbList","@id":"https:\/\/www.izhiq.org.al\/foto\/#breadcrumb","itemListElement":[{"@type":"ListItem","position":1,"name":"Home","item":"https:\/\/www.izhiq.org.al\/"},{"@type":"ListItem","position":2,"name":"Foto"}]},{"@type":"WebSite","@id":"https:\/\/www.izhiq.org.al\/#website","url":"https:\/\/www.izhiq.org.al\/","name":"Instituti per Zhvillim dhe Inisiativa Qytetare","description":"Instituti per Zhvillim dhe Inisiativa Qytetare","potentialAction":[{"@type":"SearchAction","target":{"@type":"EntryPoint","urlTemplate":"https:\/\/www.izhiq.org.al\/?s={search_term_string}"},"query-input":{"@type":"PropertyValueSpecification","valueRequired":true,"valueName":"search_term_string"}}],"inLanguage":"en-US"}]}},"rttpg_featured_image_url":null,"rttpg_author":{"display_name":"izhiqytetare_10ociur3","author_link":"https:\/\/www.izhiq.org.al\/en\/author\/izhiqytetare_10ociur3\/"},"rttpg_comment":0,"rttpg_category":"","rttpg_excerpt":null,"_links":{"self":[{"href":"https:\/\/www.izhiq.org.al\/en\/wp-json\/wp\/v2\/pages\/1283","targetHints":{"allow":["GET"]}}],"collection":[{"href":"https:\/\/www.izhiq.org.al\/en\/wp-json\/wp\/v2\/pages"}],"about":[{"href":"https:\/\/www.izhiq.org.al\/en\/wp-json\/wp\/v2\/types\/page"}],"author":[{"embeddable":true,"href":"https:\/\/www.izhiq.org.al\/en\/wp-json\/wp\/v2\/users\/1"}],"replies":[{"embeddable":true,"href":"https:\/\/www.izhiq.org.al\/en\/wp-json\/wp\/v2\/comments?post=1283"}],"version-history":[{"count":7,"href":"https:\/\/www.izhiq.org.al\/en\/wp-json\/wp\/v2\/pages\/1283\/revisions"}],"predecessor-version":[{"id":2210,"href":"https:\/\/www.izhiq.org.al\/en\/wp-json\/wp\/v2\/pages\/1283\/revisions\/2210"}],"wp:attachment":[{"href":"https:\/\/www.izhiq.org.al\/en\/wp-json\/wp\/v2\/media?parent=1283"}],"curies":[{"name":"wp","href":"https:\/\/api.w.org\/{rel}","templated":true}]}}