{"id":1285,"date":"2021-10-07T22:04:50","date_gmt":"2021-10-07T22:04:50","guid":{"rendered":"https:\/\/www.izhiq.org.al\/?page_id=1285"},"modified":"2022-04-29T01:09:31","modified_gmt":"2022-04-29T01:09:31","slug":"infografe","status":"publish","type":"page","link":"https:\/\/www.izhiq.org.al\/en\/infografe\/","title":{"rendered":"Infograph"},"content":{"rendered":"<div class=\"vc_row wpb_row vc_row-fluid\"><div class=\"wpb_column vc_column_container vc_col-sm-12\"><div class=\"vc_column-inner\"><div class=\"wpb_wrapper\">\n\t<div class=\"wpb_raw_code wpb_content_element wpb_raw_html\" >\n\t\t<div class=\"wpb_wrapper\">\n\t\t\t<style type='text\/css' media='all'>#rt-tpg-container-4199989221 .rt-holder .rt-woo-info .price{color:#1e73be;}body .rt-tpg-container .rt-tpg-isotope-buttons .selected,\n\t\t\t\t\t#rt-tpg-container-4199989221 .layout12 .rt-holder:hover .rt-detail,\n\t\t\t\t\t#rt-tpg-container-4199989221 .isotope8 .rt-holder:hover .rt-detail,\n\t\t\t\t\t#rt-tpg-container-4199989221 .carousel8 .rt-holder:hover .rt-detail,\n\t\t\t\t\t#rt-tpg-container-4199989221 .layout13 .rt-holder .overlay .post-info,\n\t\t\t\t\t#rt-tpg-container-4199989221 .isotope9 .rt-holder .overlay .post-info,\n\t\t\t\t\t#rt-tpg-container-4199989221.rt-tpg-container .layout4 .rt-holder .rt-detail,\n\t\t\t\t\t.rt-modal-4199989221 .md-content,\n\t\t\t\t\t.rt-modal-4199989221 .md-content > .rt-md-content-holder .rt-md-content,\n\t\t\t\t\t.rt-popup-wrap-4199989221.rt-popup-wrap .rt-popup-navigation-wrap,\n\t\t\t\t\t#rt-tpg-container-4199989221 .carousel9 .rt-holder .overlay .post-info{background-color:#1e73be;}#rt-tpg-container-4199989221 .layout5 .rt-holder .overlay, #rt-tpg-container-4199989221 .isotope2 .rt-holder .overlay, #rt-tpg-container-4199989221 .carousel2 .rt-holder .overlay,#rt-tpg-container-4199989221 .layout15 .rt-holder h3, #rt-tpg-container-4199989221 .isotope11 .rt-holder h3, #rt-tpg-container-4199989221 .carousel11 .rt-holder h3, #rt-tpg-container-4199989221 .layout16 .rt-holder h3,\n\t\t\t\t\t#rt-tpg-container-4199989221 .isotope12 .rt-holder h3, #rt-tpg-container-4199989221 .carousel12 .rt-holder h3 {background-color:rgba(30,115,190,0.1);}#rt-tpg-container-4199989221 .read-more a{border-radius:4px;}#rt-tpg-container-4199989221 .rt-img-holder img.rt-img-responsive,#rt-tpg-container-4199989221 .rt-img-holder,\n\t\t\t\t\t#rt-tpg-container-4199989221 .rt-post-overlay .post-img,\n\t\t\t\t\t#rt-tpg-container-4199989221 .post-sm .post-img,\n\t\t\t\t\t#rt-tpg-container-4199989221 .rt-post-grid .post-img,\n\t\t\t\t\t#rt-tpg-container-4199989221 .post-img img {border-radius:px;}<\/style><div class='rt-container-fluid rt-tpg-container tpg-shortcode-main-wrapper' id='rt-tpg-container-4199989221'   data-layout='layout12' data-grid-style='even' data-desktop-col='3'  data-tab-col='2'  data-mobile-col='1' data-sc-id='2110'><div data-title='Loading ...' class='rt-row rt-content-loader   layout12 tpg-even'><div class=\"rt-col-md-4 rt-col-sm-6 rt-col-xs-12 even-grid-item rt-grid-item img_zoom_in\" data-id=\"2152\"><div class=\"rt-holder\"><div class=\"rt-img-holder\"><a data-id='2152' class='' href='https:\/\/www.izhiq.org.al\/wp-content\/uploads\/2022\/05\/Benefit-of-650-\u00d7-910-px.jpg'><img loading=\"lazy\" decoding=\"async\" class=\"rt-img-responsive\" src=\"https:\/\/www.izhiq.org.al\/wp-content\/uploads\/2022\/05\/Benefit-of-650-\u00d7-910-px.jpg\" width=\"650\" height=\"910\" alt=\"Benefitet e t\u00eb vrapuarit \u00e7do dit\u00eb\" \/><\/a><\/div> <div class='rt-detail'><div class='post-meta-user'><span class='date-meta'><i class='far fa-calendar-alt'><\/i>May 6, 2022<\/span><\/div><h3 class=\"entry-title\"><a data-id=\"2152\" class=\"\" href=\"https:\/\/www.izhiq.org.al\/wp-content\/uploads\/2022\/05\/Benefit-of-650-\u00d7-910-px.jpg\">Benefitet e t\u00eb vrapuarit \u00e7do dit\u00eb<\/a><\/h3><div class='post-meta'><span class='read-more'><a data-id='2152' class='' href='https:\/\/www.izhiq.org.al\/wp-content\/uploads\/2022\/05\/Benefit-of-650-\u00d7-910-px.jpg'>Read More<\/a><\/span><\/div><\/div><\/div><\/div><div class=\"rt-col-md-4 rt-col-sm-6 rt-col-xs-12 even-grid-item rt-grid-item img_zoom_in\" data-id=\"2149\"><div class=\"rt-holder\"><div class=\"rt-img-holder\"><a data-id='2149' class='' href='https:\/\/www.izhiq.org.al\/en\/2022\/05\/06\/benefitet-e-te-vrapuarit-cdo-dite\/'><img loading=\"lazy\" decoding=\"async\" class=\"rt-img-responsive\" src=\"https:\/\/www.izhiq.org.al\/wp-content\/uploads\/2022\/05\/Benefit-of-650-\u00d7-910-px.jpg\" width=\"650\" height=\"910\" alt=\"Benefitet e t\u00eb vrapuarit \u00e7do dit\u00eb\" \/><\/a><\/div> <div class='rt-detail'><div class='post-meta-user'><span class='date-meta'><i class='far fa-calendar-alt'><\/i>May 6, 2022<\/span><\/div><h3 class=\"entry-title\"><a data-id=\"2149\" class=\"\" href=\"https:\/\/www.izhiq.org.al\/en\/2022\/05\/06\/benefitet-e-te-vrapuarit-cdo-dite\/\">Benefitet e t\u00eb vrapuarit \u00e7do dit\u00eb<\/a><\/h3><div class='post-meta'><span class='read-more'><a data-id='2149' class='' href='https:\/\/www.izhiq.org.al\/en\/2022\/05\/06\/benefitet-e-te-vrapuarit-cdo-dite\/'>Read More<\/a><\/span><\/div><\/div><\/div><\/div><div class=\"rt-col-md-4 rt-col-sm-6 rt-col-xs-12 even-grid-item rt-grid-item img_zoom_in\" data-id=\"2146\"><div class=\"rt-holder\"><div class=\"rt-img-holder\"><a data-id='2146' class='' href='https:\/\/www.izhiq.org.al\/en\/2022\/05\/06\/zakone-te-shendetshme-per-te-permiresuar-cilesine-e-jetes\/'><img loading=\"lazy\" decoding=\"async\" class=\"rt-img-responsive\" src=\"https:\/\/www.izhiq.org.al\/wp-content\/uploads\/2022\/05\/Zakone-te-shendetshme.jpg\" width=\"650\" height=\"910\" alt=\"Zakone t\u00eb sh\u00ebndetshme, p\u00ebr t\u00eb p\u00ebrmir\u00ebsuar cil\u00ebsin\u00eb e jet\u00ebs\" \/><\/a><\/div> <div class='rt-detail'><div class='post-meta-user'><span class='date-meta'><i class='far fa-calendar-alt'><\/i>May 6, 2022<\/span><\/div><h3 class=\"entry-title\"><a data-id=\"2146\" class=\"\" href=\"https:\/\/www.izhiq.org.al\/en\/2022\/05\/06\/zakone-te-shendetshme-per-te-permiresuar-cilesine-e-jetes\/\">Zakone t\u00eb sh\u00ebndetshme, p\u00ebr t\u00eb p\u00ebrmir\u00ebsuar cil\u00ebsin\u00eb e jet\u00ebs<\/a><\/h3><div class='post-meta'><span class='read-more'><a data-id='2146' class='' href='https:\/\/www.izhiq.org.al\/en\/2022\/05\/06\/zakone-te-shendetshme-per-te-permiresuar-cilesine-e-jetes\/'>Read More<\/a><\/span><\/div><\/div><\/div><\/div><\/div><div class='rt-pagination-wrap' data-total-pages='3' data-posts-per-page='3' data-type='pagination_ajax'  ><div class='rt-page-numbers'><\/div><\/div><\/div>\n\t\t<\/div>\n\t<\/div>\n<\/div><\/div><\/div><\/div>","protected":false},"excerpt":{"rendered":"","protected":false},"author":1,"featured_media":0,"parent":0,"menu_order":0,"comment_status":"closed","ping_status":"closed","template":"","meta":{"_vp_format_video_url":"","_vp_image_focal_point":[],"footnotes":"","_links_to":"","_links_to_target":""},"class_list":["post-1285","page","type-page","status-publish","hentry"],"yoast_head":"<!-- This site is optimized with the Yoast SEO plugin v27.4 - https:\/\/yoast.com\/product\/yoast-seo-wordpress\/ -->\n<title>Infografe - Instituti per Zhvillim dhe Inisiativa Qytetare<\/title>\n<meta name=\"robots\" content=\"index, follow, max-snippet:-1, max-image-preview:large, max-video-preview:-1\" \/>\n<link rel=\"canonical\" href=\"https:\/\/www.izhiq.org.al\/en\/infografe\/\" \/>\n<meta property=\"og:locale\" content=\"en_US\" \/>\n<meta property=\"og:type\" content=\"article\" \/>\n<meta property=\"og:title\" content=\"Infografe - Instituti per Zhvillim dhe Inisiativa Qytetare\" \/>\n<meta property=\"og:url\" content=\"https:\/\/www.izhiq.org.al\/en\/infografe\/\" \/>\n<meta property=\"og:site_name\" content=\"Instituti per Zhvillim dhe Inisiativa Qytetare\" \/>\n<meta property=\"article:modified_time\" content=\"2022-04-29T01:09:31+00:00\" \/>\n<meta name=\"twitter:card\" content=\"summary_large_image\" \/>\n<script type=\"application\/ld+json\" class=\"yoast-schema-graph\">{\"@context\":\"https:\\\/\\\/schema.org\",\"@graph\":[{\"@type\":\"WebPage\",\"@id\":\"https:\\\/\\\/www.izhiq.org.al\\\/infografe\\\/\",\"url\":\"https:\\\/\\\/www.izhiq.org.al\\\/infografe\\\/\",\"name\":\"Infografe - Instituti per Zhvillim dhe Inisiativa Qytetare\",\"isPartOf\":{\"@id\":\"https:\\\/\\\/www.izhiq.org.al\\\/#website\"},\"datePublished\":\"2021-10-07T22:04:50+00:00\",\"dateModified\":\"2022-04-29T01:09:31+00:00\",\"breadcrumb\":{\"@id\":\"https:\\\/\\\/www.izhiq.org.al\\\/infografe\\\/#breadcrumb\"},\"inLanguage\":\"en-US\",\"potentialAction\":[{\"@type\":\"ReadAction\",\"target\":[\"https:\\\/\\\/www.izhiq.org.al\\\/infografe\\\/\"]}]},{\"@type\":\"BreadcrumbList\",\"@id\":\"https:\\\/\\\/www.izhiq.org.al\\\/infografe\\\/#breadcrumb\",\"itemListElement\":[{\"@type\":\"ListItem\",\"position\":1,\"name\":\"Home\",\"item\":\"https:\\\/\\\/www.izhiq.org.al\\\/\"},{\"@type\":\"ListItem\",\"position\":2,\"name\":\"Infografe\"}]},{\"@type\":\"WebSite\",\"@id\":\"https:\\\/\\\/www.izhiq.org.al\\\/#website\",\"url\":\"https:\\\/\\\/www.izhiq.org.al\\\/\",\"name\":\"Instituti per Zhvillim dhe Inisiativa Qytetare\",\"description\":\"Instituti per Zhvillim dhe Inisiativa Qytetare\",\"potentialAction\":[{\"@type\":\"SearchAction\",\"target\":{\"@type\":\"EntryPoint\",\"urlTemplate\":\"https:\\\/\\\/www.izhiq.org.al\\\/?s={search_term_string}\"},\"query-input\":{\"@type\":\"PropertyValueSpecification\",\"valueRequired\":true,\"valueName\":\"search_term_string\"}}],\"inLanguage\":\"en-US\"}]}<\/script>\n<!-- \/ Yoast SEO plugin. -->","yoast_head_json":{"title":"Infografe - Instituti per Zhvillim dhe Inisiativa Qytetare","robots":{"index":"index","follow":"follow","max-snippet":"max-snippet:-1","max-image-preview":"max-image-preview:large","max-video-preview":"max-video-preview:-1"},"canonical":"https:\/\/www.izhiq.org.al\/en\/infografe\/","og_locale":"en_US","og_type":"article","og_title":"Infografe - Instituti per Zhvillim dhe Inisiativa Qytetare","og_url":"https:\/\/www.izhiq.org.al\/en\/infografe\/","og_site_name":"Instituti per Zhvillim dhe Inisiativa Qytetare","article_modified_time":"2022-04-29T01:09:31+00:00","twitter_card":"summary_large_image","schema":{"@context":"https:\/\/schema.org","@graph":[{"@type":"WebPage","@id":"https:\/\/www.izhiq.org.al\/infografe\/","url":"https:\/\/www.izhiq.org.al\/infografe\/","name":"Infografe - Instituti per Zhvillim dhe Inisiativa Qytetare","isPartOf":{"@id":"https:\/\/www.izhiq.org.al\/#website"},"datePublished":"2021-10-07T22:04:50+00:00","dateModified":"2022-04-29T01:09:31+00:00","breadcrumb":{"@id":"https:\/\/www.izhiq.org.al\/infografe\/#breadcrumb"},"inLanguage":"en-US","potentialAction":[{"@type":"ReadAction","target":["https:\/\/www.izhiq.org.al\/infografe\/"]}]},{"@type":"BreadcrumbList","@id":"https:\/\/www.izhiq.org.al\/infografe\/#breadcrumb","itemListElement":[{"@type":"ListItem","position":1,"name":"Home","item":"https:\/\/www.izhiq.org.al\/"},{"@type":"ListItem","position":2,"name":"Infografe"}]},{"@type":"WebSite","@id":"https:\/\/www.izhiq.org.al\/#website","url":"https:\/\/www.izhiq.org.al\/","name":"Instituti per Zhvillim dhe Inisiativa Qytetare","description":"Instituti per Zhvillim dhe Inisiativa Qytetare","potentialAction":[{"@type":"SearchAction","target":{"@type":"EntryPoint","urlTemplate":"https:\/\/www.izhiq.org.al\/?s={search_term_string}"},"query-input":{"@type":"PropertyValueSpecification","valueRequired":true,"valueName":"search_term_string"}}],"inLanguage":"en-US"}]}},"rttpg_featured_image_url":null,"rttpg_author":{"display_name":"izhiqytetare_10ociur3","author_link":"https:\/\/www.izhiq.org.al\/en\/author\/izhiqytetare_10ociur3\/"},"rttpg_comment":0,"rttpg_category":"","rttpg_excerpt":null,"_links":{"self":[{"href":"https:\/\/www.izhiq.org.al\/en\/wp-json\/wp\/v2\/pages\/1285","targetHints":{"allow":["GET"]}}],"collection":[{"href":"https:\/\/www.izhiq.org.al\/en\/wp-json\/wp\/v2\/pages"}],"about":[{"href":"https:\/\/www.izhiq.org.al\/en\/wp-json\/wp\/v2\/types\/page"}],"author":[{"embeddable":true,"href":"https:\/\/www.izhiq.org.al\/en\/wp-json\/wp\/v2\/users\/1"}],"replies":[{"embeddable":true,"href":"https:\/\/www.izhiq.org.al\/en\/wp-json\/wp\/v2\/comments?post=1285"}],"version-history":[{"count":10,"href":"https:\/\/www.izhiq.org.al\/en\/wp-json\/wp\/v2\/pages\/1285\/revisions"}],"predecessor-version":[{"id":2111,"href":"https:\/\/www.izhiq.org.al\/en\/wp-json\/wp\/v2\/pages\/1285\/revisions\/2111"}],"wp:attachment":[{"href":"https:\/\/www.izhiq.org.al\/en\/wp-json\/wp\/v2\/media?parent=1285"}],"curies":[{"name":"wp","href":"https:\/\/api.w.org\/{rel}","templated":true}]}}