{"id":1634,"date":"2021-12-07T11:50:38","date_gmt":"2021-12-07T11:50:38","guid":{"rendered":"https:\/\/www.izhiq.org.al\/?page_id=1634"},"modified":"2022-05-15T20:35:42","modified_gmt":"2022-05-15T20:35:42","slug":"partneret-tane","status":"publish","type":"page","link":"https:\/\/www.izhiq.org.al\/en\/partneret-tane\/","title":{"rendered":"Our Partners"},"content":{"rendered":"<div class=\"vc_row wpb_row vc_row-fluid\"><div class=\"wpb_column vc_column_container vc_col-sm-6\"><div class=\"vc_column-inner\"><div class=\"wpb_wrapper\">\n\t<div class=\"wpb_text_column wpb_content_element\" >\n\t\t<div class=\"wpb_wrapper\">\n\t\t\t<p><a href=\"http:\/\/www.activecitizenship.net\/our-partners.html\" target=\"_blank\" rel=\"noopener\"><img loading=\"lazy\" decoding=\"async\" class=\"wp-image-1637 aligncenter\" src=\"https:\/\/www.izhiq.org.al\/wp-content\/uploads\/2021\/12\/Active-Citizenship-Network-logo-v2-png-300x262.png\" alt=\"\" width=\"467\" height=\"408\" srcset=\"https:\/\/www.izhiq.org.al\/wp-content\/uploads\/2021\/12\/Active-Citizenship-Network-logo-v2-png-300x262.png 300w, https:\/\/www.izhiq.org.al\/wp-content\/uploads\/2021\/12\/Active-Citizenship-Network-logo-v2-png-1024x894.png 1024w, https:\/\/www.izhiq.org.al\/wp-content\/uploads\/2021\/12\/Active-Citizenship-Network-logo-v2-png-768x670.png 768w, https:\/\/www.izhiq.org.al\/wp-content\/uploads\/2021\/12\/Active-Citizenship-Network-logo-v2-png-14x12.png 14w, https:\/\/www.izhiq.org.al\/wp-content\/uploads\/2021\/12\/Active-Citizenship-Network-logo-v2-png-500x436.png 500w, https:\/\/www.izhiq.org.al\/wp-content\/uploads\/2021\/12\/Active-Citizenship-Network-logo-v2-png-800x698.png 800w, https:\/\/www.izhiq.org.al\/wp-content\/uploads\/2021\/12\/Active-Citizenship-Network-logo-v2-png-1280x1117.png 1280w, https:\/\/www.izhiq.org.al\/wp-content\/uploads\/2021\/12\/Active-Citizenship-Network-logo-v2-png-24x21.png 24w, https:\/\/www.izhiq.org.al\/wp-content\/uploads\/2021\/12\/Active-Citizenship-Network-logo-v2-png-36x31.png 36w, https:\/\/www.izhiq.org.al\/wp-content\/uploads\/2021\/12\/Active-Citizenship-Network-logo-v2-png-48x42.png 48w, https:\/\/www.izhiq.org.al\/wp-content\/uploads\/2021\/12\/Active-Citizenship-Network-logo-v2-png-600x524.png 600w, https:\/\/www.izhiq.org.al\/wp-content\/uploads\/2021\/12\/Active-Citizenship-Network-logo-v2-png.png 1484w\" sizes=\"auto, (max-width: 467px) 100vw, 467px\" \/><\/a><\/p>\n<p class=\"translation-block\">Active Citizenship Network (ACN) was initiated in December 2001 as the European and international interface of the Italian civic participation organisation Cittadinanzattiva(Active Citizenship).\nACN is a flexible network of European civic organizations which are involved as partners in its different projects, addressed to encourage active participation of citizens in European policy-making. ACN mirrors Cittadinanzattiva's Italian policies, such as health, corporate social responsibility, education and training at the global level.\nACN's mission is to promote and support the construction of the European citizenship as an \"active citizenship\" which means the exercise of citizens' powers and responsibilities in policy-making.\nACN recognizes the prior role of national and local civic organizations in this process and advocates enrichment of the European Union subsidiarity concept by strengthening the relationship between institutions and citizens, so that institutions favour free initiative of citizens, both individuals and organizations, in carrying out activities directed towards the common good.<\/p>\n\n\t\t<\/div>\n\t<\/div>\n<\/div><\/div><\/div><div class=\"wpb_column vc_column_container vc_col-sm-6\"><div class=\"vc_column-inner vc_custom_1652646939885\"><div class=\"wpb_wrapper\">\n\t<div class=\"wpb_text_column wpb_content_element\" >\n\t\t<div class=\"wpb_wrapper\">\n\t\t\t<p><img loading=\"lazy\" decoding=\"async\" class=\"wp-image-1646 aligncenter\" src=\"https:\/\/www.izhiq.org.al\/wp-content\/uploads\/2021\/12\/Logo-ASET-1-300x136.png\" alt=\"\" width=\"373\" height=\"169\" srcset=\"https:\/\/www.izhiq.org.al\/wp-content\/uploads\/2021\/12\/Logo-ASET-1-300x136.png 300w, https:\/\/www.izhiq.org.al\/wp-content\/uploads\/2021\/12\/Logo-ASET-1-1024x465.png 1024w, https:\/\/www.izhiq.org.al\/wp-content\/uploads\/2021\/12\/Logo-ASET-1-768x348.png 768w, https:\/\/www.izhiq.org.al\/wp-content\/uploads\/2021\/12\/Logo-ASET-1-18x8.png 18w, https:\/\/www.izhiq.org.al\/wp-content\/uploads\/2021\/12\/Logo-ASET-1-500x227.png 500w, https:\/\/www.izhiq.org.al\/wp-content\/uploads\/2021\/12\/Logo-ASET-1-800x363.png 800w, https:\/\/www.izhiq.org.al\/wp-content\/uploads\/2021\/12\/Logo-ASET-1-24x11.png 24w, https:\/\/www.izhiq.org.al\/wp-content\/uploads\/2021\/12\/Logo-ASET-1-36x16.png 36w, https:\/\/www.izhiq.org.al\/wp-content\/uploads\/2021\/12\/Logo-ASET-1-48x22.png 48w, https:\/\/www.izhiq.org.al\/wp-content\/uploads\/2021\/12\/Logo-ASET-1-600x272.png 600w, https:\/\/www.izhiq.org.al\/wp-content\/uploads\/2021\/12\/Logo-ASET-1.png 1276w\" sizes=\"auto, (max-width: 373px) 100vw, 373px\" \/><\/p>\n<p>&nbsp;<\/p>\n<p>ASET Albanian Socio Economic Think Tank, i themeluar n\u00eb vitin 1999 si nj\u00eb organizat\u00eb jofitimprur\u00ebse, \u00ebsht\u00eb nj\u00eb institut k\u00ebrkimor q\u00eb nd\u00ebrmerr programe, projekte dhe aktivitete konsulence, botimi dhe trajnimi n\u00eb lidhje me zhvillimin ekonomik dhe social.<\/p>\n<p>ASET p\u00ebrfaq\u00ebson nj\u00eb alternativ\u00eb p\u00ebr t\u00eb ofruar ekspertiz\u00ebn e duhur p\u00ebr \u00e7\u00ebshtjet q\u00eb lidhen me stimulimin e p\u00ebrmir\u00ebsimit t\u00eb t\u00eb gjith\u00eb mekanizmit ekonomik dhe social, duke zgjeruar nd\u00ebrgjegjen e niveleve t\u00eb ndryshme t\u00eb shoq\u00ebris\u00eb n\u00eb k\u00ebt\u00eb proces.<\/p>\n<p>Stafi i ASET p\u00ebrfaq\u00ebsohet nga ekspert\u00eb vendas dhe nd\u00ebrkomb\u00ebtar\u00eb me ekspertiz\u00eb t\u00eb ndryshme. ASET nuk \u00ebsht\u00eb vet\u00ebm nj\u00eb organizat\u00eb ekspert\u00ebsh, por nj\u00eb bot\u00eb njohurish, informacioni ekonomik dhe shkencor, fryt k\u00ebrkimor i p\u00ebrvoj\u00ebs dhe mendimeve t\u00eb tij profesionale. Sot mund t\u00eb themi me forc\u00eb se projekti yn\u00eb u dedikohet t\u00eb gjith\u00ebve, nj\u00eb pik\u00ebnisje p\u00ebr epok\u00ebn e re t\u00eb informacionit t\u00eb ekonomis\u00eb p\u00ebr t&#8217;i dh\u00ebn\u00eb shoq\u00ebris\u00eb nj\u00eb kod etik p\u00ebr p\u00ebrpunimin jo vet\u00ebm t\u00eb ligjeve, por edhe t\u00eb institucioneve t\u00eb q\u00ebndrueshme, p\u00ebr futjen e rregullave. duke eliminuar pengesat.<\/p>\n\n\t\t<\/div>\n\t<\/div>\n<\/div><\/div><\/div><\/div>","protected":false},"excerpt":{"rendered":"Rrjeti i Shtet\u00ebsis\u00eb Aktive (ACN) u inicua n\u00eb dhjetor 2001 si nd\u00ebrfaqe evropiane dhe nd\u00ebrkomb\u00ebtare e organizat\u00ebs italiane t\u00eb pjes\u00ebmarrjes qytetare ...","protected":false},"author":1,"featured_media":0,"parent":0,"menu_order":0,"comment_status":"closed","ping_status":"closed","template":"","meta":{"_vp_format_video_url":"","_vp_image_focal_point":[],"footnotes":"","_links_to":"","_links_to_target":""},"class_list":["post-1634","page","type-page","status-publish","hentry"],"yoast_head":"<!-- This site is optimized with the Yoast SEO plugin v27.4 - https:\/\/yoast.com\/product\/yoast-seo-wordpress\/ -->\n<title>Partner\u00ebt tan\u00eb - Instituti per Zhvillim dhe Inisiativa Qytetare<\/title>\n<meta name=\"robots\" content=\"index, follow, max-snippet:-1, max-image-preview:large, max-video-preview:-1\" \/>\n<link rel=\"canonical\" href=\"https:\/\/www.izhiq.org.al\/en\/partneret-tane\/\" \/>\n<meta property=\"og:locale\" content=\"en_US\" \/>\n<meta property=\"og:type\" content=\"article\" \/>\n<meta property=\"og:title\" content=\"Partner\u00ebt tan\u00eb - Instituti per Zhvillim dhe Inisiativa Qytetare\" \/>\n<meta property=\"og:url\" content=\"https:\/\/www.izhiq.org.al\/en\/partneret-tane\/\" \/>\n<meta property=\"og:site_name\" content=\"Instituti per Zhvillim dhe Inisiativa Qytetare\" \/>\n<meta property=\"article:modified_time\" content=\"2022-05-15T20:35:42+00:00\" \/>\n<meta property=\"og:image\" content=\"https:\/\/www.izhiq.org.al\/wp-content\/uploads\/2021\/12\/Active-Citizenship-Network-logo-v2-png-300x262.png\" \/>\n<meta name=\"twitter:card\" content=\"summary_large_image\" \/>\n<meta name=\"twitter:label1\" content=\"Est. reading time\" \/>\n\t<meta name=\"twitter:data1\" content=\"2 minutes\" \/>\n<script type=\"application\/ld+json\" class=\"yoast-schema-graph\">{\"@context\":\"https:\\\/\\\/schema.org\",\"@graph\":[{\"@type\":\"WebPage\",\"@id\":\"https:\\\/\\\/www.izhiq.org.al\\\/partneret-tane\\\/\",\"url\":\"https:\\\/\\\/www.izhiq.org.al\\\/partneret-tane\\\/\",\"name\":\"Partner\u00ebt tan\u00eb - Instituti per Zhvillim dhe Inisiativa Qytetare\",\"isPartOf\":{\"@id\":\"https:\\\/\\\/www.izhiq.org.al\\\/#website\"},\"primaryImageOfPage\":{\"@id\":\"https:\\\/\\\/www.izhiq.org.al\\\/partneret-tane\\\/#primaryimage\"},\"image\":{\"@id\":\"https:\\\/\\\/www.izhiq.org.al\\\/partneret-tane\\\/#primaryimage\"},\"thumbnailUrl\":\"https:\\\/\\\/www.izhiq.org.al\\\/wp-content\\\/uploads\\\/2021\\\/12\\\/Active-Citizenship-Network-logo-v2-png-300x262.png\",\"datePublished\":\"2021-12-07T11:50:38+00:00\",\"dateModified\":\"2022-05-15T20:35:42+00:00\",\"breadcrumb\":{\"@id\":\"https:\\\/\\\/www.izhiq.org.al\\\/partneret-tane\\\/#breadcrumb\"},\"inLanguage\":\"en-US\",\"potentialAction\":[{\"@type\":\"ReadAction\",\"target\":[\"https:\\\/\\\/www.izhiq.org.al\\\/partneret-tane\\\/\"]}]},{\"@type\":\"ImageObject\",\"inLanguage\":\"en-US\",\"@id\":\"https:\\\/\\\/www.izhiq.org.al\\\/partneret-tane\\\/#primaryimage\",\"url\":\"https:\\\/\\\/www.izhiq.org.al\\\/wp-content\\\/uploads\\\/2021\\\/12\\\/Active-Citizenship-Network-logo-v2-png-300x262.png\",\"contentUrl\":\"https:\\\/\\\/www.izhiq.org.al\\\/wp-content\\\/uploads\\\/2021\\\/12\\\/Active-Citizenship-Network-logo-v2-png-300x262.png\"},{\"@type\":\"BreadcrumbList\",\"@id\":\"https:\\\/\\\/www.izhiq.org.al\\\/partneret-tane\\\/#breadcrumb\",\"itemListElement\":[{\"@type\":\"ListItem\",\"position\":1,\"name\":\"Home\",\"item\":\"https:\\\/\\\/www.izhiq.org.al\\\/\"},{\"@type\":\"ListItem\",\"position\":2,\"name\":\"Partner\u00ebt tan\u00eb\"}]},{\"@type\":\"WebSite\",\"@id\":\"https:\\\/\\\/www.izhiq.org.al\\\/#website\",\"url\":\"https:\\\/\\\/www.izhiq.org.al\\\/\",\"name\":\"Instituti per Zhvillim dhe Inisiativa Qytetare\",\"description\":\"Instituti per Zhvillim dhe Inisiativa Qytetare\",\"potentialAction\":[{\"@type\":\"SearchAction\",\"target\":{\"@type\":\"EntryPoint\",\"urlTemplate\":\"https:\\\/\\\/www.izhiq.org.al\\\/?s={search_term_string}\"},\"query-input\":{\"@type\":\"PropertyValueSpecification\",\"valueRequired\":true,\"valueName\":\"search_term_string\"}}],\"inLanguage\":\"en-US\"}]}<\/script>\n<!-- \/ Yoast SEO plugin. -->","yoast_head_json":{"title":"Partner\u00ebt tan\u00eb - Instituti per Zhvillim dhe Inisiativa Qytetare","robots":{"index":"index","follow":"follow","max-snippet":"max-snippet:-1","max-image-preview":"max-image-preview:large","max-video-preview":"max-video-preview:-1"},"canonical":"https:\/\/www.izhiq.org.al\/en\/partneret-tane\/","og_locale":"en_US","og_type":"article","og_title":"Partner\u00ebt tan\u00eb - Instituti per Zhvillim dhe Inisiativa Qytetare","og_url":"https:\/\/www.izhiq.org.al\/en\/partneret-tane\/","og_site_name":"Instituti per Zhvillim dhe Inisiativa Qytetare","article_modified_time":"2022-05-15T20:35:42+00:00","og_image":[{"url":"https:\/\/www.izhiq.org.al\/wp-content\/uploads\/2021\/12\/Active-Citizenship-Network-logo-v2-png-300x262.png","type":"","width":"","height":""}],"twitter_card":"summary_large_image","twitter_misc":{"Est. reading time":"2 minutes"},"schema":{"@context":"https:\/\/schema.org","@graph":[{"@type":"WebPage","@id":"https:\/\/www.izhiq.org.al\/partneret-tane\/","url":"https:\/\/www.izhiq.org.al\/partneret-tane\/","name":"Partner\u00ebt tan\u00eb - Instituti per Zhvillim dhe Inisiativa Qytetare","isPartOf":{"@id":"https:\/\/www.izhiq.org.al\/#website"},"primaryImageOfPage":{"@id":"https:\/\/www.izhiq.org.al\/partneret-tane\/#primaryimage"},"image":{"@id":"https:\/\/www.izhiq.org.al\/partneret-tane\/#primaryimage"},"thumbnailUrl":"https:\/\/www.izhiq.org.al\/wp-content\/uploads\/2021\/12\/Active-Citizenship-Network-logo-v2-png-300x262.png","datePublished":"2021-12-07T11:50:38+00:00","dateModified":"2022-05-15T20:35:42+00:00","breadcrumb":{"@id":"https:\/\/www.izhiq.org.al\/partneret-tane\/#breadcrumb"},"inLanguage":"en-US","potentialAction":[{"@type":"ReadAction","target":["https:\/\/www.izhiq.org.al\/partneret-tane\/"]}]},{"@type":"ImageObject","inLanguage":"en-US","@id":"https:\/\/www.izhiq.org.al\/partneret-tane\/#primaryimage","url":"https:\/\/www.izhiq.org.al\/wp-content\/uploads\/2021\/12\/Active-Citizenship-Network-logo-v2-png-300x262.png","contentUrl":"https:\/\/www.izhiq.org.al\/wp-content\/uploads\/2021\/12\/Active-Citizenship-Network-logo-v2-png-300x262.png"},{"@type":"BreadcrumbList","@id":"https:\/\/www.izhiq.org.al\/partneret-tane\/#breadcrumb","itemListElement":[{"@type":"ListItem","position":1,"name":"Home","item":"https:\/\/www.izhiq.org.al\/"},{"@type":"ListItem","position":2,"name":"Partner\u00ebt tan\u00eb"}]},{"@type":"WebSite","@id":"https:\/\/www.izhiq.org.al\/#website","url":"https:\/\/www.izhiq.org.al\/","name":"Instituti per Zhvillim dhe Inisiativa Qytetare","description":"Instituti per Zhvillim dhe Inisiativa Qytetare","potentialAction":[{"@type":"SearchAction","target":{"@type":"EntryPoint","urlTemplate":"https:\/\/www.izhiq.org.al\/?s={search_term_string}"},"query-input":{"@type":"PropertyValueSpecification","valueRequired":true,"valueName":"search_term_string"}}],"inLanguage":"en-US"}]}},"rttpg_featured_image_url":null,"rttpg_author":{"display_name":"izhiqytetare_10ociur3","author_link":"https:\/\/www.izhiq.org.al\/en\/author\/izhiqytetare_10ociur3\/"},"rttpg_comment":0,"rttpg_category":null,"rttpg_excerpt":null,"_links":{"self":[{"href":"https:\/\/www.izhiq.org.al\/en\/wp-json\/wp\/v2\/pages\/1634","targetHints":{"allow":["GET"]}}],"collection":[{"href":"https:\/\/www.izhiq.org.al\/en\/wp-json\/wp\/v2\/pages"}],"about":[{"href":"https:\/\/www.izhiq.org.al\/en\/wp-json\/wp\/v2\/types\/page"}],"author":[{"embeddable":true,"href":"https:\/\/www.izhiq.org.al\/en\/wp-json\/wp\/v2\/users\/1"}],"replies":[{"embeddable":true,"href":"https:\/\/www.izhiq.org.al\/en\/wp-json\/wp\/v2\/comments?post=1634"}],"version-history":[{"count":12,"href":"https:\/\/www.izhiq.org.al\/en\/wp-json\/wp\/v2\/pages\/1634\/revisions"}],"predecessor-version":[{"id":2188,"href":"https:\/\/www.izhiq.org.al\/en\/wp-json\/wp\/v2\/pages\/1634\/revisions\/2188"}],"wp:attachment":[{"href":"https:\/\/www.izhiq.org.al\/en\/wp-json\/wp\/v2\/media?parent=1634"}],"curies":[{"name":"wp","href":"https:\/\/api.w.org\/{rel}","templated":true}]}}