{"id":2189,"date":"2022-05-15T20:46:26","date_gmt":"2022-05-15T20:46:26","guid":{"rendered":"https:\/\/www.izhiq.org.al\/?page_id=2189"},"modified":"2022-05-15T20:54:43","modified_gmt":"2022-05-15T20:54:43","slug":"raporte","status":"publish","type":"page","link":"https:\/\/www.izhiq.org.al\/en\/raporte\/","title":{"rendered":"Reports"},"content":{"rendered":"<div class=\"vc_row wpb_row vc_row-fluid\"><div class=\"wpb_column vc_column_container vc_col-sm-12\"><div class=\"vc_column-inner\"><div class=\"wpb_wrapper\">\n\t<div class=\"wpb_raw_code wpb_content_element wpb_raw_html\" >\n\t\t<div class=\"wpb_wrapper\">\n\t\t\t<style type='text\/css' media='all'>#rt-tpg-container-1801229205 .rt-holder .rt-woo-info .price{color:#0367bf;}body .rt-tpg-container .rt-tpg-isotope-buttons .selected,\n\t\t\t\t\t#rt-tpg-container-1801229205 .layout12 .rt-holder:hover .rt-detail,\n\t\t\t\t\t#rt-tpg-container-1801229205 .isotope8 .rt-holder:hover .rt-detail,\n\t\t\t\t\t#rt-tpg-container-1801229205 .carousel8 .rt-holder:hover .rt-detail,\n\t\t\t\t\t#rt-tpg-container-1801229205 .layout13 .rt-holder .overlay .post-info,\n\t\t\t\t\t#rt-tpg-container-1801229205 .isotope9 .rt-holder .overlay .post-info,\n\t\t\t\t\t#rt-tpg-container-1801229205.rt-tpg-container .layout4 .rt-holder .rt-detail,\n\t\t\t\t\t.rt-modal-1801229205 .md-content,\n\t\t\t\t\t.rt-modal-1801229205 .md-content > .rt-md-content-holder .rt-md-content,\n\t\t\t\t\t.rt-popup-wrap-1801229205.rt-popup-wrap .rt-popup-navigation-wrap,\n\t\t\t\t\t#rt-tpg-container-1801229205 .carousel9 .rt-holder .overlay .post-info{background-color:#0367bf;}#rt-tpg-container-1801229205 .layout5 .rt-holder .overlay, #rt-tpg-container-1801229205 .isotope2 .rt-holder .overlay, #rt-tpg-container-1801229205 .carousel2 .rt-holder .overlay,#rt-tpg-container-1801229205 .layout15 .rt-holder h3, #rt-tpg-container-1801229205 .isotope11 .rt-holder h3, #rt-tpg-container-1801229205 .carousel11 .rt-holder h3, #rt-tpg-container-1801229205 .layout16 .rt-holder h3,\n\t\t\t\t\t#rt-tpg-container-1801229205 .isotope12 .rt-holder h3, #rt-tpg-container-1801229205 .carousel12 .rt-holder h3 {background-color:rgba(3,103,191,0.1);}#rt-tpg-container-1801229205 .read-more a{border-radius:4px;}#rt-tpg-container-1801229205 .rt-img-holder img.rt-img-responsive,#rt-tpg-container-1801229205 .rt-img-holder,\n\t\t\t\t\t#rt-tpg-container-1801229205 .rt-post-overlay .post-img,\n\t\t\t\t\t#rt-tpg-container-1801229205 .post-sm .post-img,\n\t\t\t\t\t#rt-tpg-container-1801229205 .rt-post-grid .post-img,\n\t\t\t\t\t#rt-tpg-container-1801229205 .post-img img {border-radius:px;}<\/style><div class='rt-container-fluid rt-tpg-container tpg-shortcode-main-wrapper' id='rt-tpg-container-1801229205'   data-layout='layout12' data-grid-style='even' data-desktop-col='3'  data-tab-col='2'  data-mobile-col='1' data-sc-id='2200'><div data-title='Loading ...' class='rt-row rt-content-loader   layout12 tpg-even'><div class=\"rt-col-md-4 rt-col-sm-6 rt-col-xs-12 even-grid-item rt-grid-item\" data-id=\"2268\"><div class=\"rt-holder\"><div class=\"rt-img-holder\"><a data-id='2268' class='' href='https:\/\/www.izhiq.org.al\/wp-content\/uploads\/2022\/10\/Handbook_Te-ndryshem-por-te-barabarte-3.pdf'><img loading=\"lazy\" decoding=\"async\" width=\"449\" height=\"631\" src=\"https:\/\/www.izhiq.org.al\/wp-content\/uploads\/2022\/10\/Capture.png\" class=\"rt-img-responsive\" alt=\"\" \/><\/a><\/div> <div class='rt-detail'><h3 class=\"entry-title\"><a data-id=\"2268\" class=\"\" href=\"https:\/\/www.izhiq.org.al\/wp-content\/uploads\/2022\/10\/Handbook_Te-ndryshem-por-te-barabarte-3.pdf\">T\u00eb ndrysh\u00ebm, por t\u00eb barabart\u00eb<\/a><\/h3><\/div><\/div><\/div><div class=\"rt-col-md-4 rt-col-sm-6 rt-col-xs-12 even-grid-item rt-grid-item\" data-id=\"2412\"><div class=\"rt-holder\"><div class=\"rt-img-holder\"><a data-id='2412' class='' href='https:\/\/www.izhiq.org.al\/wp-content\/uploads\/2023\/09\/Te-drejtat-pronesore-te-grave-ne-veri-te-Shqiperise.pdf'><img loading=\"lazy\" decoding=\"async\" width=\"600\" height=\"900\" src=\"https:\/\/www.izhiq.org.al\/wp-content\/uploads\/2023\/09\/Doracak.jpg\" class=\"rt-img-responsive\" alt=\"\" \/><\/a><\/div> <div class='rt-detail'><h3 class=\"entry-title\"><a data-id=\"2412\" class=\"\" href=\"https:\/\/www.izhiq.org.al\/wp-content\/uploads\/2023\/09\/Te-drejtat-pronesore-te-grave-ne-veri-te-Shqiperise.pdf\">T\u00eb drejtat pron\u00ebsore t\u00eb grave n\u00eb Veri t\u00eb Shqip\u00ebris\u00eb<\/a><\/h3><\/div><\/div><\/div><div class=\"rt-col-md-4 rt-col-sm-6 rt-col-xs-12 even-grid-item rt-grid-item\" data-id=\"1620\"><div class=\"rt-holder\"><div class=\"rt-img-holder\"><a data-id='1620' class='' href='https:\/\/www.izhiq.org.al\/wp-content\/uploads\/2021\/11\/BROSHURA-IZHIQ-UNICEF.pdf'><img loading=\"lazy\" decoding=\"async\" width=\"650\" height=\"910\" src=\"https:\/\/www.izhiq.org.al\/wp-content\/uploads\/2022\/05\/Copy-of-Femijet-dhe-ushqyerja-e-shendetshme.jpg\" class=\"rt-img-responsive\" alt=\"\" \/><\/a><\/div> <div class='rt-detail'><h3 class=\"entry-title\"><a data-id=\"1620\" class=\"\" href=\"https:\/\/www.izhiq.org.al\/wp-content\/uploads\/2021\/11\/BROSHURA-IZHIQ-UNICEF.pdf\">Rekomandime p\u00ebr nj\u00eb ushqyerje t\u00eb sh\u00ebndetshme<\/a><\/h3><\/div><\/div><\/div><\/div><div class='rt-pagination-wrap' data-total-pages='3' data-posts-per-page='3' data-type='pagination_ajax'  ><div class='rt-page-numbers'><\/div><\/div><\/div>\n\t\t<\/div>\n\t<\/div>\n<\/div><\/div><\/div><\/div>","protected":false},"excerpt":{"rendered":"BROSHURA, IZHIQ, UNICEF","protected":false},"author":1,"featured_media":0,"parent":0,"menu_order":0,"comment_status":"closed","ping_status":"closed","template":"","meta":{"_vp_format_video_url":"","_vp_image_focal_point":[],"footnotes":"","_links_to":"","_links_to_target":""},"class_list":["post-2189","page","type-page","status-publish","hentry"],"yoast_head":"<!-- This site is optimized with the Yoast SEO plugin v27.4 - https:\/\/yoast.com\/product\/yoast-seo-wordpress\/ -->\n<title>Raporte - Instituti per Zhvillim dhe Inisiativa Qytetare<\/title>\n<meta name=\"robots\" content=\"index, follow, max-snippet:-1, max-image-preview:large, max-video-preview:-1\" \/>\n<link rel=\"canonical\" href=\"https:\/\/www.izhiq.org.al\/en\/raporte\/\" \/>\n<meta property=\"og:locale\" content=\"en_US\" \/>\n<meta property=\"og:type\" content=\"article\" \/>\n<meta property=\"og:title\" content=\"Raporte - Instituti per Zhvillim dhe Inisiativa Qytetare\" \/>\n<meta property=\"og:url\" content=\"https:\/\/www.izhiq.org.al\/en\/raporte\/\" \/>\n<meta property=\"og:site_name\" content=\"Instituti per Zhvillim dhe Inisiativa Qytetare\" \/>\n<meta property=\"article:modified_time\" content=\"2022-05-15T20:54:43+00:00\" \/>\n<meta name=\"twitter:card\" content=\"summary_large_image\" \/>\n<meta name=\"twitter:label1\" content=\"Est. reading time\" \/>\n\t<meta name=\"twitter:data1\" content=\"1 minute\" \/>\n<script type=\"application\/ld+json\" class=\"yoast-schema-graph\">{\"@context\":\"https:\\\/\\\/schema.org\",\"@graph\":[{\"@type\":\"WebPage\",\"@id\":\"https:\\\/\\\/www.izhiq.org.al\\\/raporte\\\/\",\"url\":\"https:\\\/\\\/www.izhiq.org.al\\\/raporte\\\/\",\"name\":\"Raporte - Instituti per Zhvillim dhe Inisiativa Qytetare\",\"isPartOf\":{\"@id\":\"https:\\\/\\\/www.izhiq.org.al\\\/#website\"},\"datePublished\":\"2022-05-15T20:46:26+00:00\",\"dateModified\":\"2022-05-15T20:54:43+00:00\",\"breadcrumb\":{\"@id\":\"https:\\\/\\\/www.izhiq.org.al\\\/raporte\\\/#breadcrumb\"},\"inLanguage\":\"en-US\",\"potentialAction\":[{\"@type\":\"ReadAction\",\"target\":[\"https:\\\/\\\/www.izhiq.org.al\\\/raporte\\\/\"]}]},{\"@type\":\"BreadcrumbList\",\"@id\":\"https:\\\/\\\/www.izhiq.org.al\\\/raporte\\\/#breadcrumb\",\"itemListElement\":[{\"@type\":\"ListItem\",\"position\":1,\"name\":\"Home\",\"item\":\"https:\\\/\\\/www.izhiq.org.al\\\/\"},{\"@type\":\"ListItem\",\"position\":2,\"name\":\"Raporte\"}]},{\"@type\":\"WebSite\",\"@id\":\"https:\\\/\\\/www.izhiq.org.al\\\/#website\",\"url\":\"https:\\\/\\\/www.izhiq.org.al\\\/\",\"name\":\"Instituti per Zhvillim dhe Inisiativa Qytetare\",\"description\":\"Instituti per Zhvillim dhe Inisiativa Qytetare\",\"potentialAction\":[{\"@type\":\"SearchAction\",\"target\":{\"@type\":\"EntryPoint\",\"urlTemplate\":\"https:\\\/\\\/www.izhiq.org.al\\\/?s={search_term_string}\"},\"query-input\":{\"@type\":\"PropertyValueSpecification\",\"valueRequired\":true,\"valueName\":\"search_term_string\"}}],\"inLanguage\":\"en-US\"}]}<\/script>\n<!-- \/ Yoast SEO plugin. -->","yoast_head_json":{"title":"Raporte - Instituti per Zhvillim dhe Inisiativa Qytetare","robots":{"index":"index","follow":"follow","max-snippet":"max-snippet:-1","max-image-preview":"max-image-preview:large","max-video-preview":"max-video-preview:-1"},"canonical":"https:\/\/www.izhiq.org.al\/en\/raporte\/","og_locale":"en_US","og_type":"article","og_title":"Raporte - Instituti per Zhvillim dhe Inisiativa Qytetare","og_url":"https:\/\/www.izhiq.org.al\/en\/raporte\/","og_site_name":"Instituti per Zhvillim dhe Inisiativa Qytetare","article_modified_time":"2022-05-15T20:54:43+00:00","twitter_card":"summary_large_image","twitter_misc":{"Est. reading time":"1 minute"},"schema":{"@context":"https:\/\/schema.org","@graph":[{"@type":"WebPage","@id":"https:\/\/www.izhiq.org.al\/raporte\/","url":"https:\/\/www.izhiq.org.al\/raporte\/","name":"Raporte - Instituti per Zhvillim dhe Inisiativa Qytetare","isPartOf":{"@id":"https:\/\/www.izhiq.org.al\/#website"},"datePublished":"2022-05-15T20:46:26+00:00","dateModified":"2022-05-15T20:54:43+00:00","breadcrumb":{"@id":"https:\/\/www.izhiq.org.al\/raporte\/#breadcrumb"},"inLanguage":"en-US","potentialAction":[{"@type":"ReadAction","target":["https:\/\/www.izhiq.org.al\/raporte\/"]}]},{"@type":"BreadcrumbList","@id":"https:\/\/www.izhiq.org.al\/raporte\/#breadcrumb","itemListElement":[{"@type":"ListItem","position":1,"name":"Home","item":"https:\/\/www.izhiq.org.al\/"},{"@type":"ListItem","position":2,"name":"Raporte"}]},{"@type":"WebSite","@id":"https:\/\/www.izhiq.org.al\/#website","url":"https:\/\/www.izhiq.org.al\/","name":"Instituti per Zhvillim dhe Inisiativa Qytetare","description":"Instituti per Zhvillim dhe Inisiativa Qytetare","potentialAction":[{"@type":"SearchAction","target":{"@type":"EntryPoint","urlTemplate":"https:\/\/www.izhiq.org.al\/?s={search_term_string}"},"query-input":{"@type":"PropertyValueSpecification","valueRequired":true,"valueName":"search_term_string"}}],"inLanguage":"en-US"}]}},"rttpg_featured_image_url":null,"rttpg_author":{"display_name":"izhiqytetare_10ociur3","author_link":"https:\/\/www.izhiq.org.al\/en\/author\/izhiqytetare_10ociur3\/"},"rttpg_comment":0,"rttpg_category":"","rttpg_excerpt":null,"_links":{"self":[{"href":"https:\/\/www.izhiq.org.al\/en\/wp-json\/wp\/v2\/pages\/2189","targetHints":{"allow":["GET"]}}],"collection":[{"href":"https:\/\/www.izhiq.org.al\/en\/wp-json\/wp\/v2\/pages"}],"about":[{"href":"https:\/\/www.izhiq.org.al\/en\/wp-json\/wp\/v2\/types\/page"}],"author":[{"embeddable":true,"href":"https:\/\/www.izhiq.org.al\/en\/wp-json\/wp\/v2\/users\/1"}],"replies":[{"embeddable":true,"href":"https:\/\/www.izhiq.org.al\/en\/wp-json\/wp\/v2\/comments?post=2189"}],"version-history":[{"count":10,"href":"https:\/\/www.izhiq.org.al\/en\/wp-json\/wp\/v2\/pages\/2189\/revisions"}],"predecessor-version":[{"id":2201,"href":"https:\/\/www.izhiq.org.al\/en\/wp-json\/wp\/v2\/pages\/2189\/revisions\/2201"}],"wp:attachment":[{"href":"https:\/\/www.izhiq.org.al\/en\/wp-json\/wp\/v2\/media?parent=2189"}],"curies":[{"name":"wp","href":"https:\/\/api.w.org\/{rel}","templated":true}]}}