{"id":29,"date":"2016-12-02T12:00:33","date_gmt":"2016-12-02T12:00:33","guid":{"rendered":"http:\/\/www.49themes.com\/demos\/charitywpnew\/?page_id=29"},"modified":"2022-02-12T13:07:46","modified_gmt":"2022-02-12T13:07:46","slug":"na-kontaktoni","status":"publish","type":"page","link":"https:\/\/www.izhiq.org.al\/en\/na-kontaktoni\/","title":{"rendered":"Contact us"},"content":{"rendered":"<div class=\"vc_row wpb_row vc_row-fluid\"><div class=\"margin-padding-both wpb_column vc_column_container vc_col-sm-8\"><div class=\"vc_column-inner\"><div class=\"wpb_wrapper\">\n\t<div class=\"custom-heading wpb_content_element\">\n\t\t<h2 class=\"heading-title\" > Send us an email<\/h2><\/div>\n<div class=\"wpcf7 no-js\" id=\"wpcf7-f184-o1\" lang=\"en-US\" dir=\"ltr\" data-wpcf7-id=\"184\">\n<div class=\"screen-reader-response\"><p role=\"status\" aria-live=\"polite\" aria-atomic=\"true\"><\/p> <ul><\/ul><\/div>\n<form action=\"\/en\/wp-json\/wp\/v2\/pages\/29#wpcf7-f184-o1\" method=\"post\" class=\"wpcf7-form init\" aria-label=\"Contact form\" novalidate=\"novalidate\" data-status=\"init\" data-trp-original-action=\"\/en\/wp-json\/wp\/v2\/pages\/29#wpcf7-f184-o1\">\n<fieldset class=\"hidden-fields-container\"><input type=\"hidden\" name=\"_wpcf7\" value=\"184\" \/><input type=\"hidden\" name=\"_wpcf7_version\" value=\"6.1.5\" \/><input type=\"hidden\" name=\"_wpcf7_locale\" value=\"en_US\" \/><input type=\"hidden\" name=\"_wpcf7_unit_tag\" value=\"wpcf7-f184-o1\" \/><input type=\"hidden\" name=\"_wpcf7_container_post\" value=\"0\" \/><input type=\"hidden\" name=\"_wpcf7_posted_data_hash\" value=\"\" \/>\n<\/fieldset>\n<div id=\"contact-form\"  role=\"form\">\n\t<div class=\"messages\">\n\t<\/div>\n\t<div class=\"row\">\n\t\t<div class=\"col-md-6\">\n\t\t\t<div class=\"form-group\">\n\t\t\t\t<p><label> Your Name <\/label><br \/>\n<span class=\"wpcf7-form-control-wrap\" data-name=\"your-name\"><input size=\"40\" maxlength=\"400\" class=\"wpcf7-form-control wpcf7-text form-control\" aria-invalid=\"false\" value=\"\" type=\"text\" name=\"your-name\" \/><\/span>\n\t\t\t\t<\/p>\n\t\t\t\t<div class=\"help-block with-errors\">\n\t\t\t\t<\/div>\n\t\t\t<\/div>\n\t\t<\/div>\n\t\t<div class=\"col-md-6\">\n\t\t\t<div class=\"form-group\">\n\t\t\t\t<p><label> Your Email<\/label><br \/>\n<span class=\"wpcf7-form-control-wrap\" data-name=\"your-email\"><input size=\"40\" maxlength=\"400\" class=\"wpcf7-form-control wpcf7-email wpcf7-text wpcf7-validates-as-email form-control\" aria-invalid=\"false\" value=\"\" type=\"email\" name=\"your-email\" \/><\/span>\n\t\t\t\t<\/p>\n\t\t\t<\/div>\n\t\t<\/div>\n\t<\/div>\n\t<div class=\"row\">\n\t\t<div class=\"col-md-12\">\n\t\t\t<div class=\"form-group\">\n\t\t\t\t<p><label> Subject <\/label><br \/>\n<span class=\"wpcf7-form-control-wrap\" data-name=\"your-subject\"><input size=\"40\" maxlength=\"400\" class=\"wpcf7-form-control wpcf7-text form-control\" aria-invalid=\"false\" value=\"\" type=\"text\" name=\"your-subject\" \/><\/span>\n\t\t\t\t<\/p>\n\t\t\t<\/div>\n\t\t<\/div>\n\t<\/div>\n\t<div class=\"row\">\n\t\t<div class=\"col-md-12\">\n\t\t\t<div class=\"form-group\">\n\t\t\t\t<p><label> Message <\/label><br \/>\n<span class=\"wpcf7-form-control-wrap\" data-name=\"your-message\"><textarea cols=\"40\" rows=\"10\" maxlength=\"2000\" class=\"wpcf7-form-control wpcf7-textarea form-control\" aria-invalid=\"false\" name=\"your-message\"><\/textarea><\/span>\n\t\t\t\t<\/p>\n\t\t\t<\/div>\n\t\t<\/div>\n\t\t<div class=\"col-md-12\">\n\t\t\t<p><input class=\"wpcf7-form-control wpcf7-submit has-spinner btn btn-send donate_btn\" type=\"submit\" value=\"Submit now\" \/>\n\t\t\t<\/p>\n\t\t<\/div>\n\t<\/div>\n<\/div><div class=\"wpcf7-response-output\" aria-hidden=\"true\"><\/div>\n<input type=\"hidden\" name=\"trp-form-language\" value=\"en\"\/><\/form>\n<\/div>\n<\/div><\/div><\/div><div class=\"margin-padding-both wpb_column vc_column_container vc_col-sm-4\"><div class=\"vc_column-inner\"><div class=\"wpb_wrapper\">\n\t<div class=\"custom-heading wpb_content_element contact_info\">\n\t\t<h2 class=\"heading-title\" > Our address<\/h2><\/div>\n\t<div class=\"wpb_text_column wpb_content_element  wpb_animate_when_almost_visible wpb_flipInX flipInX\" >\n\t\t<div class=\"wpb_wrapper\">\n\t\t\t<div class=\"contact_info awsm-pad-ends\">\n<ul>\n<li>\n<h4>Tirana<\/h4>\n<p class=\"add_p\">56, Rruga Bigada VIII<\/p>\n<p><strong>Email :<\/strong> info@izhiq.org.al<\/li>\n<\/ul>\n<\/div>\n\n\t\t<\/div>\n\t<\/div>\n<\/div><\/div><\/div><\/div><div data-vc-full-width=\"true\" data-vc-full-width-init=\"false\" data-vc-stretch-content=\"true\" class=\"vc_row wpb_row vc_row-fluid vc_custom_1483267185670 vc_row-has-fill vc_row-no-padding\"><div class=\"wpb_column vc_column_container vc_col-sm-12\"><div class=\"vc_column-inner\"><div class=\"wpb_wrapper\"><div class=\"vc_empty_space\"   style=\"height: 100px\"><span class=\"vc_empty_space_inner\"><\/span><\/div><div class=\"wpb_gmaps_widget wpb_content_element\"><div class=\"wpb_wrapper\"><div class=\"wpb_map_wraper\"><iframe src=\"https:\/\/www.google.com\/maps\/embed?pb=!1m18!1m12!1m3!1d749.0939258703227!2d19.816513829224313!3d41.322443005881574!2m3!1f0!2f0!3f0!3m2!1i1024!2i768!4f13.1!3m3!1m2!1s0x1350311fc05068f3%3A0x293ff97e6c268862!2sVier%20Creative!5e0!3m2!1sen!2s!4v1633616696930!5m2!1sen!2s\" width=\"600\" height=\"295\" style=\"border:0;\" allowfullscreen=\"\" loading=\"lazy\"><\/iframe><\/div><\/div><\/div><\/div><\/div><\/div><\/div><div class=\"vc_row-full-width vc_clearfix\"><\/div>","protected":false},"excerpt":{"rendered":"Na d\u00ebrgoni email Your Name Your Email Subject Message Adresa jon\u00eb Tiran\u00eb 56, Rruga Bigada VIII Email : info@izhiq.org.al","protected":false},"author":1,"featured_media":0,"parent":0,"menu_order":0,"comment_status":"closed","ping_status":"closed","template":"","meta":{"_vp_format_video_url":"","_vp_image_focal_point":[],"footnotes":"","_links_to":"","_links_to_target":""},"class_list":["post-29","page","type-page","status-publish","hentry"],"yoast_head":"<!-- This site is optimized with the Yoast SEO plugin v27.4 - https:\/\/yoast.com\/product\/yoast-seo-wordpress\/ -->\n<title>Na kontaktoni - Instituti per Zhvillim dhe Inisiativa Qytetare<\/title>\n<meta name=\"robots\" content=\"index, follow, max-snippet:-1, max-image-preview:large, max-video-preview:-1\" \/>\n<link rel=\"canonical\" href=\"https:\/\/www.izhiq.org.al\/en\/na-kontaktoni\/\" \/>\n<meta property=\"og:locale\" content=\"en_US\" \/>\n<meta property=\"og:type\" content=\"article\" \/>\n<meta property=\"og:title\" content=\"Na kontaktoni - Instituti per Zhvillim dhe Inisiativa Qytetare\" \/>\n<meta property=\"og:url\" content=\"https:\/\/www.izhiq.org.al\/en\/na-kontaktoni\/\" \/>\n<meta property=\"og:site_name\" content=\"Instituti per Zhvillim dhe Inisiativa Qytetare\" \/>\n<meta property=\"article:modified_time\" content=\"2022-02-12T13:07:46+00:00\" \/>\n<meta name=\"twitter:card\" content=\"summary_large_image\" \/>\n<meta name=\"twitter:label1\" content=\"Est. reading time\" \/>\n\t<meta name=\"twitter:data1\" content=\"1 minute\" \/>\n<script type=\"application\/ld+json\" class=\"yoast-schema-graph\">{\"@context\":\"https:\\\/\\\/schema.org\",\"@graph\":[{\"@type\":\"WebPage\",\"@id\":\"https:\\\/\\\/www.izhiq.org.al\\\/na-kontaktoni\\\/\",\"url\":\"https:\\\/\\\/www.izhiq.org.al\\\/na-kontaktoni\\\/\",\"name\":\"Na kontaktoni - Instituti per Zhvillim dhe Inisiativa Qytetare\",\"isPartOf\":{\"@id\":\"https:\\\/\\\/www.izhiq.org.al\\\/#website\"},\"datePublished\":\"2016-12-02T12:00:33+00:00\",\"dateModified\":\"2022-02-12T13:07:46+00:00\",\"breadcrumb\":{\"@id\":\"https:\\\/\\\/www.izhiq.org.al\\\/na-kontaktoni\\\/#breadcrumb\"},\"inLanguage\":\"en-US\",\"potentialAction\":[{\"@type\":\"ReadAction\",\"target\":[\"https:\\\/\\\/www.izhiq.org.al\\\/na-kontaktoni\\\/\"]}]},{\"@type\":\"BreadcrumbList\",\"@id\":\"https:\\\/\\\/www.izhiq.org.al\\\/na-kontaktoni\\\/#breadcrumb\",\"itemListElement\":[{\"@type\":\"ListItem\",\"position\":1,\"name\":\"Home\",\"item\":\"https:\\\/\\\/www.izhiq.org.al\\\/\"},{\"@type\":\"ListItem\",\"position\":2,\"name\":\"Na kontaktoni\"}]},{\"@type\":\"WebSite\",\"@id\":\"https:\\\/\\\/www.izhiq.org.al\\\/#website\",\"url\":\"https:\\\/\\\/www.izhiq.org.al\\\/\",\"name\":\"Instituti per Zhvillim dhe Inisiativa Qytetare\",\"description\":\"Instituti per Zhvillim dhe Inisiativa Qytetare\",\"potentialAction\":[{\"@type\":\"SearchAction\",\"target\":{\"@type\":\"EntryPoint\",\"urlTemplate\":\"https:\\\/\\\/www.izhiq.org.al\\\/?s={search_term_string}\"},\"query-input\":{\"@type\":\"PropertyValueSpecification\",\"valueRequired\":true,\"valueName\":\"search_term_string\"}}],\"inLanguage\":\"en-US\"}]}<\/script>\n<!-- \/ Yoast SEO plugin. -->","yoast_head_json":{"title":"Na kontaktoni - Instituti per Zhvillim dhe Inisiativa Qytetare","robots":{"index":"index","follow":"follow","max-snippet":"max-snippet:-1","max-image-preview":"max-image-preview:large","max-video-preview":"max-video-preview:-1"},"canonical":"https:\/\/www.izhiq.org.al\/en\/na-kontaktoni\/","og_locale":"en_US","og_type":"article","og_title":"Na kontaktoni - Instituti per Zhvillim dhe Inisiativa Qytetare","og_url":"https:\/\/www.izhiq.org.al\/en\/na-kontaktoni\/","og_site_name":"Instituti per Zhvillim dhe Inisiativa Qytetare","article_modified_time":"2022-02-12T13:07:46+00:00","twitter_card":"summary_large_image","twitter_misc":{"Est. reading time":"1 minute"},"schema":{"@context":"https:\/\/schema.org","@graph":[{"@type":"WebPage","@id":"https:\/\/www.izhiq.org.al\/na-kontaktoni\/","url":"https:\/\/www.izhiq.org.al\/na-kontaktoni\/","name":"Na kontaktoni - Instituti per Zhvillim dhe Inisiativa Qytetare","isPartOf":{"@id":"https:\/\/www.izhiq.org.al\/#website"},"datePublished":"2016-12-02T12:00:33+00:00","dateModified":"2022-02-12T13:07:46+00:00","breadcrumb":{"@id":"https:\/\/www.izhiq.org.al\/na-kontaktoni\/#breadcrumb"},"inLanguage":"en-US","potentialAction":[{"@type":"ReadAction","target":["https:\/\/www.izhiq.org.al\/na-kontaktoni\/"]}]},{"@type":"BreadcrumbList","@id":"https:\/\/www.izhiq.org.al\/na-kontaktoni\/#breadcrumb","itemListElement":[{"@type":"ListItem","position":1,"name":"Home","item":"https:\/\/www.izhiq.org.al\/"},{"@type":"ListItem","position":2,"name":"Na kontaktoni"}]},{"@type":"WebSite","@id":"https:\/\/www.izhiq.org.al\/#website","url":"https:\/\/www.izhiq.org.al\/","name":"Instituti per Zhvillim dhe Inisiativa Qytetare","description":"Instituti per Zhvillim dhe Inisiativa Qytetare","potentialAction":[{"@type":"SearchAction","target":{"@type":"EntryPoint","urlTemplate":"https:\/\/www.izhiq.org.al\/?s={search_term_string}"},"query-input":{"@type":"PropertyValueSpecification","valueRequired":true,"valueName":"search_term_string"}}],"inLanguage":"en-US"}]}},"rttpg_featured_image_url":null,"rttpg_author":{"display_name":"izhiqytetare_10ociur3","author_link":"https:\/\/www.izhiq.org.al\/en\/author\/izhiqytetare_10ociur3\/"},"rttpg_comment":0,"rttpg_category":null,"rttpg_excerpt":null,"_links":{"self":[{"href":"https:\/\/www.izhiq.org.al\/en\/wp-json\/wp\/v2\/pages\/29","targetHints":{"allow":["GET"]}}],"collection":[{"href":"https:\/\/www.izhiq.org.al\/en\/wp-json\/wp\/v2\/pages"}],"about":[{"href":"https:\/\/www.izhiq.org.al\/en\/wp-json\/wp\/v2\/types\/page"}],"author":[{"embeddable":true,"href":"https:\/\/www.izhiq.org.al\/en\/wp-json\/wp\/v2\/users\/1"}],"replies":[{"embeddable":true,"href":"https:\/\/www.izhiq.org.al\/en\/wp-json\/wp\/v2\/comments?post=29"}],"version-history":[{"count":8,"href":"https:\/\/www.izhiq.org.al\/en\/wp-json\/wp\/v2\/pages\/29\/revisions"}],"predecessor-version":[{"id":1789,"href":"https:\/\/www.izhiq.org.al\/en\/wp-json\/wp\/v2\/pages\/29\/revisions\/1789"}],"wp:attachment":[{"href":"https:\/\/www.izhiq.org.al\/en\/wp-json\/wp\/v2\/media?parent=29"}],"curies":[{"name":"wp","href":"https:\/\/api.w.org\/{rel}","templated":true}]}}